{"id":70,"date":"2020-12-20T22:50:31","date_gmt":"2020-12-20T20:50:31","guid":{"rendered":"https:\/\/vilniuschess659064488.wordpress.com\/?page_id=70"},"modified":"2023-03-24T00:26:52","modified_gmt":"2023-03-24T00:26:52","slug":"activity","status":"publish","type":"page","link":"https:\/\/vilniuschess.lt\/lt\/activity\/","title":{"rendered":"Veikla"},"content":{"rendered":"\n<p>Vilniaus \u0161achmat\u0173 klubas vienija \u012fvairi\u0173 tautybi\u0173, am\u017eiaus ir specialybi\u0173 atstovus, kuri\u0173 bendras pom\u0117gis ir aistra yra <strong>\u0161achmatai<\/strong>.<\/p>\n\n\n\n<p>Klubo nariai yra sureng\u0119 \u0161imtus \u012fvairaus formato \u0161achmat\u0173 turnyr\u0173 Vilniaus kavin\u0117se, Bernardin\u0173 sode, Druskininkuose, Lietuvos Respublikos Seime ir t. t. Juose dalyvauti maloniai kvie\u010diami visi norintieji, nepriklausomai nuo am\u017eiaus, tautyb\u0117s, religijos, lyties, i\u0161silavinimo ar politini\u0173 pa\u017ei\u016br\u0173.<\/p>\n\n\n\n<p>\u010cia sutiksi pensinink\u0105, verslinink\u0105, dailinink\u0105 ar Seimo nar\u012f, vilniet\u012f ar u\u017esieniet\u012f \u2013 visi lyg\u016bs ir vienodai laukiami! M\u016bs\u0173 renginiuose vyrauja draugi\u0161ka, \u0161ilta ir pagarbi atmosfera. Vienintelis reikalavimas \u2013 nor\u0117ti \u017eaisti ir \u017einoti fig\u016br\u0173 \u0117jimus.<\/p>\n\n\n\n<p>Esant poreikiui organizuojame arba padedame surengti ir u\u017edarus, skirtus u\u017esakovo organizacijos personalui ar klientams, turnyrus.<\/p>\n\n\n\n<p>Pertrauk\u0117li\u0173 metu u\u017emezgamos \u012fdomios pa\u017eintys, u\u017everda diskusijos \u012fvairiausiomis temomis. Gal pasirodys keista, bet da\u017eniausiai rezultatas ir vieta turnyrin\u0117je lentel\u0117je lieka antraeiliu dalyku! O po turnyr\u0173 neretai pasiliekama maloniam bendravimui iki v\u0117lumos.<\/p>\n\n\n\n<p>Klubo logotipe nurodyta data \u2013 <strong>1887 m<\/strong>. \u2013 \u017eymi pirmojo \u0161achmat\u0173 b\u016brelio Vilniuje \u012fk\u016brim\u0105, o Vilniaus \u0161achmat\u0173 klubas yra \u0161io b\u016brelio veiklos t\u0119s\u0117jas.<\/p>\n\n\n\n<p><a href=\"https:\/\/vilniuschess.lt\/wp-content\/uploads\/2020\/12\/vsk-istatai.pdf\">KLUBO \u012eSTATAI<\/a><\/p>\n","protected":false},"excerpt":{"rendered":"<p>Vilniaus \u0161achmat\u0173 klubas vienija \u012fvairi\u0173 tautybi\u0173, am\u017eiaus ir specialybi\u0173 atstovus, kuri\u0173 bendras pom\u0117gis ir aistra yra \u0161achmatai. Klubo nariai yra sureng\u0119 \u0161imtus \u012fvairaus formato \u0161achmat\u0173 turnyr\u0173 Vilniaus kavin\u0117se, Bernardin\u0173 sode, Druskininkuose, Lietuvos Respublikos Seime ir t. t. Juose dalyvauti maloniai kvie\u010diami visi norintieji, nepriklausomai nuo am\u017eiaus, tautyb\u0117s, religijos, lyties, i\u0161silavinimo ar politini\u0173 pa\u017ei\u016br\u0173. \u010cia sutiksi<a class=\"more-link\" href=\"https:\/\/vilniuschess.lt\/lt\/activity\/\">Continue reading <span class=\"screen-reader-text\">&#8222;Veikla&#8221;<\/span><\/a><\/p>\n","protected":false},"author":1,"featured_media":0,"parent":0,"menu_order":0,"comment_status":"closed","ping_status":"closed","template":"","meta":{"_mi_skip_tracking":false,"_monsterinsights_sitenote_active":false,"_monsterinsights_sitenote_note":"","_monsterinsights_sitenote_category":0,"_starter_page_template":"","_wpcom_template_layout_category":[],"footnotes":""},"class_list":["post-70","page","type-page","status-publish","hentry","entry"],"aioseo_notices":[],"_links":{"self":[{"href":"https:\/\/vilniuschess.lt\/lt\/wp-json\/wp\/v2\/pages\/70"}],"collection":[{"href":"https:\/\/vilniuschess.lt\/lt\/wp-json\/wp\/v2\/pages"}],"about":[{"href":"https:\/\/vilniuschess.lt\/lt\/wp-json\/wp\/v2\/types\/page"}],"author":[{"embeddable":true,"href":"https:\/\/vilniuschess.lt\/lt\/wp-json\/wp\/v2\/users\/1"}],"replies":[{"embeddable":true,"href":"https:\/\/vilniuschess.lt\/lt\/wp-json\/wp\/v2\/comments?post=70"}],"version-history":[{"count":4,"href":"https:\/\/vilniuschess.lt\/lt\/wp-json\/wp\/v2\/pages\/70\/revisions"}],"predecessor-version":[{"id":2775,"href":"https:\/\/vilniuschess.lt\/lt\/wp-json\/wp\/v2\/pages\/70\/revisions\/2775"}],"wp:attachment":[{"href":"https:\/\/vilniuschess.lt\/lt\/wp-json\/wp\/v2\/media?parent=70"}],"curies":[{"name":"wp","href":"https:\/\/api.w.org\/{rel}","templated":true}]}}