{"id":507,"date":"2021-01-08T13:34:43","date_gmt":"2021-01-08T13:34:43","guid":{"rendered":"https:\/\/vilniuschess.lt\/?page_id=507"},"modified":"2023-11-02T00:19:54","modified_gmt":"2023-11-02T00:19:54","slug":"teams-2017","status":"publish","type":"page","link":"https:\/\/vilniuschess.lt\/lt\/teams-2017\/","title":{"rendered":"Komandos \u2013 2017"},"content":{"rendered":"\n<p class=\"has-text-align-center\"><strong>Pasirinkite metus:<\/strong> <a href=\"https:\/\/vilniuschess.lt\/teams-2023\/\">2023<\/a>\u00a0\u2013 <a href=\"https:\/\/vilniuschess.lt\/teams-2022\/\">2022<\/a> \u2013 <a href=\"\/teams-2021\">2021<\/a> \u2013 <a href=\"\/teams-2020\">2020<\/a> \u2013 <a href=\"\/teams-2019\">2019<\/a> \u2013 <a href=\"\/teams-2018\">2018<\/a> \u2013 <strong>2017<\/strong><\/p>\n\n\n\n<figure class=\"wp-block-table\"><table><tbody><tr><th>Var\u017eybos<\/th><th>Komanda<\/th><th>Vieta<\/th><\/tr><tr><td><strong>Lietuvos \u0161achmat\u0173 lyga<\/strong><\/td><td><details>\n<summary>Pasak\u0173 parkas \u2013 V\u0160K<\/summary>\n<ol>\n \t<li>Vaidotas Valantiejus<\/li>\n \t<li>Romas Ruk\u0161\u0117nas<\/li>\n \t<li>Syrym Shalabayev<\/li>\n \t<li>Valdas Di\u010di\u016bnas<\/li>\n \t<li>Vadim Voronov<\/li>\n \t<li>Boris Feofanov<\/li>\n \t<li>Olegas Dobrovolskis<\/li>\n \t<li>Vidmantas Matulaitis<\/li>\n<\/ol>\n<\/details><\/td><td>7 vieta<\/td><\/tr><\/tbody><\/table><\/figure>\n","protected":false},"excerpt":{"rendered":"<p>Pasirinkite metus: 2023\u00a0\u2013 2022 \u2013 2021 \u2013 2020 \u2013 2019 \u2013 2018 \u2013 2017 Var\u017eybos Komanda Vieta Lietuvos \u0161achmat\u0173 lyga Pasak\u0173 parkas \u2013 V\u0160K Vaidotas Valantiejus Romas Ruk\u0161\u0117nas Syrym Shalabayev Valdas Di\u010di\u016bnas Vadim Voronov Boris Feofanov Olegas Dobrovolskis Vidmantas Matulaitis 7 vieta<\/p>\n","protected":false},"author":1,"featured_media":0,"parent":0,"menu_order":0,"comment_status":"closed","ping_status":"closed","template":"","meta":{"_mi_skip_tracking":false,"_monsterinsights_sitenote_active":false,"_monsterinsights_sitenote_note":"","_monsterinsights_sitenote_category":0,"_starter_page_template":"blank","_wpcom_template_layout_category":[],"footnotes":""},"class_list":["post-507","page","type-page","status-publish","hentry","entry"],"aioseo_notices":[],"_links":{"self":[{"href":"https:\/\/vilniuschess.lt\/lt\/wp-json\/wp\/v2\/pages\/507"}],"collection":[{"href":"https:\/\/vilniuschess.lt\/lt\/wp-json\/wp\/v2\/pages"}],"about":[{"href":"https:\/\/vilniuschess.lt\/lt\/wp-json\/wp\/v2\/types\/page"}],"author":[{"embeddable":true,"href":"https:\/\/vilniuschess.lt\/lt\/wp-json\/wp\/v2\/users\/1"}],"replies":[{"embeddable":true,"href":"https:\/\/vilniuschess.lt\/lt\/wp-json\/wp\/v2\/comments?post=507"}],"version-history":[{"count":6,"href":"https:\/\/vilniuschess.lt\/lt\/wp-json\/wp\/v2\/pages\/507\/revisions"}],"predecessor-version":[{"id":1288,"href":"https:\/\/vilniuschess.lt\/lt\/wp-json\/wp\/v2\/pages\/507\/revisions\/1288"}],"wp:attachment":[{"href":"https:\/\/vilniuschess.lt\/lt\/wp-json\/wp\/v2\/media?parent=507"}],"curies":[{"name":"wp","href":"https:\/\/api.w.org\/{rel}","templated":true}]}}