{"id":505,"date":"2021-01-08T13:33:26","date_gmt":"2021-01-08T13:33:26","guid":{"rendered":"https:\/\/vilniuschess.lt\/?page_id=505"},"modified":"2023-11-02T00:19:30","modified_gmt":"2023-11-02T00:19:30","slug":"teams-2018","status":"publish","type":"page","link":"https:\/\/vilniuschess.lt\/lt\/teams-2018\/","title":{"rendered":"Komandos \u2013 2018"},"content":{"rendered":"\n<p class=\"has-text-align-center\"><strong>Pasirinkite metus:<\/strong> <a href=\"https:\/\/vilniuschess.lt\/teams-2023\/\">2023<\/a>\u00a0\u2013 <a href=\"https:\/\/vilniuschess.lt\/teams-2022\/\">2022<\/a> \u2013 <a href=\"\/teams-2021\">2021<\/a> \u2013 <a href=\"\/teams-2020\">2020<\/a> \u2013\u00a0<a href=\"\/teams-2019\">2019<\/a> \u2013\u00a0<strong>2018<\/strong> \u2013 <a href=\"\/teams-2017\">2017<\/a><\/p>\n\n\n\n<figure class=\"wp-block-table\"><table><tbody><tr><th>Var\u017eybos<\/th><th>Komanda<\/th><th>Vieta<\/th><\/tr><tr><td><strong>Lietuvos \u0161achmat\u0173 lyga<\/strong><\/td><td><details>\n<summary>Pasak\u0173 parkas 1 \u2013 V\u0160K<\/summary>\n<ol>\n \t<li>IM K\u0119stutis Labeckas<\/li>\n \t<li>Vaidotas Valantiejus<\/li>\n \t<li>Romas Ruk\u0161\u0117nas<\/li>\n \t<li>Gintautas Bagd\u017eius<\/li>\n \t<li>Aleksandr Isakov<\/li>\n \t<li>Andrius Paulauskas<\/li>\n \t<li>Valdas Di\u010di\u016bnas<\/li>\n \t<li>Syrym Shalabayev<\/li>\n \t<li>Vadim Voronov<\/li>\n<\/ol>\n<\/details><\/td><td>11 vieta<\/td><\/tr><tr><td><strong>Lietuvos \u0161achmat\u0173 lyga<\/strong><\/td><td><details>\n<summary>Pasak\u0173 parkas 2 \u2013 V\u0160K<\/summary>\n<ol>\n \t<li>Matas Indri\u016bnas<\/li>\n \t<li>Nerijus Vasiliauskas<\/li>\n \t<li>Mantas Pilipuitis<\/li>\n \t<li>Rokas Bandza<\/li>\n \t<li>Boris Feofanov<\/li>\n \t<li>Berelis Vainermanas<\/li>\n \t<li>Mikhail Ziuzin<\/li>\n \t<li>Fiodar Ziuzin<\/li>\n \t<li>Titas Bla\u017eys<\/li>\n<\/ol>\n<\/details><\/td><td>13 vieta<\/td><\/tr><tr><td><strong>Lietuvos moter\u0173 \u0161achmat\u0173 lyga<\/strong><\/td><td><details>\n<summary>V\u0160K<\/summary>\n<ol>\n \t<li>WFM Vesta Kasput\u0117<\/li>\n \t<li>Rita Zykien\u0117<\/li>\n \t<li>Marina Mali\u0161auskien\u0117<\/li>\n<\/ol>\n<\/details><\/td><td>4 vieta<\/td><\/tr><\/tbody><\/table><\/figure>\n","protected":false},"excerpt":{"rendered":"<p>Pasirinkite metus: 2023\u00a0\u2013 2022 \u2013 2021 \u2013 2020 \u2013\u00a02019 \u2013\u00a02018 \u2013 2017 Var\u017eybos Komanda Vieta Lietuvos \u0161achmat\u0173 lyga Pasak\u0173 parkas 1 \u2013 V\u0160K IM K\u0119stutis Labeckas Vaidotas Valantiejus Romas Ruk\u0161\u0117nas Gintautas Bagd\u017eius Aleksandr Isakov Andrius Paulauskas Valdas Di\u010di\u016bnas Syrym Shalabayev Vadim Voronov 11 vieta Lietuvos \u0161achmat\u0173 lyga Pasak\u0173 parkas 2 \u2013 V\u0160K Matas Indri\u016bnas Nerijus<a class=\"more-link\" href=\"https:\/\/vilniuschess.lt\/lt\/teams-2018\/\">Continue reading <span class=\"screen-reader-text\">&#8222;Komandos \u2013 2018&#8221;<\/span><\/a><\/p>\n","protected":false},"author":1,"featured_media":0,"parent":0,"menu_order":0,"comment_status":"closed","ping_status":"closed","template":"","meta":{"_mi_skip_tracking":false,"_monsterinsights_sitenote_active":false,"_monsterinsights_sitenote_note":"","_monsterinsights_sitenote_category":0,"_starter_page_template":"blank","_wpcom_template_layout_category":[],"footnotes":""},"class_list":["post-505","page","type-page","status-publish","hentry","entry"],"aioseo_notices":[],"_links":{"self":[{"href":"https:\/\/vilniuschess.lt\/lt\/wp-json\/wp\/v2\/pages\/505"}],"collection":[{"href":"https:\/\/vilniuschess.lt\/lt\/wp-json\/wp\/v2\/pages"}],"about":[{"href":"https:\/\/vilniuschess.lt\/lt\/wp-json\/wp\/v2\/types\/page"}],"author":[{"embeddable":true,"href":"https:\/\/vilniuschess.lt\/lt\/wp-json\/wp\/v2\/users\/1"}],"replies":[{"embeddable":true,"href":"https:\/\/vilniuschess.lt\/lt\/wp-json\/wp\/v2\/comments?post=505"}],"version-history":[{"count":6,"href":"https:\/\/vilniuschess.lt\/lt\/wp-json\/wp\/v2\/pages\/505\/revisions"}],"predecessor-version":[{"id":1287,"href":"https:\/\/vilniuschess.lt\/lt\/wp-json\/wp\/v2\/pages\/505\/revisions\/1287"}],"wp:attachment":[{"href":"https:\/\/vilniuschess.lt\/lt\/wp-json\/wp\/v2\/media?parent=505"}],"curies":[{"name":"wp","href":"https:\/\/api.w.org\/{rel}","templated":true}]}}