{"id":501,"date":"2021-01-08T13:12:30","date_gmt":"2021-01-08T13:12:30","guid":{"rendered":"https:\/\/vilniuschess.lt\/?page_id=501"},"modified":"2023-11-02T00:18:28","modified_gmt":"2023-11-02T00:18:28","slug":"teams-2020","status":"publish","type":"page","link":"https:\/\/vilniuschess.lt\/lt\/teams-2020\/","title":{"rendered":"Komandos \u2013 2020"},"content":{"rendered":"\n<p class=\"has-text-align-center\"><strong>Pasirinkite metus:<\/strong> <a href=\"https:\/\/vilniuschess.lt\/teams-2023\/\">2023<\/a> \u2013\u00a0<a href=\"https:\/\/vilniuschess.lt\/teams-2022\/\">2022<\/a> \u2013 <a href=\"https:\/\/vilniuschess.lt\/teams-2021\/\" title=\"Komandos \u2013 2021\">2021<\/a> \u2013 <strong>2020<\/strong> \u2013\u00a0<a href=\"\/teams-2019\">2019<\/a> \u2013\u00a0<a href=\"https:\/\/vilniuschess.lt\/teams-2018\">2018<\/a> \u2013 <a href=\"https:\/\/vilniuschess.lt\/teams-2017\">2017<\/a><\/p>\n\n\n\n<figure class=\"wp-block-table\"><table><tbody><tr><th>Var\u017eybos<\/th><th>Komanda<\/th><th>Vieta<\/th><\/tr><tr><td><strong>Lietuvos \u0161achmat\u0173 lyga<\/strong><\/td><td>\n<details>\n<summary>Bongcloud<\/summary>\n<ol>\n \t<li>Kipras Eigminas<\/li>\n \t<li>Aras Vardanyan<\/li>\n \t<li>Aleksandras \u0160alna<\/li>\n \t<li>Andrius Paulauskas<\/li>\n \t<li>Paulius Vaitkevi\u010dius<\/li>\n \t<li>Povilas Strazdas<\/li>\n \t<li>Marius Sne\u017eko<\/li>\n \t<li>Gint\u0117 Gai\u017eauskait\u0117<\/li>\n \t<li>Erik Vojevodin<\/li>\n<\/ol>\n<\/details><\/td><td>6 vieta<\/td><\/tr><tr><td><strong>Lietuvos \u0161achmat\u0173 lyga<\/strong><\/td><td>\n<details>\n<summary>V\u0160K-U\u017eupis<\/summary>\n<ol>\n \t<li>Arijus Ketlerius<\/li>\n \t<li>Gediminas Viederis<\/li>\n \t<li>Valdas Di\u010di\u016bnas<\/li>\n \t<li>Boris Feofanov<\/li>\n \t<li>Berelis Vainermanas<\/li>\n \t<li>Vytautas Kalinauskas<\/li>\n \t<li>Vilmantas \u017deimys<\/li>\n<\/ol>\n<\/details><\/td><td>14 vieta<\/td><\/tr><tr><td><strong>Lietuvos \u0161achmat\u0173 lyga<\/strong><\/td><td>\n<details>\n<summary>V\u0160K-Pasak\u0173 parkas<\/summary>\n<ol>\n \t<li>IM Emilis Pileckis<\/li>\n \t<li>Gintautas Bagd\u017eius<\/li>\n \t<li>Raimundas Jasi\u016bnas<\/li>\n \t<li>Syrym Shalabayev<\/li>\n \t<li>Vladas Krauj\u016bnas<\/li>\n \t<li>Vadim Voronov<\/li>\n \t<li>K\u0119stutis M\u016b\u017eas<\/li>\n \t<li>Petras Steponavi\u010dius<\/li>\n \t<li>Titas Bla\u017eys<\/li>\n<\/ol>\n<\/details><\/td><td>19 vieta<\/td><\/tr><tr><td>Greit\u0173j\u0173 komandinis \u010dempionatas<\/td><td>\n<details>\n<summary>Tauras nealkoholinis<\/summary>\n<ol>\n \t<li>Aleksandras \u0160alna<\/li>\n \t<li>Kipras Eigminas<\/li>\n \t<li>Aras Vardanyan<\/li>\n \t<li>Evelina Ravlu\u0161evi\u010d<\/li>\n \t<li>Andrius Paulauskas<\/li>\n<\/ol>\n<\/details><\/td><td>2 vieta<\/td><\/tr><tr><td>\u017daibo komandinis \u010dempionatas<\/td><td>\n<details>\n<summary>Tauras nealkoholinis<\/summary>\n<ol>\n \t<li>Andrius Paulauskas<\/li>\n \t<li>Aras Vardanyan<\/li>\n \t<li>Kipras Eigminas<\/li>\n \t<li>Aleksandras \u0160alna<\/li>\n \t<li>Evelina Ravlu\u0161evi\u010d<\/li>\n<\/ol>\n<\/details><\/td><td>6 vieta<\/td><\/tr><tr><td>Seimo taur\u0117<\/td><td>\n<details>\n<summary>Bongcloud<\/summary>\n<ol>\n \t<li>Kipras Eigminas<\/li>\n \t<li>Aleksandras \u0160alna<\/li>\n \t<li>Aras Vardanyan<\/li>\n \t<li>Andrius Paulauskas<\/li>\n<\/ol>\n<\/details><\/td><td>1 vieta<\/td><\/tr><tr><td>Seimo taur\u0117<\/td><td>\n<details>\n<summary>Chess United\/V\u0160K<\/summary>\n<ol>\n \t<li>FM Dmitrijus Chocenka<\/li>\n \t<li>Marius Bieliauskas<\/li>\n \t<li>Ri\u010dardas Baltaduonis<\/li>\n \t<li>Kevinas Kuznecovas<\/li>\n \t<li>Arvydas Mockus<\/li>\n<\/ol>\n<\/details><\/td><td>2 vieta<\/td><\/tr><tr><td>Seimo taur\u0117<\/td><td>\n<details>\n<summary>V\u0160K-U\u017eupis<\/summary>\n<ol>\n \t<li>Gediminas Sevrukas<\/li>\n \t<li>Edgaras \u017diukas<\/li>\n \t<li>Vytautas Kalinauskas<\/li>\n \t<li>Arijus Ketlerius<\/li>\n<\/ol>\n<\/details><\/td><td>4 vieta<\/td><\/tr><\/tbody><\/table><\/figure>\n","protected":false},"excerpt":{"rendered":"<p>Pasirinkite metus: 2023 \u2013\u00a02022 \u2013 2021 \u2013 2020 \u2013\u00a02019 \u2013\u00a02018 \u2013 2017 Var\u017eybos Komanda Vieta Lietuvos \u0161achmat\u0173 lyga Bongcloud Kipras Eigminas Aras Vardanyan Aleksandras \u0160alna Andrius Paulauskas Paulius Vaitkevi\u010dius Povilas Strazdas Marius Sne\u017eko Gint\u0117 Gai\u017eauskait\u0117 Erik Vojevodin 6 vieta Lietuvos \u0161achmat\u0173 lyga V\u0160K-U\u017eupis Arijus Ketlerius Gediminas Viederis Valdas Di\u010di\u016bnas Boris Feofanov Berelis Vainermanas Vytautas Kalinauskas<a class=\"more-link\" href=\"https:\/\/vilniuschess.lt\/lt\/teams-2020\/\">Continue reading <span class=\"screen-reader-text\">&#8222;Komandos \u2013 2020&#8221;<\/span><\/a><\/p>\n","protected":false},"author":1,"featured_media":0,"parent":0,"menu_order":0,"comment_status":"closed","ping_status":"closed","template":"","meta":{"_mi_skip_tracking":false,"_monsterinsights_sitenote_active":false,"_monsterinsights_sitenote_note":"","_monsterinsights_sitenote_category":0,"_starter_page_template":"blank","_wpcom_template_layout_category":[],"footnotes":""},"class_list":["post-501","page","type-page","status-publish","hentry","entry"],"aioseo_notices":[],"_links":{"self":[{"href":"https:\/\/vilniuschess.lt\/lt\/wp-json\/wp\/v2\/pages\/501"}],"collection":[{"href":"https:\/\/vilniuschess.lt\/lt\/wp-json\/wp\/v2\/pages"}],"about":[{"href":"https:\/\/vilniuschess.lt\/lt\/wp-json\/wp\/v2\/types\/page"}],"author":[{"embeddable":true,"href":"https:\/\/vilniuschess.lt\/lt\/wp-json\/wp\/v2\/users\/1"}],"replies":[{"embeddable":true,"href":"https:\/\/vilniuschess.lt\/lt\/wp-json\/wp\/v2\/comments?post=501"}],"version-history":[{"count":8,"href":"https:\/\/vilniuschess.lt\/lt\/wp-json\/wp\/v2\/pages\/501\/revisions"}],"predecessor-version":[{"id":1285,"href":"https:\/\/vilniuschess.lt\/lt\/wp-json\/wp\/v2\/pages\/501\/revisions\/1285"}],"wp:attachment":[{"href":"https:\/\/vilniuschess.lt\/lt\/wp-json\/wp\/v2\/media?parent=501"}],"curies":[{"name":"wp","href":"https:\/\/api.w.org\/{rel}","templated":true}]}}