{"id":4746,"date":"2025-12-28T10:23:06","date_gmt":"2025-12-28T10:23:06","guid":{"rendered":"https:\/\/vilniuschess.lt\/?page_id=4746"},"modified":"2025-12-28T10:23:36","modified_gmt":"2025-12-28T10:23:36","slug":"komandos-2025","status":"publish","type":"page","link":"https:\/\/vilniuschess.lt\/lt\/komandos-2025\/","title":{"rendered":"Komandos \u2013 2025"},"content":{"rendered":"\n<p class=\"has-text-align-center\"><strong>Pasirinkite metus:<\/strong>&nbsp;<strong>2025&nbsp;<\/strong>\u2013&nbsp;<a href=\"https:\/\/vilniuschess.lt\/teams-2022\/\" title=\"2023\">2024<\/a>&nbsp;\u2013 <a href=\"https:\/\/vilniuschess.lt\/teams-2022\/\" title=\"2023\">2023<\/a>&nbsp;\u2013&nbsp;<a href=\"https:\/\/vilniuschess.lt\/teams-2022\/\" title=\"2022\">2022<\/a>&nbsp;\u2013&nbsp;<a href=\"https:\/\/vilniuschess.lt\/teams-2021\/\" title=\"2021\">2021<\/a>&nbsp;\u2013&nbsp;<a href=\"https:\/\/vilniuschess.lt\/teams-2020\/\">2020<\/a>&nbsp;\u2013&nbsp;<a href=\"https:\/\/vilniuschess.lt\/teams-2019\/\">2019<\/a>&nbsp;\u2013&nbsp;<a href=\"https:\/\/vilniuschess.lt\/teams-2018\/\">2018<\/a>&nbsp;\u2013&nbsp;<a href=\"https:\/\/vilniuschess.lt\/teams-2017\/\">2017<\/a><\/p>\n\n\n<figure class=\"wp-block-table\">\n<table style=\"font-size: 14px !important;\">\n<tbody>\n<tr>\n<th>Var\u017eybos<\/th>\n<th>Komanda<\/th>\n<th>Vieta<\/th>\n<\/tr>\n<tr>\n<td><a href=\"https:\/\/s1.chess-results.com\/tnr1095667.aspx?lan=1\" target=\"_blank\" rel=\"noopener\"><strong>Lietuvos \u0161achmat\u0173 Auk\u0161\u010diausioji lyga<\/strong><\/a><\/td>\n<td><details>\n<summary>V\u0160K-Chess United<\/summary>\n<ol>\n<li>Lukas Stauskas<\/li>\n<li>FM Dmitrijus Chocenka<\/li>\n<li>FM Aras Vardanyan<\/li>\n<li>Aleksandras \u0160alna<\/li>\n<li>FM J\u016bras Mickevi\u010dius<\/li>\n<li>FM Martynas Limontas<\/li>\n<li>Karolis Gav\u0117navi\u010dius<\/li>\n<li>Kipras Eigminas<\/li>\n<li>Robertas Bastys<\/li>\n<li>FM Valdas Bu\u010dinskas<\/li>\n<li>FM Roman Bur\u0161tein<\/li>\n<li>Andrius Paulauskas<\/li>\n<\/ol>\n<\/details><\/td>\n<td>3 vieta<\/td>\n<\/tr>\n<tr>\n<td><a href=\"https:\/\/s3.chess-results.com\/tnr1129108.aspx?lan=1&amp;art=0&amp;SNode=S0\" target=\"_blank\" rel=\"noopener\"><strong>Lietuvos \u0161achmat\u0173 Pirma lyga \u2013 Ryt\u0173 zona<\/strong><\/a><\/td>\n<td><details>\n<summary>Vilniaus \u0160K-2<\/summary>\n<ol>\n<li>Domas Nork\u016bnas<\/li>\n<li>Robertas Bubnys<\/li>\n<li>Marius Sne\u017eko<\/li>\n<li>Yaryna Ozhaiska<\/li>\n<li>Vilius Per\u0161inas<\/li>\n<li>Gediminas Ribinskas<\/li>\n<li>Kristijonas \u010ci\u010dinadz\u0117<\/li>\n<li>Benas Skripki\u016bnas<\/li>\n<li>Ignas Labanauskas<\/li>\n<li>Berta R\u0117ja Butvilait\u0117<\/li>\n<\/ol>\n<\/details><\/td>\n<td>3 vieta<\/td>\n<\/tr>\n<tr>\n<td><a href=\"https:\/\/s2.chess-results.com\/tnr1095668.aspx?lan=1&amp;art=0&amp;turdet=YES&amp;flag=30&amp;SNode=S0\" target=\"_blank\" rel=\"noopener\"><strong>Lietuvos moter\u0173 \u0161achmat\u0173 lyga<\/strong><\/a><\/td>\n<td><details>\n<summary>Vilniaus \u0160K<\/summary>\n<ol>\n<li>Jovita Vedrickien\u0117<\/li>\n<li>Kotryna \u0160ukyt\u0117<\/li>\n<li>Yaryna Ozhaiska<\/li>\n<li>Greta Ma\u010diuityt\u0117<\/li>\n<li>Jor\u0117 Bal\u010di\u016bnait\u0117<\/li>\n<li>Agota Kontrimait\u0117<\/li>\n<li>Berta R\u0117ja Butvilait\u0117<\/li>\n<li>August\u0117 Ja\u0161k\u016bnait\u0117<\/li>\n<li>Julija Barochait\u0117<\/li>\n<\/ol>\n<\/details><\/td>\n<td>3 vieta<\/td>\n<\/tr>\n<tr>\n<td><a href=\"https:\/\/s2.chess-results.com\/tnr1253810.aspx?lan=1\" target=\"_blank\" rel=\"noopener\">Greit\u0173j\u0173 komandinis \u010dempionatas<\/a><\/td>\n<td><details>\n<summary>Vilniaus \u0160K-1<\/summary>\n<ol>\n<li>Lukas Stauskas<\/li>\n<li>FM Aleksandras \u0160alna<\/li>\n<li>Kipras Eigminas<\/li>\n<li>Agn\u0117 Mick\u016bnait\u0117<\/li>\n<\/ol>\n<\/details><\/td>\n<td>3 vieta<\/td>\n<\/tr>\n<tr>\n<td>Greit\u0173j\u0173 komandinis \u010dempionatas<\/td>\n<td><details>\n<summary>Vilniaus \u0160K-2<\/summary>\n<ol>\n<li>Andrius \u0160arauskas<\/li>\n<li>Dovydas Au\u0161kalnis<\/li>\n<li>Gediminas Ribinskas<\/li>\n<li>Yaryna Ozhaiska<\/li>\n<\/ol>\n<\/details><\/td>\n<td>9 vieta<\/td>\n<\/tr>\n<tr>\n<td>Greit\u0173j\u0173 komandinis \u010dempionatas<\/td>\n<td><details>\n<summary>Vilniaus \u0160K-3<\/summary>\n<ol>\n<li>Andrius Paulauskas<\/li>\n<li>Justas Tilvikas<\/li>\n<li>Domas Nork\u016bnas<\/li>\n<li>Jor\u0117 Bal\u010di\u016bnait\u0117<\/li>\n<\/ol>\n<\/details><\/td>\n<td>8 vieta<\/td>\n<\/tr>\n<tr>\n<td>Greit\u0173j\u0173 komandinis \u010dempionatas<\/td>\n<td><details>\n<summary>Vilniaus \u0160K-4<\/summary>\n<ol>\n<li>Dangis Bagdanskis<\/li>\n<li>Danielius Mackevi\u010dius<\/li>\n<li>Kristijonas \u010ci\u010dinadz\u0117<\/li>\n<li>Berta R\u0117ja Butvilait\u0117<\/li>\n<\/ol>\n<\/details><\/td>\n<td>20 vieta<\/td>\n<\/tr>\n<tr>\n<td>Greit\u0173j\u0173 komandinis \u010dempionatas<\/td>\n<td><details>\n<summary>V\u0160K Mu\u0161kietininkai-1<\/summary>\n<ol>\n<li>Andrius \u017dvirblis<\/li>\n<li>FM Darius Vi\u0161kelis<\/li>\n<li>Arvydas Mockus<\/li>\n<li>Agota Kontrimait\u0117<\/li>\n<\/ol>\n<\/details><\/td>\n<td>12 vieta<\/td>\n<\/tr>\n<tr>\n<td>Greit\u0173j\u0173 komandinis \u010dempionatas<\/td>\n<td><details>\n<summary>V\u0160K Mu\u0161kietininkai-2<\/summary>\n<ol>\n<li>Romualdas Tutinas<\/li>\n<li>Gediminas Viederis<\/li>\n<li>Ar\u016bnas Zykas<\/li>\n<li>M\u0117ta Mikulinait\u0117<\/li>\n<\/ol>\n<\/details><\/td>\n<td>19 vieta<\/td>\n<\/tr>\n<tr>\n<td><a href=\"https:\/\/s2.chess-results.com\/tnr1253808.aspx?lan=1&amp;art=0&amp;SNode=S0\" target=\"_blank\" rel=\"noopener\">\u017daibo komandinis \u010dempionatas<\/a><\/td>\n<td><details>\n<summary>Vilniaus \u0160K-1<\/summary>\n<ol>\n<li>Lukas Stauskas<\/li>\n<li>FM Aleksandras \u0160alna<\/li>\n<li>Kipras Eigminas<\/li>\n<li>Agn\u0117 Mick\u016bnait\u0117<\/li>\n<\/ol>\n<\/details><\/td>\n<td>5 vieta<\/td>\n<\/tr>\n<tr>\n<td>\u017daibo komandinis \u010dempionatas<\/td>\n<td><details>\n<summary>Vilniaus \u0160K-2<\/summary>\n<ol>\n<li>Andrius \u0160arauskas<\/li>\n<li>Dovydas Au\u0161kalnis<\/li>\n<li>Gediminas Ribinskas<\/li>\n<li>Yaryna Ozhaiska<\/li>\n<\/ol>\n<\/details><\/td>\n<td>7 vieta<\/td>\n<\/tr>\n<tr>\n<td>\u017daibo komandinis \u010dempionatas<\/td>\n<td><details>\n<summary>Vilniaus \u0160K-3<\/summary>\n<ol>\n<li>Justas Tilvikas<\/li>\n<li>Danielius Mackevi\u010dius<\/li>\n<li>Domas Nork\u016bnas<\/li>\n<li>Jor\u0117\u00a0Bal\u010di\u016bnait\u0117<\/li>\n<\/ol>\n<\/details><\/td>\n<td>19 vieta<\/td>\n<\/tr>\n<tr>\n<td>\u017daibo komandinis \u010dempionatas<\/td>\n<td><details>\n<summary>Vilniaus \u0160K-4<\/summary>\n<ol>\n<li>Andrius Paulauskas<\/li>\n<li>Kristijonas \u010ci\u010dinadz\u0117<\/li>\n<li>Vytautas Dijokas<\/li>\n<li>Berta R\u0117ja Butvilait\u0117<\/li>\n<\/ol>\n<\/details><\/td>\n<td>21 vieta<\/td>\n<\/tr>\n<tr>\n<td>\u017daibo komandinis \u010dempionatas<\/td>\n<td><details>\n<summary>V\u0160K Mu\u0161kietininkai-1<\/summary>\n<ol>\n<li>Andrius \u017dvirblis<\/li>\n<li>FM Darius Vi\u0161kelis<\/li>\n<li>Arvydas Mockus<\/li>\n<li>Agota Kontrimait\u0117<\/li>\n<\/ol>\n<\/details><\/td>\n<td>11 vieta<\/td>\n<\/tr>\n<tr>\n<td>\u017daibo komandinis \u010dempionatas<\/td>\n<td><details>\n<summary>V\u0160K Mu\u0161kietininkai-2<\/summary>\n<ol>\n<li>Romualdas Tutinas<\/li>\n<li>Gediminas Viederis<\/li>\n<li>Ar\u016bnas Zykas<\/li>\n<li>M\u0117ta Mikulinait\u0117<\/li>\n<\/ol>\n<\/details><\/td>\n<td>22 vieta<\/td>\n<\/tr>\n<\/tbody>\n<\/table>\n<\/figure>","protected":false},"excerpt":{"rendered":"<p>Pasirinkite metus:&nbsp;2025&nbsp;\u2013&nbsp;2024&nbsp;\u2013 2023&nbsp;\u2013&nbsp;2022&nbsp;\u2013&nbsp;2021&nbsp;\u2013&nbsp;2020&nbsp;\u2013&nbsp;2019&nbsp;\u2013&nbsp;2018&nbsp;\u2013&nbsp;2017 Var\u017eybos Komanda Vieta Lietuvos \u0161achmat\u0173 Auk\u0161\u010diausioji lyga V\u0160K-Chess United Lukas Stauskas FM Dmitrijus Chocenka FM Aras Vardanyan Aleksandras \u0160alna FM J\u016bras Mickevi\u010dius FM Martynas Limontas Karolis Gav\u0117navi\u010dius Kipras Eigminas Robertas Bastys FM Valdas Bu\u010dinskas FM Roman Bur\u0161tein Andrius Paulauskas 3 vieta Lietuvos \u0161achmat\u0173 Pirma lyga \u2013 Ryt\u0173 zona Vilniaus \u0160K-2 Domas Nork\u016bnas<a class=\"more-link\" href=\"https:\/\/vilniuschess.lt\/lt\/komandos-2025\/\">Continue reading <span class=\"screen-reader-text\">&#8222;Komandos \u2013 2025&#8221;<\/span><\/a><\/p>\n","protected":false},"author":1,"featured_media":0,"parent":0,"menu_order":0,"comment_status":"closed","ping_status":"closed","template":"","meta":{"_mi_skip_tracking":false,"_monsterinsights_sitenote_active":false,"_monsterinsights_sitenote_note":"","_monsterinsights_sitenote_category":0,"_starter_page_template":"blank","_wpcom_template_layout_category":["about"],"footnotes":""},"class_list":["post-4746","page","type-page","status-publish","hentry","entry"],"aioseo_notices":[],"_links":{"self":[{"href":"https:\/\/vilniuschess.lt\/lt\/wp-json\/wp\/v2\/pages\/4746"}],"collection":[{"href":"https:\/\/vilniuschess.lt\/lt\/wp-json\/wp\/v2\/pages"}],"about":[{"href":"https:\/\/vilniuschess.lt\/lt\/wp-json\/wp\/v2\/types\/page"}],"author":[{"embeddable":true,"href":"https:\/\/vilniuschess.lt\/lt\/wp-json\/wp\/v2\/users\/1"}],"replies":[{"embeddable":true,"href":"https:\/\/vilniuschess.lt\/lt\/wp-json\/wp\/v2\/comments?post=4746"}],"version-history":[{"count":3,"href":"https:\/\/vilniuschess.lt\/lt\/wp-json\/wp\/v2\/pages\/4746\/revisions"}],"predecessor-version":[{"id":4749,"href":"https:\/\/vilniuschess.lt\/lt\/wp-json\/wp\/v2\/pages\/4746\/revisions\/4749"}],"wp:attachment":[{"href":"https:\/\/vilniuschess.lt\/lt\/wp-json\/wp\/v2\/media?parent=4746"}],"curies":[{"name":"wp","href":"https:\/\/api.w.org\/{rel}","templated":true}]}}