{"id":43,"date":"2020-11-01T15:27:33","date_gmt":"2020-11-01T13:27:33","guid":{"rendered":"https:\/\/vilniuschess659064488.wordpress.com\/?page_id=43"},"modified":"2021-03-17T09:29:41","modified_gmt":"2021-03-17T09:29:41","slug":"partners","status":"publish","type":"page","link":"https:\/\/vilniuschess.lt\/lt\/partners\/","title":{"rendered":"Partneriai"},"content":{"rendered":"\n<figure class=\"wp-block-image size-large\"><img loading=\"lazy\" decoding=\"async\" width=\"630\" height=\"386\" src=\"https:\/\/vilniuschess.lt\/wp-content\/uploads\/2021\/03\/srf.png\" alt=\"\" class=\"wp-image-730\" srcset=\"https:\/\/vilniuschess.lt\/wp-content\/uploads\/2021\/03\/srf.png 630w, https:\/\/vilniuschess.lt\/wp-content\/uploads\/2021\/03\/srf-300x184.png 300w, https:\/\/vilniuschess.lt\/wp-content\/uploads\/2021\/03\/srf-16x10.png 16w\" sizes=\"(max-width: 630px) 100vw, 630px\" \/><\/figure>\n\n\n\n<p>Projektas <strong>Vilniaus \u0161achmat\u0173 klubo Sporto inventoriaus ir \u012frangos \u012fsigijimas<\/strong> bendrai finansuojamas Sporto r\u0117mimo fondo l\u0117\u0161omis, kur\u012f administruoja \u0160vietimo main\u0173 paramos fondas<\/p>\n","protected":false},"excerpt":{"rendered":"<p>Projektas Vilniaus \u0161achmat\u0173 klubo Sporto inventoriaus ir \u012frangos \u012fsigijimas bendrai finansuojamas Sporto r\u0117mimo fondo l\u0117\u0161omis, kur\u012f administruoja \u0160vietimo main\u0173 paramos fondas<\/p>\n","protected":false},"author":1,"featured_media":0,"parent":0,"menu_order":0,"comment_status":"closed","ping_status":"closed","template":"","meta":{"_mi_skip_tracking":false,"_monsterinsights_sitenote_active":false,"_monsterinsights_sitenote_note":"","_monsterinsights_sitenote_category":0,"_starter_page_template":"","_wpcom_template_layout_category":[],"footnotes":""},"class_list":["post-43","page","type-page","status-publish","hentry","entry"],"aioseo_notices":[],"_links":{"self":[{"href":"https:\/\/vilniuschess.lt\/lt\/wp-json\/wp\/v2\/pages\/43"}],"collection":[{"href":"https:\/\/vilniuschess.lt\/lt\/wp-json\/wp\/v2\/pages"}],"about":[{"href":"https:\/\/vilniuschess.lt\/lt\/wp-json\/wp\/v2\/types\/page"}],"author":[{"embeddable":true,"href":"https:\/\/vilniuschess.lt\/lt\/wp-json\/wp\/v2\/users\/1"}],"replies":[{"embeddable":true,"href":"https:\/\/vilniuschess.lt\/lt\/wp-json\/wp\/v2\/comments?post=43"}],"version-history":[{"count":2,"href":"https:\/\/vilniuschess.lt\/lt\/wp-json\/wp\/v2\/pages\/43\/revisions"}],"predecessor-version":[{"id":1085,"href":"https:\/\/vilniuschess.lt\/lt\/wp-json\/wp\/v2\/pages\/43\/revisions\/1085"}],"wp:attachment":[{"href":"https:\/\/vilniuschess.lt\/lt\/wp-json\/wp\/v2\/media?parent=43"}],"curies":[{"name":"wp","href":"https:\/\/api.w.org\/{rel}","templated":true}]}}