{"id":33,"date":"2020-11-01T15:11:00","date_gmt":"2020-11-01T13:11:00","guid":{"rendered":"https:\/\/vilniuschess659064488.wordpress.com\/?page_id=33"},"modified":"2020-11-01T15:11:00","modified_gmt":"2020-11-01T13:11:00","slug":"members","status":"publish","type":"page","link":"https:\/\/vilniuschess.lt\/lt\/members\/","title":{"rendered":"Klubo nariai"},"content":{"rendered":"\n<p><em>Informacija ruo\u0161iama.<\/em><\/p>\n\n\n\n<div class=\"wp-block-media-text alignwide is-stacked-on-mobile is-vertically-aligned-center\" style=\"grid-template-columns:22% auto;\"><figure class=\"wp-block-media-text__media\"><img decoding=\"async\" src=\"https:\/\/vilniuschess.lt\/wp-content\/uploads\/2020\/12\/cropped-vilniuschessclub.png?w=300\" alt=\"\" class=\"wp-image-93 size-medium\" \/><\/figure><div class=\"wp-block-media-text__content\">\n<h2 class=\"has-text-align-left wp-block-heading\">Darius Matonis<\/h2>\n\n\n\n<p class=\"has-text-align-left\" style=\"font-size:16px;\"><em>Klubo prezidentas<\/em><\/p>\n\n\n\n<p><em>Informacija ruo\u0161iama.<\/em><\/p>\n<\/div><\/div>\n\n\n\n<hr class=\"wp-block-separator is-style-wide\" \/>\n\n\n\n<div class=\"wp-block-media-text alignwide has-media-on-the-right is-stacked-on-mobile is-vertically-aligned-center\" style=\"grid-template-columns:auto 25%;\"><figure class=\"wp-block-media-text__media\"><img decoding=\"async\" src=\"https:\/\/vilniuschess.lt\/wp-content\/uploads\/2020\/12\/cropped-vilniuschessclub.png?w=300\" alt=\"\" class=\"wp-image-93 size-medium\" \/><\/figure><div class=\"wp-block-media-text__content\">\n<h2 class=\"has-text-align-left wp-block-heading\">Ar\u016bnas Pemkus<\/h2>\n\n\n\n<p class=\"has-text-align-left\" style=\"font-size:16px;\"><em>Klubo viceprezidentas<\/em><\/p>\n\n\n\n<p><em>Informacija ruo\u0161iama.<\/em><\/p>\n<\/div><\/div>\n\n\n\n<hr class=\"wp-block-separator is-style-wide\" \/>\n\n\n\n<p><\/p>\n","protected":false},"excerpt":{"rendered":"<p>Informacija ruo\u0161iama. Darius Matonis Klubo prezidentas Informacija ruo\u0161iama. Ar\u016bnas Pemkus Klubo viceprezidentas Informacija ruo\u0161iama.<\/p>\n","protected":false},"author":1,"featured_media":0,"parent":0,"menu_order":0,"comment_status":"closed","ping_status":"closed","template":"","meta":{"_mi_skip_tracking":false,"_monsterinsights_sitenote_active":false,"_monsterinsights_sitenote_note":"","_monsterinsights_sitenote_category":0,"_starter_page_template":"team","_wpcom_template_layout_category":[],"footnotes":""},"class_list":["post-33","page","type-page","status-publish","hentry","entry"],"aioseo_notices":[],"_links":{"self":[{"href":"https:\/\/vilniuschess.lt\/lt\/wp-json\/wp\/v2\/pages\/33"}],"collection":[{"href":"https:\/\/vilniuschess.lt\/lt\/wp-json\/wp\/v2\/pages"}],"about":[{"href":"https:\/\/vilniuschess.lt\/lt\/wp-json\/wp\/v2\/types\/page"}],"author":[{"embeddable":true,"href":"https:\/\/vilniuschess.lt\/lt\/wp-json\/wp\/v2\/users\/1"}],"replies":[{"embeddable":true,"href":"https:\/\/vilniuschess.lt\/lt\/wp-json\/wp\/v2\/comments?post=33"}],"version-history":[{"count":0,"href":"https:\/\/vilniuschess.lt\/lt\/wp-json\/wp\/v2\/pages\/33\/revisions"}],"wp:attachment":[{"href":"https:\/\/vilniuschess.lt\/lt\/wp-json\/wp\/v2\/media?parent=33"}],"curies":[{"name":"wp","href":"https:\/\/api.w.org\/{rel}","templated":true}]}}