{"id":2961,"date":"2023-05-29T02:53:23","date_gmt":"2023-05-29T02:53:23","guid":{"rendered":"https:\/\/vilniuschess.lt\/?page_id=2961"},"modified":"2023-09-26T06:26:33","modified_gmt":"2023-09-26T06:26:33","slug":"chess-n-waffles","status":"publish","type":"page","link":"https:\/\/vilniuschess.lt\/lt\/chess-n-waffles\/","title":{"rendered":"Chess N&#8217; Waffles"},"content":{"rendered":"<h3><span style=\"color: #ca2017;\"><strong>RENGINYS NEBEVYKSTA<\/strong><\/span><\/h3>\n<hr \/>\n\n\n<p>Nuo 2023 m. <strong>bir\u017eelio 2 d.<\/strong> (penktadienio) startuojame su nauju renginiu \u2013 <strong>Chess N&#8217; Waffles<\/strong> komandiniais penktadienio turnyrais!<\/p>\n\n\n\n<ul class=\"wp-block-list\">\n<li>Renginio vieta \u2013 <a href=\"https:\/\/www.facebook.com\/CrepsNWaffles\" target=\"_blank\" rel=\"noreferrer noopener\" title=\"Crepes N' Waffles \">Crepes N&#8217; Waffles<\/a> restoranas, \u0160vitrigailos g. 8, Vilnius<\/li>\n\n\n\n<li>Komandinio turnyro prad\u017eia \u2013 20:00, trukm\u0117 \u2013 apie 2,5 valandos.<\/li>\n\n\n\n<li>Laiko kontrol\u0117 \u2013 <strong>greitieji \u0161achmatai<\/strong> (8+4), galimos variacijos priklausomai nuo dalyvi\u0173 skai\u010diaus.<\/li>\n\n\n\n<li>Renginio formatas \u2013 dalyviai padalinami \u012f <strong>komandas<\/strong> (padalinimas priklauso nuo dalyvi\u0173 skai\u010diaus, norint lygaus padalinimo gali \u017eaisti arba ne\u017eaisti teis\u0117jas), kurios var\u017eosi d\u0117l priz\u0173.<\/li>\n\n\n\n<li>Startinis mokestis \u2013 <strong>5 Eur<\/strong> dalyviui.<\/li>\n\n\n\n<li>Po pagrindinio turnyro bus galimyb\u0117 pasilikti \u0161achmat\u0173 ar j\u0173 variant\u0173 draugi\u0161kam pasi\u017eaidimui.<\/li>\n<\/ul>\n\n\n<p><\/p>","protected":false},"excerpt":{"rendered":"<p>RENGINYS NEBEVYKSTA Nuo 2023 m. bir\u017eelio 2 d. (penktadienio) startuojame su nauju renginiu \u2013 Chess N&#8217; Waffles komandiniais penktadienio turnyrais!<\/p>\n","protected":false},"author":1,"featured_media":0,"parent":0,"menu_order":0,"comment_status":"closed","ping_status":"closed","template":"","meta":{"_mi_skip_tracking":false,"_monsterinsights_sitenote_active":false,"_monsterinsights_sitenote_note":"","_monsterinsights_sitenote_category":0,"_starter_page_template":"blank","_wpcom_template_layout_category":[],"footnotes":""},"class_list":["post-2961","page","type-page","status-publish","hentry","entry"],"aioseo_notices":[],"_links":{"self":[{"href":"https:\/\/vilniuschess.lt\/lt\/wp-json\/wp\/v2\/pages\/2961"}],"collection":[{"href":"https:\/\/vilniuschess.lt\/lt\/wp-json\/wp\/v2\/pages"}],"about":[{"href":"https:\/\/vilniuschess.lt\/lt\/wp-json\/wp\/v2\/types\/page"}],"author":[{"embeddable":true,"href":"https:\/\/vilniuschess.lt\/lt\/wp-json\/wp\/v2\/users\/1"}],"replies":[{"embeddable":true,"href":"https:\/\/vilniuschess.lt\/lt\/wp-json\/wp\/v2\/comments?post=2961"}],"version-history":[{"count":4,"href":"https:\/\/vilniuschess.lt\/lt\/wp-json\/wp\/v2\/pages\/2961\/revisions"}],"predecessor-version":[{"id":3166,"href":"https:\/\/vilniuschess.lt\/lt\/wp-json\/wp\/v2\/pages\/2961\/revisions\/3166"}],"wp:attachment":[{"href":"https:\/\/vilniuschess.lt\/lt\/wp-json\/wp\/v2\/media?parent=2961"}],"curies":[{"name":"wp","href":"https:\/\/api.w.org\/{rel}","templated":true}]}}