{"id":296,"date":"2020-12-27T15:17:17","date_gmt":"2020-12-27T13:17:17","guid":{"rendered":"https:\/\/vilniuschess659064488.wordpress.com\/?page_id=296"},"modified":"2024-05-07T05:20:43","modified_gmt":"2024-05-07T05:20:43","slug":"contacts","status":"publish","type":"page","link":"https:\/\/vilniuschess.lt\/lt\/contacts\/","title":{"rendered":"Kontaktai"},"content":{"rendered":"\n<p><a href=\"https:\/\/rekvizitai.vz.lt\/imone\/vilniaus_sachmatu_klubas\/\" target=\"_blank\" rel=\"noreferrer noopener\">Vilniaus \u0161achmat\u0173 klubas, V\u0161\u012e<\/a><\/p>\n\n\n\n<p><strong>EL. PA\u0160TAS<\/strong>:<br><a href=\"mailto:info@vilniuschess.lt\" title=\"\">info@vilniuschess.lt<\/a><br><br><strong>TEL. NR.:<\/strong><br>+370 696 23502 (Andrius Paulauskas, klubo prezidentas)<\/p>\n\n\n\n<p><strong>REKVIZITAI:<\/strong><\/p>\n\n\n\n<p>LT67 7044 0600 0791 4577<br>AB SEB Bankas<br>Vilniaus \u0161achmat\u0173 klubas, V\u0161\u012e<br>\u012emon\u0117s kodas 303111749<br>Aduti\u0161kio g. 3-3, Vilnius<\/p>\n","protected":false},"excerpt":{"rendered":"<p>Vilniaus \u0161achmat\u0173 klubas, V\u0161\u012e EL. PA\u0160TAS:info@vilniuschess.lt TEL. NR.:+370 696 23502 (Andrius Paulauskas, klubo prezidentas) REKVIZITAI: LT67 7044 0600 0791 4577AB SEB BankasVilniaus \u0161achmat\u0173 klubas, V\u0161\u012e\u012emon\u0117s kodas 303111749Aduti\u0161kio g. 3-3, Vilnius<\/p>\n","protected":false},"author":1,"featured_media":0,"parent":0,"menu_order":0,"comment_status":"closed","ping_status":"closed","template":"","meta":{"_mi_skip_tracking":false,"_monsterinsights_sitenote_active":false,"_monsterinsights_sitenote_note":"","_monsterinsights_sitenote_category":0,"_starter_page_template":"blank","_wpcom_template_layout_category":[],"footnotes":""},"class_list":["post-296","page","type-page","status-publish","hentry","entry"],"aioseo_notices":[],"_links":{"self":[{"href":"https:\/\/vilniuschess.lt\/lt\/wp-json\/wp\/v2\/pages\/296"}],"collection":[{"href":"https:\/\/vilniuschess.lt\/lt\/wp-json\/wp\/v2\/pages"}],"about":[{"href":"https:\/\/vilniuschess.lt\/lt\/wp-json\/wp\/v2\/types\/page"}],"author":[{"embeddable":true,"href":"https:\/\/vilniuschess.lt\/lt\/wp-json\/wp\/v2\/users\/1"}],"replies":[{"embeddable":true,"href":"https:\/\/vilniuschess.lt\/lt\/wp-json\/wp\/v2\/comments?post=296"}],"version-history":[{"count":6,"href":"https:\/\/vilniuschess.lt\/lt\/wp-json\/wp\/v2\/pages\/296\/revisions"}],"predecessor-version":[{"id":3705,"href":"https:\/\/vilniuschess.lt\/lt\/wp-json\/wp\/v2\/pages\/296\/revisions\/3705"}],"wp:attachment":[{"href":"https:\/\/vilniuschess.lt\/lt\/wp-json\/wp\/v2\/media?parent=296"}],"curies":[{"name":"wp","href":"https:\/\/api.w.org\/{rel}","templated":true}]}}