{"id":2778,"date":"2023-03-24T00:43:00","date_gmt":"2023-03-24T00:43:00","guid":{"rendered":"https:\/\/vilniuschess.lt\/?page_id=2778"},"modified":"2023-11-02T00:10:42","modified_gmt":"2023-11-02T00:10:42","slug":"teams-2023","status":"publish","type":"page","link":"https:\/\/vilniuschess.lt\/lt\/teams-2023\/","title":{"rendered":"Komandos \u2013 2023"},"content":{"rendered":"\n<p class=\"has-text-align-center\"><strong>Pasirinkite metus:<\/strong>&nbsp;<strong>2023<\/strong>&nbsp;\u2013&nbsp;<a href=\"https:\/\/vilniuschess.lt\/teams-2022\/\" title=\"2022\">2022<\/a>&nbsp;\u2013&nbsp;<a href=\"https:\/\/vilniuschess.lt\/teams-2021\/\" title=\"2021\">2021<\/a>&nbsp;\u2013&nbsp;<a href=\"https:\/\/vilniuschess.lt\/teams-2020\/\">2020<\/a>&nbsp;\u2013&nbsp;<a href=\"https:\/\/vilniuschess.lt\/teams-2019\/\">2019<\/a>&nbsp;\u2013&nbsp;<a href=\"https:\/\/vilniuschess.lt\/teams-2018\/\">2018<\/a>&nbsp;\u2013&nbsp;<a href=\"https:\/\/vilniuschess.lt\/teams-2017\/\">2017<\/a><\/p>\n\n\n<figure class=\"wp-block-table\">\n<table style=\"font-size: 14px !important;\">\n<tbody>\n<tr>\n<th>Var\u017eybos<\/th>\n<th>Komanda<\/th>\n<th>Vieta<\/th>\n<\/tr>\n<tr>\n<td><a href=\"https:\/\/chess-results.com\/tnr735096.aspx?lan=30&amp;art=0&amp;rd=7&amp;turdet=YES&amp;flag=30\" target=\"_blank\" rel=\"noopener\"><strong>Lietuvos \u0161achmat\u0173 lyga<\/strong><\/a><\/td>\n<td>\n<details>\n<summary>V\u0160K-Chess United<\/summary>\n<ol>\n<li>FM Dmitrijus Chocenka<\/li>\n<li>Lukas Stauskas<\/li>\n<li>FM Aras Vardanyan<\/li>\n<li>Aleksandras \u0160alna<\/li>\n<li>FM Martynas Limontas<\/li>\n<li>J\u016bras Mickevi\u010dius<\/li>\n<li>Nikita Posa\u0161kov<\/li>\n<li>Kipras Eigminas<\/li>\n<\/ol>\n<\/details>\n<\/td>\n<td>5 vieta<\/td>\n<\/tr>\n<tr>\n<td><strong>Lietuvos \u0161achmat\u0173 lyga<\/strong><\/td>\n<td>\n<details>\n<summary>1482-V\u0160K<\/summary>\n<ol>\n<li>Tomas Jank\u016bnas<\/li>\n<li>Robertas \u0160akinis<\/li>\n<li>Rapolas Likatavi\u010dius<\/li>\n<li>Justas Tilvikas<\/li>\n<li>Oleksandr Zozulia<\/li>\n<li>Andrius Paulauskas<\/li>\n<li>Kevinas Kuznecovas<\/li>\n<li>Marius Sne\u017eko<\/li>\n<li>Dovydas Au\u0161kalnis<\/li>\n<li>Rytis Buterlevi\u010dius<\/li>\n<li>Daniel Achonen<\/li>\n<\/ol>\n<\/details>\n<\/td>\n<td>12 vieta<\/td>\n<\/tr>\n<tr>\n<td><strong>Lietuvos \u0161achmat\u0173 lyga<\/strong><\/td>\n<td>\n<details>\n<summary>Cugcvangas-V\u0160K<\/summary>\n<ol>\n<li>Domas Nork\u016bnas<\/li>\n<li>Robertas Bubnys<\/li>\n<li>Ar\u016bnas Gurevi\u010dius<\/li>\n<li>Kristijonas \u010ci\u010dinadz\u0117<\/li>\n<li>Gediminas Ribinskas<\/li>\n<li>Ignas Labanauskas<\/li>\n<li>Tautvydas Jamantas<\/li>\n<\/ol>\n<\/details>\n<\/td>\n<td>13 vieta<\/td>\n<\/tr>\n<tr>\n<td><strong>Lietuvos \u0161achmat\u0173 lyga<\/strong><\/td>\n<td>\n<details>\n<summary>V\u0160K Viltys<\/summary>\n<ol>\n<li>Domas \u0160titilis<\/li>\n<li>Filipe Boucinha<\/li>\n<li>Edvinas Ma\u010diulaitis<\/li>\n<li>Donatas \u0160imk\u016bnas<\/li>\n<li>Balys \u017dalneravi\u010dius<\/li>\n<li>Ignotas Vil\u016bnas<\/li>\n<li>\u017dygimantas Steponavi\u010dius<\/li>\n<\/ol>\n<\/details>\n<\/td>\n<td>18 vieta<\/td>\n<\/tr>\n<tr>\n<td><strong>Lietuvos \u0161achmat\u0173 lyga<\/strong><\/td>\n<td>\n<details>\n<summary>V\u0160K Mu\u0161kietininkai<\/summary>\n<ol>\n<li>Vaidotas Valantiejus<\/li>\n<li>Andrius \u017dvirblis<\/li>\n<li>Arijus Ketl\u0117rius<\/li>\n<li>Vytautas Kalinauskas<\/li>\n<li>Gediminas Viederis<\/li>\n<li>Romualdas Tutinas<\/li>\n<li>Berelis Vainermanas<\/li>\n<\/ol>\n<\/details>\n<\/td>\n<td>8 vieta<\/td>\n<\/tr>\n<tr>\n<td><strong>Lietuvos \u0161achmat\u0173 lyga<\/strong><\/td>\n<td>\n<details>\n<summary>Patirtis-V\u0160K<\/summary>\n<ol>\n<li>Sergej Jalanskij<\/li>\n<li>Vladas Krauj\u016bnas<\/li>\n<li>Petras Steponavi\u010dius<\/li>\n<li>Petras \u017dukauskas<\/li>\n<li>Raimundas Jasi\u016bnas<\/li>\n<li>Algimantas Undz\u0117nas<\/li>\n<li>Zigmas Ma\u010dionis<\/li>\n<li>K\u0119stutis Girdziu\u0161as<\/li>\n<li>Povilas Va\u017egauskas<\/li>\n<\/ol>\n<\/details>\n<\/td>\n<td>15 vieta<\/td>\n<\/tr>\n<tr>\n<td><a href=\"https:\/\/chess-results.com\/tnr757868.aspx?lan=30&amp;art=0&amp;turdet=YES&amp;flag=30\" target=\"_blank\" rel=\"noopener\"><strong>Lietuvos moter\u0173 \u0161achmat\u0173 lyga<\/strong><\/a><\/td>\n<td>\n<details>\n<summary>Tauras-V\u0160K<\/summary>\n<ol>\n<li>Greta Ma\u010diuityt\u0117<\/li>\n<li>Kotryna \u0160ukyt\u0117<\/li>\n<li>Yaryna Ozhaiska<\/li>\n<li>August\u0117 Ja\u0161k\u016bnait\u0117<\/li>\n<\/ol>\n<\/details>\n<\/td>\n<td>5 vieta<\/td>\n<\/tr>\n<tr>\n<td><strong>Lietuvos moter\u0173 \u0161achmat\u0173 lyga<\/strong><\/td>\n<td>\n<details>\n<summary>Valdov\u0117-V\u0160K<\/summary>\n<ol>\n<li>Berta R\u0117ja Butvilait\u0117<\/li>\n<li>Kamil\u0117 Rauckyt\u0117<\/li>\n<li>Enrika Jakavonyt\u0117<\/li>\n<li>J\u016brat\u0117 Va\u017enevi\u010di\u016bt\u0117<\/li>\n<\/ol>\n<\/details>\n<\/td>\n<td>9 vieta<\/td>\n<\/tr>\n<tr>\n<td><a href=\"https:\/\/chess-results.com\/tnr834020.aspx?lan=30&amp;art=0&amp;turdet=YES\" target=\"_blank\" rel=\"noopener\">Greit\u0173j\u0173 komandinis \u010dempionatas<\/a><\/td>\n<td>\n<details>\n<summary>Vilniaus \u0160K-1<\/summary>\n<ol>\n<li>Lukas Stauskas<\/li>\n<li>Aleksandras \u0160alna<\/li>\n<li>Kipras Eigminas<\/li>\n<li>Agn\u0117 Mick\u016bnait\u0117<\/li>\n<li>Andrius Paulauskas<\/li>\n<\/ol>\n<\/details>\n<\/td>\n<td><strong>1 vieta<\/strong><\/td>\n<\/tr>\n<tr>\n<td>Greit\u0173j\u0173 komandinis \u010dempionatas<\/td>\n<td>\n<details>\n<summary>Vilniaus \u0160K-2<\/summary>\n<ol>\n<li>Rapolas Likatavi\u010dius<\/li>\n<li>Justas Tilvikas<\/li>\n<li>Dovydas Au\u0161kalnis<\/li>\n<li>Berta R\u0117ja Butvilait\u0117<\/li>\n<li>Kristijonas \u010ci\u010dinadz\u0117<\/li>\n<\/ol>\n<\/details>\n<\/td>\n<td>5 vieta<\/td>\n<\/tr>\n<tr>\n<td>Greit\u0173j\u0173 komandinis \u010dempionatas<\/td>\n<td>\n<details>\n<summary>Vilniaus \u0160K-3<\/summary>\n<ol>\n<li>Benas Skripki\u016bnas<\/li>\n<li>Dovydas Ma\u017eeika<\/li>\n<li>Gediminas Ribinskas<\/li>\n<li>Jor\u0117 Bal\u010di\u016bnait\u0117<\/li>\n<li>Liudas Ma\u017eeika<\/li>\n<\/ol>\n<\/details>\n<\/td>\n<td>12 vieta<\/td>\n<\/tr>\n<tr>\n<td><a href=\"https:\/\/chess-results.com\/tnr834019.aspx?lan=30&amp;art=0&amp;turdet=YES\" target=\"_blank\" rel=\"noopener\">\u017daibo komandinis \u010dempionatas<\/a><\/td>\n<td>\n<details>\n<summary>Vilniaus \u0160K-1<\/summary>\n<ol>\n<li>Kipras Eigminas<\/li>\n<li>Aleksandras \u0160alna<\/li>\n<li>Lukas Stauskas<\/li>\n<li>Agn\u0117 Mick\u016bnait\u0117<\/li>\n<li>Andrius Paulauskas<\/li>\n<\/ol>\n<\/details>\n<\/td>\n<td>3 vieta<\/td>\n<\/tr>\n<tr>\n<td>\u017daibo komandinis \u010dempionatas<\/td>\n<td>\n<details>\n<summary>Vilniaus \u0160K-2<\/summary>\n<ol>\n<li>Rapolas Likatavi\u010dius<\/li>\n<li>Justas Tilvikas<\/li>\n<li>Dovydas Au\u0161kalnis<\/li>\n<li>Berta R\u0117ja Butvilait\u0117<\/li>\n<li>Kristijonas \u010ci\u010dinadz\u0117<\/li>\n<\/ol>\n<\/details>\n<\/td>\n<td>11 vieta<\/td>\n<\/tr>\n<tr>\n<td>\u017daibo komandinis \u010dempionatas<\/td>\n<td>\n<details>\n<summary>Vilniaus \u0160K-3<\/summary>\n<ol>\n<li>Dovydas Au\u0161kalnis<\/li>\n<li>Romualdas Tutinas<\/li>\n<li>Kristijonas \u010ci\u010dinadz\u0117<\/li>\n<li>Kamil\u0117 Rauckyt\u0117<\/li>\n<li>Edvinas Ma\u010diulaitis<\/li>\n<\/ol>\n<\/details>\n<\/td>\n<td>14 vieta<\/td>\n<\/tr>\n<\/tbody>\n<\/table>\n<\/figure>","protected":false},"excerpt":{"rendered":"<p>Pasirinkite metus:&nbsp;2023&nbsp;\u2013&nbsp;2022&nbsp;\u2013&nbsp;2021&nbsp;\u2013&nbsp;2020&nbsp;\u2013&nbsp;2019&nbsp;\u2013&nbsp;2018&nbsp;\u2013&nbsp;2017 Var\u017eybos Komanda Vieta Lietuvos \u0161achmat\u0173 lyga V\u0160K-Chess United FM Dmitrijus Chocenka Lukas Stauskas FM Aras Vardanyan Aleksandras \u0160alna FM Martynas Limontas J\u016bras Mickevi\u010dius Nikita Posa\u0161kov Kipras Eigminas 5 vieta Lietuvos \u0161achmat\u0173 lyga 1482-V\u0160K Tomas Jank\u016bnas Robertas \u0160akinis Rapolas Likatavi\u010dius Justas Tilvikas Oleksandr Zozulia Andrius Paulauskas Kevinas Kuznecovas Marius Sne\u017eko Dovydas Au\u0161kalnis Rytis Buterlevi\u010dius<a class=\"more-link\" href=\"https:\/\/vilniuschess.lt\/lt\/teams-2023\/\">Continue reading <span class=\"screen-reader-text\">&#8222;Komandos \u2013 2023&#8221;<\/span><\/a><\/p>\n","protected":false},"author":1,"featured_media":0,"parent":0,"menu_order":0,"comment_status":"closed","ping_status":"closed","template":"","meta":{"_mi_skip_tracking":false,"_monsterinsights_sitenote_active":false,"_monsterinsights_sitenote_note":"","_monsterinsights_sitenote_category":0,"_starter_page_template":"blank","_wpcom_template_layout_category":[],"footnotes":""},"class_list":["post-2778","page","type-page","status-publish","hentry","entry"],"aioseo_notices":[],"_links":{"self":[{"href":"https:\/\/vilniuschess.lt\/lt\/wp-json\/wp\/v2\/pages\/2778"}],"collection":[{"href":"https:\/\/vilniuschess.lt\/lt\/wp-json\/wp\/v2\/pages"}],"about":[{"href":"https:\/\/vilniuschess.lt\/lt\/wp-json\/wp\/v2\/types\/page"}],"author":[{"embeddable":true,"href":"https:\/\/vilniuschess.lt\/lt\/wp-json\/wp\/v2\/users\/1"}],"replies":[{"embeddable":true,"href":"https:\/\/vilniuschess.lt\/lt\/wp-json\/wp\/v2\/comments?post=2778"}],"version-history":[{"count":4,"href":"https:\/\/vilniuschess.lt\/lt\/wp-json\/wp\/v2\/pages\/2778\/revisions"}],"predecessor-version":[{"id":1,"href":"https:\/\/vilniuschess.lt\/lt\/wp-json\/wp\/v2\/pages\/2778\/revisions\/1"}],"wp:attachment":[{"href":"https:\/\/vilniuschess.lt\/lt\/wp-json\/wp\/v2\/media?parent=2778"}],"curies":[{"name":"wp","href":"https:\/\/api.w.org\/{rel}","templated":true}]}}