{"id":27,"date":"2020-11-01T15:17:13","date_gmt":"2020-11-01T13:17:13","guid":{"rendered":"https:\/\/vilniuschess659064488.wordpress.com\/?page_id=27"},"modified":"2024-06-19T09:35:55","modified_gmt":"2024-06-19T09:35:55","slug":"stats","status":"publish","type":"page","link":"https:\/\/vilniuschess.lt\/lt\/stats\/","title":{"rendered":"Savaitini\u0173 \u017eaibo turnyr\u0173 statistika"},"content":{"rendered":"\n<p><strong>2020 met\u0173 geriausieji (bent 5 gyvi turnyrai):<\/strong><\/p>\n\n\n<figure class=\"wp-block-table\">\n<table style=\"font-size: 14px !important;\">\n<tbody>\n<tr>\n<td>&nbsp;<\/td>\n<td><strong>\u017daid\u0117jas<\/strong><\/td>\n<td><strong>Vidurkis<\/strong><\/td>\n<td><strong>Pergal\u0117s<\/strong><\/td>\n<\/tr>\n<tr>\n<td>1.<\/td>\n<td>Aras Vardanyan<\/td>\n<td>8,75<\/td>\n<td>11<\/td>\n<\/tr>\n<tr>\n<td>2.<\/td>\n<td>Kipras Eigminas<\/td>\n<td>8,58<\/td>\n<td>3<\/td>\n<\/tr>\n<tr>\n<td>3.<\/td>\n<td>Aleksandras \u0160alna<\/td>\n<td>8,30<\/td>\n<td>3<\/td>\n<\/tr>\n<tr>\n<td>4.<\/td>\n<td>Andrius \u017dvirblis<\/td>\n<td>7,56<\/td>\n<td>0<\/td>\n<\/tr>\n<tr>\n<td>5.<\/td>\n<td>Andrius Paulauskas<\/td>\n<td>7,46<\/td>\n<td>3<\/td>\n<\/tr>\n<\/tbody>\n<\/table>\n<\/figure>\n\n\n<p><strong>2020 met\u0173 aktyviausieji:<\/strong><\/p>\n\n\n<figure class=\"wp-block-table\">\n<table style=\"font-size: 14px !important;\">\n<tbody>\n<tr>\n<td>&nbsp;<\/td>\n<td><strong>\u017daid\u0117jas<\/strong><\/td>\n<td><strong>Turnyr\u0173 skai\u010dius<\/strong><\/td>\n<td><strong>Vidurkis<\/strong><\/td>\n<\/tr>\n<tr>\n<td>1-3.<\/td>\n<td>Stanislav Gerasimovi\u010d<\/td>\n<td>26<\/td>\n<td>6,31<\/td>\n<\/tr>\n<tr>\n<td>1-3.<\/td>\n<td>Boris Feofanov<\/td>\n<td>26<\/td>\n<td>5,35<\/td>\n<\/tr>\n<tr>\n<td>1-3.<\/td>\n<td>Kazimieras Jocius<\/td>\n<td>26<\/td>\n<td>4,81<\/td>\n<\/tr>\n<tr>\n<td>4.<\/td>\n<td>Feliksas Askinazi<\/td>\n<td>25<\/td>\n<td>4,9<\/td>\n<\/tr>\n<tr>\n<td>5-6.<\/td>\n<td>Andrius Paulauskas<\/td>\n<td>23<\/td>\n<td>7,46<\/td>\n<\/tr>\n<tr>\n<td>5-6.<\/td>\n<td>Andrius Mulevi\u010dius<\/td>\n<td>23<\/td>\n<td>6,35<\/td>\n<\/tr>\n<\/tbody>\n<\/table>\n<\/figure>\n\n\n<p><strong>2019 met\u0173 geriausieji (bent 5 turnyrai):<\/strong><\/p>\n\n\n<figure class=\"wp-block-table\">\n<table style=\"font-size: 14px !important;\">\n<tbody>\n<tr>\n<td>&nbsp;<\/td>\n<td><strong>\u017daid\u0117jas<\/strong><\/td>\n<td><strong>Vidurkis<\/strong><\/td>\n<td><strong>Pergal\u0117s<\/strong><\/td>\n<\/tr>\n<tr>\n<td>1.<\/td>\n<td>Marius Bieliauskas<\/td>\n<td>9,00<\/td>\n<td>4<\/td>\n<\/tr>\n<tr>\n<td>2.<\/td>\n<td>Kipras Eigminas<\/td>\n<td>8,67<\/td>\n<td>5<\/td>\n<\/tr>\n<tr>\n<td>3.<\/td>\n<td>Aras Vardanyan<\/td>\n<td>8,50<\/td>\n<td>17<\/td>\n<\/tr>\n<tr>\n<td>4.<\/td>\n<td>FM Darius Vi\u0161kelis<\/td>\n<td>8,03<\/td>\n<td>3<\/td>\n<\/tr>\n<tr>\n<td>5.<\/td>\n<td>Aleksandras \u0160alna<\/td>\n<td>7,78<\/td>\n<td>7<\/td>\n<\/tr>\n<\/tbody>\n<\/table>\n<\/figure>\n\n\n<p><strong>2019 met\u0173 aktyviausieji:<\/strong><\/p>\n\n\n<figure class=\"wp-block-table\">\n<table style=\"font-size: 14px !important;\">\n<tbody>\n<tr>\n<td>&nbsp;<\/td>\n<td><strong>\u017daid\u0117jas<\/strong><\/td>\n<td><strong>Turnyr\u0173 skai\u010dius<\/strong><\/td>\n<td><strong>Vidurkis<\/strong><\/td>\n<\/tr>\n<tr>\n<td>1-2.<\/td>\n<td>Stanislav Gerasimovi\u010d<\/td>\n<td>49<\/td>\n<td>6,29<\/td>\n<\/tr>\n<tr>\n<td>1-2.<\/td>\n<td>Boris Feofanov<\/td>\n<td>49<\/td>\n<td>5,6<\/td>\n<\/tr>\n<tr>\n<td>3.<\/td>\n<td>Kazimieras Jocius<\/td>\n<td>48<\/td>\n<td>4,33<\/td>\n<\/tr>\n<tr>\n<td>4.<\/td>\n<td>\u017dilvinas E\u017eerinskis<\/td>\n<td>46<\/td>\n<td>5,60<\/td>\n<\/tr>\n<tr>\n<td>5-7.<\/td>\n<td>Andrius Paulauskas<\/td>\n<td>44<\/td>\n<td>7,49<\/td>\n<\/tr>\n<tr>\n<td>5-7.<\/td>\n<td>Arijus Ketlerius<\/td>\n<td>44<\/td>\n<td>6,90<\/td>\n<\/tr>\n<tr>\n<td>5-7.<\/td>\n<td>Algirdas Ruginis<\/td>\n<td>44<\/td>\n<td>5,03<\/td>\n<\/tr>\n<\/tbody>\n<\/table>\n<\/figure>\n\n\n<p><a href=\"https:\/\/vilniuschess.lt\/wp-content\/uploads\/2020\/12\/Klubas2019-2020.xlsx\"><strong>Atsisi\u0173sti detali\u0105 statistik\u0105<\/strong><\/a><\/p>\n","protected":false},"excerpt":{"rendered":"<p>2020 met\u0173 geriausieji (bent 5 gyvi turnyrai): &nbsp; \u017daid\u0117jas Vidurkis Pergal\u0117s 1. Aras Vardanyan 8,75 11 2. Kipras Eigminas 8,58 3 3. Aleksandras \u0160alna 8,30 3 4. Andrius \u017dvirblis 7,56 0 5. Andrius Paulauskas 7,46 3 2020 met\u0173 aktyviausieji: &nbsp; \u017daid\u0117jas Turnyr\u0173 skai\u010dius Vidurkis 1-3. Stanislav Gerasimovi\u010d 26 6,31 1-3. Boris Feofanov 26 5,35 1-3.<a class=\"more-link\" href=\"https:\/\/vilniuschess.lt\/lt\/stats\/\">Continue reading <span class=\"screen-reader-text\">&#8222;Savaitini\u0173 \u017eaibo turnyr\u0173 statistika&#8221;<\/span><\/a><\/p>\n","protected":false},"author":1,"featured_media":0,"parent":0,"menu_order":0,"comment_status":"closed","ping_status":"closed","template":"otb-stats-page.php","meta":{"_mi_skip_tracking":false,"_monsterinsights_sitenote_active":false,"_monsterinsights_sitenote_note":"","_monsterinsights_sitenote_category":0,"_starter_page_template":"about-6","_wpcom_template_layout_category":[],"footnotes":""},"class_list":["post-27","page","type-page","status-publish","hentry","entry"],"aioseo_notices":[],"_links":{"self":[{"href":"https:\/\/vilniuschess.lt\/lt\/wp-json\/wp\/v2\/pages\/27"}],"collection":[{"href":"https:\/\/vilniuschess.lt\/lt\/wp-json\/wp\/v2\/pages"}],"about":[{"href":"https:\/\/vilniuschess.lt\/lt\/wp-json\/wp\/v2\/types\/page"}],"author":[{"embeddable":true,"href":"https:\/\/vilniuschess.lt\/lt\/wp-json\/wp\/v2\/users\/1"}],"replies":[{"embeddable":true,"href":"https:\/\/vilniuschess.lt\/lt\/wp-json\/wp\/v2\/comments?post=27"}],"version-history":[{"count":6,"href":"https:\/\/vilniuschess.lt\/lt\/wp-json\/wp\/v2\/pages\/27\/revisions"}],"predecessor-version":[{"id":3788,"href":"https:\/\/vilniuschess.lt\/lt\/wp-json\/wp\/v2\/pages\/27\/revisions\/3788"}],"wp:attachment":[{"href":"https:\/\/vilniuschess.lt\/lt\/wp-json\/wp\/v2\/media?parent=27"}],"curies":[{"name":"wp","href":"https:\/\/api.w.org\/{rel}","templated":true}]}}