{"id":2568,"date":"2023-02-03T13:31:12","date_gmt":"2023-02-03T13:31:12","guid":{"rendered":"https:\/\/vilniuschess.lt\/?page_id=2568"},"modified":"2024-01-04T04:14:49","modified_gmt":"2024-01-04T04:14:49","slug":"club-rules","status":"publish","type":"page","link":"https:\/\/vilniuschess.lt\/lt\/club-rules\/","title":{"rendered":"V\u0160K vidaus taisykl\u0117s"},"content":{"rendered":"\n<ol class=\"wp-block-list\" type=\"1\" id=\"block-31f8262e-67d2-4e54-a62a-5493ac8ba016\">\n<li><strong>Klubo rengini\u0173 dalyviai (toliau \u2013 dalyviai) privalo:<\/strong>\n\n\n<ol class=\"wp-block-list\">\n<li>gerbti vienas kit\u0105 ir laikytis LR \u012fstatym\u0173, kult\u016bringo bendravimo, etikos, ir higienos norm\u0173;<\/li>\n\n\n\n<li>laikytis sporti\u0161ko elgesio, garbingo ir s\u0105\u017einingo \u017eaidimo princip\u0173;<\/li>\n\n\n\n<li>gerbti organizatori\u0173 bei rengin\u012f priiman\u010dios \u012fstaigos nustatytas elgesio taisykles;<\/li>\n\n\n\n<li>tausoti klubo inventori\u0173 \u2013 \u0161velniai elgtis su laikrod\u017eiais, \u012fsitikinti, jog po partijos visos fig\u016bros sustatytos \u012f pradin\u0119 pad\u0117t\u012f, negadinti ir nesisavinti inventoriaus;<\/li>\n\n\n\n<li>b\u016bti mandag\u016bs su rengin\u012f priiman\u010dios \u012fstaigos personalu, tausoti \u012fstaigos turt\u0105 bei jos suteikiamas patalpas;<\/li>\n\n\n\n<li>pasitik\u0117ti teis\u0117j\u0173 ir organizatori\u0173 kompetencija priimant sprendimus bei bendradarbiauti u\u017etikrinant skland\u017ei\u0105 renginio eig\u0105;<\/li>\n\n\n\n<li>u\u017etikrinti kit\u0173 \u017eaid\u017eian\u010di\u0173 dalyvi\u0173 teis\u0119 \u012f tyl\u0105 ir galimyb\u0119 susikaupti partijos metu;<\/li>\n\n\n\n<li>turnyro metu \u012fsitikinti, kad j\u0173 rezultatai fiksuojami teisingai;<\/li>\n\n\n\n<li>apie savo nedalyvavim\u0105 v\u0117lesniuose turnyro etapuose informuoti organizatorius i\u0161 anksto.<br><\/li>\n<\/ol>\n<\/li>\n\n\n\n<li><strong>Klubas pasilieka teis\u0119 neleisti renginiuose dalyvauti neadekva\u010diai besielgiantiems, nekult\u016bringiems ar apsvaigusiems, taip pat piktybi\u0161kai nesilaikantiems \u0161i\u0173 taisykli\u0173 ar d\u0117l kit\u0173 prie\u017eas\u010di\u0173 nepriimtiniems asmenims, neteikdami paai\u0161kinimo.<\/strong><\/li>\n\n\n\n<li><strong>Klubas pasilieka teis\u0119 neleisti dalyvauti ar pa\u0161alinti i\u0161 renginio asmenis, kuri\u0173 dalyvavimas var\u017eybose gali pakenkti j\u0173 sveikatos b\u016bklei.<\/strong><br><\/li>\n\n\n\n<li><strong>Jei renginys vykdomas pagal FIDE ar kitos organizacijos taisykles, dalyviai privalo jas gerbti ir j\u0173 laikytis.<\/strong><br><\/li>\n\n\n\n<li><strong>Dalyviai turi puosel\u0117ti Klubo vard\u0105 bei reputacij\u0105 ir u\u017e klubo rengini\u0173 rib\u0173.<\/strong><br><\/li>\n\n\n\n<li><strong>Galimos drausmin\u0117s nuobaudos u\u017e \u0161i\u0173 taisykli\u0173 nesilaikym\u0105:<\/strong>\n\n\n<ul class=\"wp-block-list\">\n<li>\u012fsp\u0117jimas;<\/li>\n\n\n\n<li>\u0161alinimas i\u0161 renginio;<\/li>\n\n\n\n<li>diskvalifikacija (terminuota arba neterminuota) i\u0161 kit\u0173 priiman\u010dioje \u012fstaigoje vykdom\u0173 rengini\u0173;<\/li>\n\n\n\n<li>diskvalifikacija (terminuota arba neterminuota) i\u0161 vis\u0173 Klubo rengini\u0173.<br><\/li>\n<\/ul>\n<\/li>\n\n\n\n<li><strong>Apie drausmin\u0119 nuobaud\u0105 dalyv\u012f informuoja renginio organizatorius, o diskvalifikacijos atveju \u2013 Klubo vadovas.<\/strong><br><\/li>\n\n\n\n<li><strong>Rengini\u0173 dalyviai sutinka, kad dalyvavimo renginyje faktas bei organizatori\u0173 u\u017efiksuota vaizdin\u0117 med\u017eiaga su j\u0173 atvaizdu gali b\u016bti naudojama klubo veiklos vie\u0161inimo, rinkodaros ar reklamos tikslais. \u0160is naudojimas apima med\u017eiagos publikavim\u0105 spaudoje, klubo internetin\u0117je svetain\u0117je, socialiniuose tinkluose ir kituose informacijos \u0161altiniuose.<\/strong><br><\/li>\n\n\n\n<li><strong>Saugomi ir vie\u0161ai prieinami duomenys:<\/strong>\n\n\n<ul class=\"wp-block-list\">\n<li>vardas, pavard\u0117;<\/li>\n\n\n\n<li>lytis;<\/li>\n\n\n\n<li>gimimo metai;<\/li>\n\n\n\n<li>nuotraukos i\u0161 var\u017eyb\u0173;<\/li>\n\n\n\n<li>klubo nario statusas;<\/li>\n\n\n\n<li>dalyvavimo renginiuose istorija;<\/li>\n\n\n\n<li>su dalyvavimu konkre\u010diuose renginiuose susijusi informacija, pateikiama var\u017eyb\u0173 organizatoriui (pvz., atstovaujamas miestas ar universiteto fakultetas).<\/li>\n<\/ul>\n<\/li>\n<\/ol>\n","protected":false},"excerpt":{"rendered":"","protected":false},"author":1,"featured_media":0,"parent":0,"menu_order":0,"comment_status":"closed","ping_status":"closed","template":"","meta":{"_mi_skip_tracking":false,"_monsterinsights_sitenote_active":false,"_monsterinsights_sitenote_note":"","_monsterinsights_sitenote_category":0,"_starter_page_template":"blank","_wpcom_template_layout_category":[],"footnotes":""},"class_list":["post-2568","page","type-page","status-publish","hentry","entry"],"aioseo_notices":[],"_links":{"self":[{"href":"https:\/\/vilniuschess.lt\/lt\/wp-json\/wp\/v2\/pages\/2568"}],"collection":[{"href":"https:\/\/vilniuschess.lt\/lt\/wp-json\/wp\/v2\/pages"}],"about":[{"href":"https:\/\/vilniuschess.lt\/lt\/wp-json\/wp\/v2\/types\/page"}],"author":[{"embeddable":true,"href":"https:\/\/vilniuschess.lt\/lt\/wp-json\/wp\/v2\/users\/1"}],"replies":[{"embeddable":true,"href":"https:\/\/vilniuschess.lt\/lt\/wp-json\/wp\/v2\/comments?post=2568"}],"version-history":[{"count":5,"href":"https:\/\/vilniuschess.lt\/lt\/wp-json\/wp\/v2\/pages\/2568\/revisions"}],"predecessor-version":[{"id":3520,"href":"https:\/\/vilniuschess.lt\/lt\/wp-json\/wp\/v2\/pages\/2568\/revisions\/3520"}],"wp:attachment":[{"href":"https:\/\/vilniuschess.lt\/lt\/wp-json\/wp\/v2\/media?parent=2568"}],"curies":[{"name":"wp","href":"https:\/\/api.w.org\/{rel}","templated":true}]}}