{"id":2539,"date":"2023-02-03T12:12:28","date_gmt":"2023-02-03T12:12:28","guid":{"rendered":"https:\/\/vilniuschess.lt\/?page_id=2539"},"modified":"2023-02-03T13:18:41","modified_gmt":"2023-02-03T13:18:41","slug":"for-business","status":"publish","type":"page","link":"https:\/\/vilniuschess.lt\/lt\/for-business\/","title":{"rendered":"Paslaugos \u012fmon\u0117ms"},"content":{"rendered":"\n<div class=\"wp-block-image\"><figure class=\"aligncenter size-large\"><img loading=\"lazy\" decoding=\"async\" width=\"600\" height=\"400\" src=\"https:\/\/vilniuschess.lt\/wp-content\/uploads\/2022\/06\/UzpBlitz-600x400.jpg\" alt=\"\" class=\"wp-image-1486\" srcset=\"https:\/\/vilniuschess.lt\/wp-content\/uploads\/2022\/06\/UzpBlitz-600x400.jpg 600w, https:\/\/vilniuschess.lt\/wp-content\/uploads\/2022\/06\/UzpBlitz-300x200.jpg 300w, https:\/\/vilniuschess.lt\/wp-content\/uploads\/2022\/06\/UzpBlitz-768x512.jpg 768w, https:\/\/vilniuschess.lt\/wp-content\/uploads\/2022\/06\/UzpBlitz-1536x1024.jpg 1536w, https:\/\/vilniuschess.lt\/wp-content\/uploads\/2022\/06\/UzpBlitz-16x12.jpg 16w, https:\/\/vilniuschess.lt\/wp-content\/uploads\/2022\/06\/UzpBlitz-1200x800.jpg 1200w, https:\/\/vilniuschess.lt\/wp-content\/uploads\/2022\/06\/UzpBlitz-1568x1045.jpg 1568w, https:\/\/vilniuschess.lt\/wp-content\/uploads\/2022\/06\/UzpBlitz.jpg 2048w\" sizes=\"(max-width: 600px) 100vw, 600px\" \/><\/figure><\/div>\n\n\n\n<p>Vilniaus \u0161achmat\u0173 klubas teikia trumpalaik\u0117s \u0161achmat\u0173 nuomos paslaugas J\u016bs\u0173 \u012fstaigos ar privatiems renginiams Vilniuje ir kitur.<\/p>\n\n\n\n<p>\u012e komplekt\u0105 \u012feina <strong>\u0161achmat\u0173 lenta<\/strong> (vinilin\u0117, 55&#215;55 cm), <strong>fig\u016bros<\/strong> (medin\u0117s Staunton nr. 7) ir <strong>laikrodis<\/strong> (DGT-2010).<br><br>Taip pat organizuojame turnyrus ar kitus \u0161achmat\u0173 renginius \u012fstaigoms ar privatiems renginiams!<\/p>\n\n\n\n<figure class=\"wp-block-table\"><table><tbody><tr><th>Paslauga<\/th><th>Kaina<\/th><\/tr><tr><td><strong>Komplekt\u0173 nuoma iki 10 vnt.<\/strong><\/td><td>30 Eur<\/td><\/tr><tr><td><strong>Komplekt\u0173 nuoma &gt; 10 vnt.<\/strong><\/td><td>+10 Eur u\u017e 10 komplekt\u0173<\/td><\/tr><tr><td><strong>Var\u017eyb\u0173 organizavimas ir teis\u0117javimas<\/strong><\/td><td>nuo 30 Eur<\/td><\/tr><tr><td><strong>Komplekt\u0173 atve\u017eimas \u012f renginio viet\u0105<\/strong><\/td><td>pagal susitarim\u0105<\/td><\/tr><\/tbody><\/table><\/figure>\n\n\n\n<p>D\u0117l nuomos kreiptis el. pa\u0161tu <a href=\"mailto:info@vilniuschess.lt\">info@vilniuschess.lt<\/a> arba tel. nr. <strong>+370 696 23502<\/strong> (Andrius Paulauskas).<\/p>\n","protected":false},"excerpt":{"rendered":"<p>Vilniaus \u0161achmat\u0173 klubas teikia trumpalaik\u0117s \u0161achmat\u0173 nuomos paslaugas J\u016bs\u0173 \u012fstaigos ar privatiems renginiams Vilniuje ir kitur. \u012e komplekt\u0105 \u012feina \u0161achmat\u0173 lenta (vinilin\u0117, 55&#215;55 cm), fig\u016bros (medin\u0117s Staunton nr. 7) ir laikrodis (DGT-2010). Taip pat organizuojame turnyrus ar kitus \u0161achmat\u0173 renginius \u012fstaigoms ar privatiems renginiams! Paslauga Kaina Komplekt\u0173 nuoma iki 10 vnt. 30 Eur Komplekt\u0173 nuoma<a class=\"more-link\" href=\"https:\/\/vilniuschess.lt\/lt\/for-business\/\">Continue reading <span class=\"screen-reader-text\">&#8222;Paslaugos \u012fmon\u0117ms&#8221;<\/span><\/a><\/p>\n","protected":false},"author":1,"featured_media":1346,"parent":0,"menu_order":0,"comment_status":"closed","ping_status":"closed","template":"","meta":{"_mi_skip_tracking":false,"_monsterinsights_sitenote_active":false,"_monsterinsights_sitenote_note":"","_monsterinsights_sitenote_category":0,"_starter_page_template":"blank","_wpcom_template_layout_category":[],"footnotes":""},"class_list":["post-2539","page","type-page","status-publish","has-post-thumbnail","hentry","entry"],"aioseo_notices":[],"_links":{"self":[{"href":"https:\/\/vilniuschess.lt\/lt\/wp-json\/wp\/v2\/pages\/2539"}],"collection":[{"href":"https:\/\/vilniuschess.lt\/lt\/wp-json\/wp\/v2\/pages"}],"about":[{"href":"https:\/\/vilniuschess.lt\/lt\/wp-json\/wp\/v2\/types\/page"}],"author":[{"embeddable":true,"href":"https:\/\/vilniuschess.lt\/lt\/wp-json\/wp\/v2\/users\/1"}],"replies":[{"embeddable":true,"href":"https:\/\/vilniuschess.lt\/lt\/wp-json\/wp\/v2\/comments?post=2539"}],"version-history":[{"count":8,"href":"https:\/\/vilniuschess.lt\/lt\/wp-json\/wp\/v2\/pages\/2539\/revisions"}],"predecessor-version":[{"id":2559,"href":"https:\/\/vilniuschess.lt\/lt\/wp-json\/wp\/v2\/pages\/2539\/revisions\/2559"}],"wp:featuredmedia":[{"embeddable":true,"href":"https:\/\/vilniuschess.lt\/lt\/wp-json\/wp\/v2\/media\/1346"}],"wp:attachment":[{"href":"https:\/\/vilniuschess.lt\/lt\/wp-json\/wp\/v2\/media?parent=2539"}],"curies":[{"name":"wp","href":"https:\/\/api.w.org\/{rel}","templated":true}]}}