{"id":2473,"date":"2023-01-16T09:31:45","date_gmt":"2023-01-16T09:31:45","guid":{"rendered":"https:\/\/vilniuschess.lt\/?page_id=2473"},"modified":"2024-03-30T20:08:52","modified_gmt":"2024-03-30T20:08:52","slug":"lessons","status":"publish","type":"page","link":"https:\/\/vilniuschess.lt\/lt\/lessons\/","title":{"rendered":"Pamokos suaugusiesiems"},"content":{"rendered":"\n<h3 class=\"wp-block-heading has-primary-color has-text-color\"><strong>D\u0116MESIO \u2013 nuo 2024 m. baland\u017eio pamokos NEBEVYKSTA.<\/strong><\/h3>\n\n\n\n<p>***<\/p>\n\n\n\n<p>Vykdome grupines Vilniaus \u0161achmat\u0173 klubo <strong>pamokas suaugusiesiems<\/strong>.<\/p>\n\n\n\n<p>U\u017esi\u0117mimai skirti suaugusiems bei 9-12 klasi\u0173 moksleiviams, galimos i\u0161imtys kvalifikuotiems jaunesniems \u017eaid\u0117jams.<\/p>\n\n\n\n<p><strong>Pirm\u0105j\u0105 treniruot\u0119 kvie\u010diame i\u0161bandyti nemokamai!<\/strong><\/p>\n\n\n\n<p><strong>Vieta:<\/strong> <a href=\"https:\/\/goo.gl\/maps\/wLcSJNdsAz6eh8zcA\" target=\"_blank\" rel=\"noreferrer noopener\" title=\"\u017dalgirio g. 88A\"><strong>\u017dalgirio g. 88A<\/strong><\/a>, \u012f\u0117jimas i\u0161 Ratny\u010dios g. pus\u0117s (Kamil\u0117s \u0161achmat\u0173 studija), 2 auk\u0161tas, kabinetas nr. 2<\/p>\n\n\n\n<p>Apie savo nor\u0105 lankyti u\u017esi\u0117mimus pra\u0161ome informuoti trener\u012f <strong>FIDE meistr\u0105 <a href=\"https:\/\/vilniuschess.lt\/weekly-blitz\/player\/?id=311\" target=\"_blank\" rel=\"noreferrer noopener\">Ar\u0105 Vardanyan<\/a>.<\/strong> (el. <a href=\"mailto:arasvard12@gmail.com\">arasvard12@gmail.com<\/a> arba tel. +370 626 60517)<\/p>\n\n\n\n<h3 class=\"wp-block-heading\"><strong>Tvarkara\u0161tis:<\/strong><\/h3>\n\n\n\n<ul class=\"wp-block-list\">\n<li>Tre\u010diadien\u012f nuo 18:30 iki 20:30 \u2013 pa\u017eengusi\u0173j\u0173 treniruot\u0117s.<\/li>\n\n\n\n<li>Ketvirtadien\u012f nuo 18:30 iki 20:30 \u2013 pradedan\u010di\u0173j\u0173 treniruot\u0117s.<\/li>\n<\/ul>\n\n\n<div class=\"wp-block-image is-resized\">\n<figure class=\"aligncenter size-large\"><img loading=\"lazy\" decoding=\"async\" width=\"563\" height=\"600\" src=\"https:\/\/vilniuschess.lt\/wp-content\/uploads\/2023\/01\/VSKtreneriai-e1692694033255-563x600.jpg\" alt=\"\" class=\"wp-image-2474\" style=\"aspect-ratio:0.9383333333333334;width:343px;height:auto\" srcset=\"https:\/\/vilniuschess.lt\/wp-content\/uploads\/2023\/01\/VSKtreneriai-e1692694033255-563x600.jpg 563w, https:\/\/vilniuschess.lt\/wp-content\/uploads\/2023\/01\/VSKtreneriai-e1692694033255-282x300.jpg 282w, https:\/\/vilniuschess.lt\/wp-content\/uploads\/2023\/01\/VSKtreneriai-e1692694033255-768x818.jpg 768w, https:\/\/vilniuschess.lt\/wp-content\/uploads\/2023\/01\/VSKtreneriai-e1692694033255-11x12.jpg 11w, https:\/\/vilniuschess.lt\/wp-content\/uploads\/2023\/01\/VSKtreneriai-e1692694033255.jpg 1006w\" sizes=\"(max-width: 563px) 100vw, 563px\" \/><\/figure><\/div>\n\n\n<h3 class=\"wp-block-heading\"><strong>Apmok\u0117jimo tvarka:<\/strong><\/h3>\n\n\n\n<p>Vienos treniruot\u0117s kaina: <strong>7 eurai<\/strong> <a href=\"https:\/\/vilniuschess.lt\/membership\/\" target=\"_blank\" rel=\"noreferrer noopener\">V\u0160K nariams<\/a>, <strong>10 eur\u0173<\/strong> kitiems. Pamokos apmokamos i\u0161 anksto, galima apmok\u0117ti kelias \u012f priek\u012f.<br><br>Apmok\u0117ti i\u0161 anksto u\u017e art\u0117jan\u010dias pamokas:<\/p>\n\n\n\n<ul class=\"wp-block-list\">\n<li><strong>Rekvizitai<\/strong>:<br>Vilniaus \u0161achmat\u0173 klubas, V\u0161\u012e<br>LT67 7044 0600 0791 4577<br>AB SEB Bankas<\/li>\n\n\n\n<li><strong>Paskirtis:<\/strong><br>Dalyvavimas V\u0160K \u0161achmat\u0173 pamokose.<\/li>\n<\/ul>\n","protected":false},"excerpt":{"rendered":"<p>D\u0116MESIO \u2013 nuo 2024 m. baland\u017eio pamokos NEBEVYKSTA. *** Vykdome grupines Vilniaus \u0161achmat\u0173 klubo pamokas suaugusiesiems. U\u017esi\u0117mimai skirti suaugusiems bei 9-12 klasi\u0173 moksleiviams, galimos i\u0161imtys kvalifikuotiems jaunesniems \u017eaid\u0117jams. Pirm\u0105j\u0105 treniruot\u0119 kvie\u010diame i\u0161bandyti nemokamai! Vieta: \u017dalgirio g. 88A, \u012f\u0117jimas i\u0161 Ratny\u010dios g. pus\u0117s (Kamil\u0117s \u0161achmat\u0173 studija), 2 auk\u0161tas, kabinetas nr. 2 Apie savo nor\u0105 lankyti u\u017esi\u0117mimus<a class=\"more-link\" href=\"https:\/\/vilniuschess.lt\/lt\/lessons\/\">Continue reading <span class=\"screen-reader-text\">&#8222;Pamokos suaugusiesiems&#8221;<\/span><\/a><\/p>\n","protected":false},"author":1,"featured_media":2474,"parent":0,"menu_order":0,"comment_status":"closed","ping_status":"closed","template":"","meta":{"_mi_skip_tracking":false,"_monsterinsights_sitenote_active":false,"_monsterinsights_sitenote_note":"","_monsterinsights_sitenote_category":0,"_starter_page_template":"blank","_wpcom_template_layout_category":[],"footnotes":""},"class_list":["post-2473","page","type-page","status-publish","has-post-thumbnail","hentry","entry"],"aioseo_notices":[],"_links":{"self":[{"href":"https:\/\/vilniuschess.lt\/lt\/wp-json\/wp\/v2\/pages\/2473"}],"collection":[{"href":"https:\/\/vilniuschess.lt\/lt\/wp-json\/wp\/v2\/pages"}],"about":[{"href":"https:\/\/vilniuschess.lt\/lt\/wp-json\/wp\/v2\/types\/page"}],"author":[{"embeddable":true,"href":"https:\/\/vilniuschess.lt\/lt\/wp-json\/wp\/v2\/users\/1"}],"replies":[{"embeddable":true,"href":"https:\/\/vilniuschess.lt\/lt\/wp-json\/wp\/v2\/comments?post=2473"}],"version-history":[{"count":25,"href":"https:\/\/vilniuschess.lt\/lt\/wp-json\/wp\/v2\/pages\/2473\/revisions"}],"predecessor-version":[{"id":3616,"href":"https:\/\/vilniuschess.lt\/lt\/wp-json\/wp\/v2\/pages\/2473\/revisions\/3616"}],"wp:featuredmedia":[{"embeddable":true,"href":"https:\/\/vilniuschess.lt\/lt\/wp-json\/wp\/v2\/media\/2474"}],"wp:attachment":[{"href":"https:\/\/vilniuschess.lt\/lt\/wp-json\/wp\/v2\/media?parent=2473"}],"curies":[{"name":"wp","href":"https:\/\/api.w.org\/{rel}","templated":true}]}}