{"id":217,"date":"2020-12-24T17:59:14","date_gmt":"2020-12-24T15:59:14","guid":{"rendered":"https:\/\/vilniuschess659064488.wordpress.com\/?page_id=217"},"modified":"2025-12-28T10:25:05","modified_gmt":"2025-12-28T10:25:05","slug":"teams","status":"publish","type":"page","link":"https:\/\/vilniuschess.lt\/lt\/teams\/","title":{"rendered":"Komandos"},"content":{"rendered":"\n<p>Vilniaus \u0161achmat\u0173 klubo nariai atstovauja V\u0160K vietin\u0117se bei nacionalin\u0117se komandin\u0117se var\u017eybose.<\/p>\n\n\n\n<p>Nuo 2017 m. V\u0160K komandos dalyvauja ir Lietuvos \u0161achmat\u0173 lygoje.<br>2019 m. V\u0160K moter\u0173 komanda tapo Lietuvos moter\u0173 \u0161achmat\u0173 lygos nugal\u0117toja.<br>2024 m. V\u0160K-Chess United komanda tapo Lietuvos \u0161achmat\u0173 lygos nugal\u0117toja.<\/p>\n\n\n\n<p><strong>Pasirinkite metus: <a href=\"\/komandos-2025\/\" target=\"_blank\" rel=\"noopener\" title=\"2025 \">2025<\/a> <\/strong>\u2013 <a href=\"\/teams-2024\/\" title=\"2024 \">2024<\/a> \u2013 <a href=\"\/teams-2022\/\"><\/a><a href=\"\/teams-2023\/\" title=\"2023\">2023<\/a> \u2013 <a href=\"\/teams-2022\/\">2022<\/a> \u2013 <a href=\"\/teams-2021\/\">2021<\/a> \u2013 <a href=\"\/teams-2020\/\">2020<\/a> \u2013 <a href=\"\/teams-2019\">2019<\/a> \u2013\u00a0<a href=\"\/teams-2018\">2018<\/a> \u2013 <a href=\"\/teams-2017\">2017<\/a><\/p>\n","protected":false},"excerpt":{"rendered":"<p>Vilniaus \u0161achmat\u0173 klubo nariai atstovauja V\u0160K vietin\u0117se bei nacionalin\u0117se komandin\u0117se var\u017eybose. Nuo 2017 m. V\u0160K komandos dalyvauja ir Lietuvos \u0161achmat\u0173 lygoje.2019 m. V\u0160K moter\u0173 komanda tapo Lietuvos moter\u0173 \u0161achmat\u0173 lygos nugal\u0117toja.2024 m. V\u0160K-Chess United komanda tapo Lietuvos \u0161achmat\u0173 lygos nugal\u0117toja. Pasirinkite metus: 2025 \u2013 2024 \u2013 2023 \u2013 2022 \u2013 2021 \u2013 2020 \u2013 2019<a class=\"more-link\" href=\"https:\/\/vilniuschess.lt\/lt\/teams\/\">Continue reading <span class=\"screen-reader-text\">&#8222;Komandos&#8221;<\/span><\/a><\/p>\n","protected":false},"author":1,"featured_media":0,"parent":0,"menu_order":0,"comment_status":"closed","ping_status":"closed","template":"","meta":{"_mi_skip_tracking":false,"_monsterinsights_sitenote_active":false,"_monsterinsights_sitenote_note":"","_monsterinsights_sitenote_category":0,"_starter_page_template":"blank","_wpcom_template_layout_category":[],"footnotes":""},"class_list":["post-217","page","type-page","status-publish","hentry","entry"],"aioseo_notices":[],"_links":{"self":[{"href":"https:\/\/vilniuschess.lt\/lt\/wp-json\/wp\/v2\/pages\/217"}],"collection":[{"href":"https:\/\/vilniuschess.lt\/lt\/wp-json\/wp\/v2\/pages"}],"about":[{"href":"https:\/\/vilniuschess.lt\/lt\/wp-json\/wp\/v2\/types\/page"}],"author":[{"embeddable":true,"href":"https:\/\/vilniuschess.lt\/lt\/wp-json\/wp\/v2\/users\/1"}],"replies":[{"embeddable":true,"href":"https:\/\/vilniuschess.lt\/lt\/wp-json\/wp\/v2\/comments?post=217"}],"version-history":[{"count":28,"href":"https:\/\/vilniuschess.lt\/lt\/wp-json\/wp\/v2\/pages\/217\/revisions"}],"predecessor-version":[{"id":4751,"href":"https:\/\/vilniuschess.lt\/lt\/wp-json\/wp\/v2\/pages\/217\/revisions\/4751"}],"wp:attachment":[{"href":"https:\/\/vilniuschess.lt\/lt\/wp-json\/wp\/v2\/media?parent=217"}],"curies":[{"name":"wp","href":"https:\/\/api.w.org\/{rel}","templated":true}]}}