{"id":184,"date":"2020-12-24T15:55:29","date_gmt":"2020-12-24T13:55:29","guid":{"rendered":"https:\/\/vilniuschess659064488.wordpress.com\/?page_id=6"},"modified":"2026-03-31T05:56:23","modified_gmt":"2026-03-31T05:56:23","slug":"home","status":"publish","type":"page","link":"https:\/\/vilniuschess.lt\/lt\/","title":{"rendered":"Sveiki atvyk\u0119!"},"content":{"rendered":"\n<p><style>\n@media (max-width: 768px) {<br \/>\n  .wp-block-cover {<br \/>\n    display: inline-grid !important;<br \/>\n  }<br \/>\n}<br \/>\n@media (min-width: 769px) {<br \/>\n  .right-container {<br \/>\n    max-width: 40%;<br \/>\n  }<br \/>\n}<br \/>\n<\/style><\/p>\n\n\n\n<div class=\"wp-block-cover alignfull has-background-dim-80 has-primary-background-color has-background-dim has-4-a-0087-background-color is-style-default\" style=\"background-color: #4a0087 !important; background-image: url('https:\/\/vilniuschess.lt\/wp-content\/uploads\/2023\/11\/lzbStock2023.jpg'); min-height: 364px;\">\n<div class=\"wp-block-cover__inner-container\">\n<h5 class=\"has-text-align-justify\"><strong>Kvie\u010diame tapti klubo nariu 2026 metams!<\/strong><\/h5>\n<p>Nario mokestis \u2013 <strong>70 Eur<\/strong> metams.<\/p>\n<h4><a href=\"\/membership\/\" target=\"_blank\" rel=\"noopener\"><strong>NARYST\u0116S \u012eSIGIJIMAS<\/strong><\/a><\/h4>\n<p><i>Naryst\u0117 n\u0117ra b\u016btina dalyvauti renginiuose.<br\/>Tai b\u016bdas paremti klub\u0105 ir gauti nuolaid\u0173!<\/i><\/p>\n<\/div>\n<div class=\"wp-block-cover__inner-container right-container\">\n<h5 class=\"has-text-align-justify\"><img loading=\"lazy\" decoding=\"async\" class=\"alignnone size-medium wp-image-4721\" src=\"https:\/\/vilniuschess.lt\/wp-content\/uploads\/2025\/12\/VSK2026_back-300x190.jpg\" alt=\"\" width=\"300\" height=\"190\" srcset=\"https:\/\/vilniuschess.lt\/wp-content\/uploads\/2025\/12\/VSK2026_back-300x190.jpg 300w, https:\/\/vilniuschess.lt\/wp-content\/uploads\/2025\/12\/VSK2026_back-18x12.jpg 18w, https:\/\/vilniuschess.lt\/wp-content\/uploads\/2025\/12\/VSK2026_back.jpg 535w\" sizes=\"(max-width: 300px) 100vw, 300px\" \/><\/h5>\n<\/div>\n<div class=\"wp-block-cover__inner-container right-container\">\n<p><strong>Naryst\u0117s naudos:<\/strong>\n<ul>\n<li>nemokami savaitiniai turnyrai<\/li>\n<li>nuolaidos kituose turnyruose<\/li>\n<li>u\u017edari turnyrai nariams<\/li>\n<li>papildomi prizai V\u0160K \u017eaid\u0117j\u0173 \u012fskaitoje<\/li>\n<li>nario kortel\u0117<\/li>\n<\/ul><\/p>\n<\/div>\n<\/div>\n\n\n\n<div class=\"wp-block-cover alignfull has-background-dim-80 has-background-dim\" style=\"background-color: #ca2017 !important; background-size: 100%; background-image: url('https:\/\/vilniuschess.lt\/wp-content\/uploads\/2020\/12\/uzupio_pasaulio_cempionatas_20190431-e1610640115903.jpg'); min-height: 313px;\">\n<div class=\"wp-block-cover__inner-container\">\n<h4 class=\"has-text-align-left\">SUSISIEKITE<\/h4>\n<p><strong>EL. PA\u0160TAS:<\/strong><br>info@vilniuschess.lt<br><strong>TEL. NR.:<\/strong><br>+370 696 23502<\/p>\n<\/div>\n<div class=\"wp-block-cover__inner-container right-container\">\n<h4 class=\"has-text-align-left\">REKVIZITAI<\/h4>\n<p><strong>LT67 7044 0600 0791 4577<\/strong><br>AB SEB Bankas<br>Vilniaus \u0161achmat\u0173 klubas, V\u0161\u012e<br>\u012emon\u0117s kodas 303111749<br>Aduti\u0161kio g. 3-3, Vilnius<\/p>\n<\/div>\n<div class=\"wp-block-cover__inner-container right-container\">\n<p><strong>V\u0160K internete:<\/strong><\/p>\n<ul>\n<li>Chess.com \u2013&nbsp;<a href=\"https:\/\/www.chess.com\/club\/vilnius-chess-club\" target=\"_blank\" rel=\"noopener\"><strong>Vilnius Chess Club<\/strong><\/a><\/li>\n<li>Lichess.org \u2013&nbsp;<strong><a href=\"https:\/\/lichess.org\/team\/vilnius-chess-club\" target=\"_blank\" rel=\"noopener\">Vilnius Chess Club<\/a><\/strong><\/li>\n<\/ul>\n<\/div>\n<\/div>\n\n\n\n<div class=\"wp-block-group alignfull has-text-color has-background\" style=\"color:#000000;background-color:#ffffff\"><div class=\"wp-block-group__inner-container is-layout-flow wp-block-group-is-layout-flow\">\n<div class=\"wp-block-columns alignwide margin-bottom-none is-layout-flex wp-container-core-columns-is-layout-1 wp-block-columns-is-layout-flex\">\n<div class=\"wp-block-column is-layout-flow wp-block-column-is-layout-flow\"><div class=\"wp-block-newspack-blocks-carousel wp-block-newspack-blocks-carousel__autoplay-playing slides-per-view-1 wpnbpc\" id=\"wp-block-newspack-carousel__1\" data-current-post-id=4872 data-slides-per-view=1 data-slide-count=6 data-aspect-ratio=0.75 data-autoplay=1 data-autoplay_delay=5><button aria-label=\"Pause Slideshow\" class=\"swiper-button swiper-button-pause\"><\/button><button aria-label=\"Play Slideshow\" class=\"swiper-button swiper-button-play\"><\/button><div class=\"swiper\"><div class=\"swiper-wrapper\">\n\t\t\t<article data-post-id=\"4983\" class=\"post-has-image swiper-slide category-uncategorized type-post post\">\n\t\t\t\t\t\t\t\t<figure class=\"post-thumbnail\">\n\t\t\t\t\t\t\t\t\t\t<a href=\"https:\/\/vilniuschess.lt\/lt\/2026\/04\/06\/vsk-velykinis-turnyras-2\/\" rel=\"bookmark\" tabindex=\"-1\" aria-hidden=\"true\">\n\t\t\t\t\t\t\t\t\t\t\t\t\t\t\t\t\t\t<img loading=\"lazy\" decoding=\"async\" width=\"600\" height=\"412\" src=\"https:\/\/vilniuschess.lt\/wp-content\/uploads\/2024\/06\/VasarosChessStock-600x412.jpg\" class=\"image-fit-cover wp-post-image\" alt=\"V\u0160K Velykinis turnyras\" object-fit=\"cover\" layout=\"fill\" srcset=\"https:\/\/vilniuschess.lt\/wp-content\/uploads\/2024\/06\/VasarosChessStock-600x412.jpg 600w, https:\/\/vilniuschess.lt\/wp-content\/uploads\/2024\/06\/VasarosChessStock-300x206.jpg 300w, https:\/\/vilniuschess.lt\/wp-content\/uploads\/2024\/06\/VasarosChessStock-768x528.jpg 768w, https:\/\/vilniuschess.lt\/wp-content\/uploads\/2024\/06\/VasarosChessStock-18x12.jpg 18w, https:\/\/vilniuschess.lt\/wp-content\/uploads\/2024\/06\/VasarosChessStock-1200x824.jpg 1200w, https:\/\/vilniuschess.lt\/wp-content\/uploads\/2024\/06\/VasarosChessStock.jpg 1364w\" sizes=\"(max-width: 600px) 100vw, 600px\" \/>\t\t\t\t\t\t\t\t\t\t\t\t\t\t\t\t<\/a>\n\t\t\t\t\t\t\t\t\t<\/figure>\n\n\t\t\t\t\t\t\t\t\t<div class=\"entry-wrapper\">\n\t\t\t\t\t\t<h3 class=\"entry-title\"><a href=\"https:\/\/vilniuschess.lt\/lt\/2026\/04\/06\/vsk-velykinis-turnyras-2\/\" rel=\"bookmark\">V\u0160K Velykinis turnyras<\/a><\/h3>\n\t\t\t\t\t\t<div class=\"entry-meta\">\n\t\t\t\t\t\t\t<time class=\"entry-date published\" datetime=\"2026-04-06T09:53:08+00:00\">6 baland\u017eio, 2026<\/time>\t\t\t\t\t\t<\/div><!-- .entry-meta -->\n\t\t\t\t\t<\/div><!-- .entry-wrapper -->\n\t\t\t\t\t\t\t<\/article>\n\t\t\t\n\t\t\t<article data-post-id=\"4897\" class=\"post-has-image swiper-slide category-uncategorized type-post post\">\n\t\t\t\t\t\t\t\t<figure class=\"post-thumbnail\">\n\t\t\t\t\t\t\t\t\t\t<a href=\"https:\/\/vilniuschess.lt\/lt\/2026\/03\/20\/kaltanenai-rapid-2026\/\" rel=\"bookmark\" tabindex=\"-1\" aria-hidden=\"true\">\n\t\t\t\t\t\t\t\t\t\t\t\t\t\t\t\t\t\t<img loading=\"lazy\" decoding=\"async\" width=\"600\" height=\"395\" src=\"https:\/\/vilniuschess.lt\/wp-content\/uploads\/2024\/04\/KaltanenaiRapid-600x395.jpg\" class=\"image-fit-cover wp-post-image\" alt=\"Kaltan\u0117nai Rapid 2026\" object-fit=\"cover\" layout=\"fill\" srcset=\"https:\/\/vilniuschess.lt\/wp-content\/uploads\/2024\/04\/KaltanenaiRapid-600x395.jpg 600w, https:\/\/vilniuschess.lt\/wp-content\/uploads\/2024\/04\/KaltanenaiRapid-300x198.jpg 300w, https:\/\/vilniuschess.lt\/wp-content\/uploads\/2024\/04\/KaltanenaiRapid-768x506.jpg 768w, https:\/\/vilniuschess.lt\/wp-content\/uploads\/2024\/04\/KaltanenaiRapid-1536x1012.jpg 1536w, https:\/\/vilniuschess.lt\/wp-content\/uploads\/2024\/04\/KaltanenaiRapid-18x12.jpg 18w, https:\/\/vilniuschess.lt\/wp-content\/uploads\/2024\/04\/KaltanenaiRapid-1200x790.jpg 1200w, https:\/\/vilniuschess.lt\/wp-content\/uploads\/2024\/04\/KaltanenaiRapid-1568x1033.jpg 1568w, https:\/\/vilniuschess.lt\/wp-content\/uploads\/2024\/04\/KaltanenaiRapid.jpg 2048w\" sizes=\"(max-width: 600px) 100vw, 600px\" \/>\t\t\t\t\t\t\t\t\t\t\t\t\t\t\t\t<\/a>\n\t\t\t\t\t\t\t\t\t<\/figure>\n\n\t\t\t\t\t\t\t\t\t<div class=\"entry-wrapper\">\n\t\t\t\t\t\t<h3 class=\"entry-title\"><a href=\"https:\/\/vilniuschess.lt\/lt\/2026\/03\/20\/kaltanenai-rapid-2026\/\" rel=\"bookmark\">Kaltan\u0117nai Rapid 2026<\/a><\/h3>\n\t\t\t\t\t\t<div class=\"entry-meta\">\n\t\t\t\t\t\t\t<time class=\"entry-date published\" datetime=\"2026-03-20T12:55:33+00:00\">20 kovo, 2026<\/time>\t\t\t\t\t\t<\/div><!-- .entry-meta -->\n\t\t\t\t\t<\/div><!-- .entry-wrapper -->\n\t\t\t\t\t\t\t<\/article>\n\t\t\t\n\t\t\t<article data-post-id=\"4892\" class=\"post-has-image swiper-slide category-uncategorized type-post post\">\n\t\t\t\t\t\t\t\t<figure class=\"post-thumbnail\">\n\t\t\t\t\t\t\t\t\t\t<a href=\"https:\/\/vilniuschess.lt\/lt\/2026\/03\/20\/spring-rapid-2026\/\" rel=\"bookmark\" tabindex=\"-1\" aria-hidden=\"true\">\n\t\t\t\t\t\t\t\t\t\t\t\t\t\t\t\t\t\t<img loading=\"lazy\" decoding=\"async\" width=\"600\" height=\"429\" src=\"https:\/\/vilniuschess.lt\/wp-content\/uploads\/2024\/03\/v16stock-600x429.jpg\" class=\"image-fit-cover wp-post-image\" alt=\"Spring Rapid 2026\" object-fit=\"cover\" layout=\"fill\" srcset=\"https:\/\/vilniuschess.lt\/wp-content\/uploads\/2024\/03\/v16stock-600x429.jpg 600w, https:\/\/vilniuschess.lt\/wp-content\/uploads\/2024\/03\/v16stock-300x214.jpg 300w, https:\/\/vilniuschess.lt\/wp-content\/uploads\/2024\/03\/v16stock-768x549.jpg 768w, https:\/\/vilniuschess.lt\/wp-content\/uploads\/2024\/03\/v16stock-18x12.jpg 18w, https:\/\/vilniuschess.lt\/wp-content\/uploads\/2024\/03\/v16stock-1200x857.jpg 1200w, https:\/\/vilniuschess.lt\/wp-content\/uploads\/2024\/03\/v16stock.jpg 1499w\" sizes=\"(max-width: 600px) 100vw, 600px\" \/>\t\t\t\t\t\t\t\t\t\t\t\t\t\t\t\t<\/a>\n\t\t\t\t\t\t\t\t\t<\/figure>\n\n\t\t\t\t\t\t\t\t\t<div class=\"entry-wrapper\">\n\t\t\t\t\t\t<h3 class=\"entry-title\"><a href=\"https:\/\/vilniuschess.lt\/lt\/2026\/03\/20\/spring-rapid-2026\/\" rel=\"bookmark\">Spring Rapid 2026<\/a><\/h3>\n\t\t\t\t\t\t<div class=\"entry-meta\">\n\t\t\t\t\t\t\t<time class=\"entry-date published\" datetime=\"2026-03-20T12:49:18+00:00\">20 kovo, 2026<\/time>\t\t\t\t\t\t<\/div><!-- .entry-meta -->\n\t\t\t\t\t<\/div><!-- .entry-wrapper -->\n\t\t\t\t\t\t\t<\/article>\n\t\t\t\n\t\t\t<article data-post-id=\"4885\" class=\"post-has-image swiper-slide category-uncategorized type-post post\">\n\t\t\t\t\t\t\t\t<figure class=\"post-thumbnail\">\n\t\t\t\t\t\t\t\t\t\t<a href=\"https:\/\/vilniuschess.lt\/lt\/2026\/03\/16\/partiju-apzvalga-su-fm-aru-vardanyan\/\" rel=\"bookmark\" tabindex=\"-1\" aria-hidden=\"true\">\n\t\t\t\t\t\t\t\t\t\t\t\t\t\t\t\t\t\t<img loading=\"lazy\" decoding=\"async\" width=\"600\" height=\"400\" src=\"https:\/\/vilniuschess.lt\/wp-content\/uploads\/2026\/03\/stokas-600x400.jpg\" class=\"image-fit-cover wp-post-image\" alt=\"Partij\u0173 ap\u017evalga su FM Aru Vardanyan\" object-fit=\"cover\" layout=\"fill\" srcset=\"https:\/\/vilniuschess.lt\/wp-content\/uploads\/2026\/03\/stokas-600x400.jpg 600w, https:\/\/vilniuschess.lt\/wp-content\/uploads\/2026\/03\/stokas-300x200.jpg 300w, https:\/\/vilniuschess.lt\/wp-content\/uploads\/2026\/03\/stokas-768x512.jpg 768w, https:\/\/vilniuschess.lt\/wp-content\/uploads\/2026\/03\/stokas-1536x1024.jpg 1536w, https:\/\/vilniuschess.lt\/wp-content\/uploads\/2026\/03\/stokas-18x12.jpg 18w, https:\/\/vilniuschess.lt\/wp-content\/uploads\/2026\/03\/stokas-1200x800.jpg 1200w, https:\/\/vilniuschess.lt\/wp-content\/uploads\/2026\/03\/stokas-1568x1045.jpg 1568w, https:\/\/vilniuschess.lt\/wp-content\/uploads\/2026\/03\/stokas.jpg 2048w\" sizes=\"(max-width: 600px) 100vw, 600px\" \/>\t\t\t\t\t\t\t\t\t\t\t\t\t\t\t\t<\/a>\n\t\t\t\t\t\t\t\t\t<\/figure>\n\n\t\t\t\t\t\t\t\t\t<div class=\"entry-wrapper\">\n\t\t\t\t\t\t<h3 class=\"entry-title\"><a href=\"https:\/\/vilniuschess.lt\/lt\/2026\/03\/16\/partiju-apzvalga-su-fm-aru-vardanyan\/\" rel=\"bookmark\">Partij\u0173 ap\u017evalga su FM Aru Vardanyan<\/a><\/h3>\n\t\t\t\t\t\t<div class=\"entry-meta\">\n\t\t\t\t\t\t\t<time class=\"entry-date published\" datetime=\"2026-03-16T07:36:44+00:00\">16 kovo, 2026<\/time>\t\t\t\t\t\t<\/div><!-- .entry-meta -->\n\t\t\t\t\t<\/div><!-- .entry-wrapper -->\n\t\t\t\t\t\t\t<\/article>\n\t\t\t\n\t\t\t<article data-post-id=\"4878\" class=\"post-has-image swiper-slide category-uncategorized type-post post\">\n\t\t\t\t\t\t\t\t<figure class=\"post-thumbnail\">\n\t\t\t\t\t\t\t\t\t\t<a href=\"https:\/\/vilniuschess.lt\/lt\/2026\/03\/10\/vilnius-open-2026\/\" rel=\"bookmark\" tabindex=\"-1\" aria-hidden=\"true\">\n\t\t\t\t\t\t\t\t\t\t\t\t\t\t\t\t\t\t<img loading=\"lazy\" decoding=\"async\" width=\"600\" height=\"427\" src=\"https:\/\/vilniuschess.lt\/wp-content\/uploads\/2024\/08\/stockasVilniausCempas2024_2-e1734347510379-600x427.jpg\" class=\"image-fit-cover wp-post-image\" alt=\"Vilnius Open 2026\" object-fit=\"cover\" layout=\"fill\" srcset=\"https:\/\/vilniuschess.lt\/wp-content\/uploads\/2024\/08\/stockasVilniausCempas2024_2-e1734347510379-600x427.jpg 600w, https:\/\/vilniuschess.lt\/wp-content\/uploads\/2024\/08\/stockasVilniausCempas2024_2-e1734347510379-300x214.jpg 300w, https:\/\/vilniuschess.lt\/wp-content\/uploads\/2024\/08\/stockasVilniausCempas2024_2-e1734347510379-768x547.jpg 768w, https:\/\/vilniuschess.lt\/wp-content\/uploads\/2024\/08\/stockasVilniausCempas2024_2-e1734347510379-18x12.jpg 18w, https:\/\/vilniuschess.lt\/wp-content\/uploads\/2024\/08\/stockasVilniausCempas2024_2-e1734347510379-1200x855.jpg 1200w, https:\/\/vilniuschess.lt\/wp-content\/uploads\/2024\/08\/stockasVilniausCempas2024_2-e1734347510379.jpg 1365w\" sizes=\"(max-width: 600px) 100vw, 600px\" \/>\t\t\t\t\t\t\t\t\t\t\t\t\t\t\t\t<\/a>\n\t\t\t\t\t\t\t\t\t<\/figure>\n\n\t\t\t\t\t\t\t\t\t<div class=\"entry-wrapper\">\n\t\t\t\t\t\t<h3 class=\"entry-title\"><a href=\"https:\/\/vilniuschess.lt\/lt\/2026\/03\/10\/vilnius-open-2026\/\" rel=\"bookmark\">Vilnius Open 2026<\/a><\/h3>\n\t\t\t\t\t\t<div class=\"entry-meta\">\n\t\t\t\t\t\t\t<time class=\"entry-date published\" datetime=\"2026-03-10T15:10:29+00:00\">10 kovo, 2026<\/time>\t\t\t\t\t\t<\/div><!-- .entry-meta -->\n\t\t\t\t\t<\/div><!-- .entry-wrapper -->\n\t\t\t\t\t\t\t<\/article>\n\t\t\t\n\t\t\t<article data-post-id=\"4872\" class=\"post-has-image swiper-slide category-uncategorized type-post post\">\n\t\t\t\t\t\t\t\t<figure class=\"post-thumbnail\">\n\t\t\t\t\t\t\t\t\t\t<a href=\"https:\/\/vilniuschess.lt\/lt\/2026\/03\/09\/vsk-klasika-2026\/\" rel=\"bookmark\" tabindex=\"-1\" aria-hidden=\"true\">\n\t\t\t\t\t\t\t\t\t\t\t\t\t\t\t\t\t\t<img loading=\"lazy\" decoding=\"async\" width=\"400\" height=\"600\" src=\"https:\/\/vilniuschess.lt\/wp-content\/uploads\/2024\/08\/stockasVilniausCempas2024-400x600.jpg\" class=\"image-fit-cover wp-post-image\" alt=\"V\u0160K Klasika 2026\" object-fit=\"cover\" layout=\"fill\" srcset=\"https:\/\/vilniuschess.lt\/wp-content\/uploads\/2024\/08\/stockasVilniausCempas2024-400x600.jpg 400w, https:\/\/vilniuschess.lt\/wp-content\/uploads\/2024\/08\/stockasVilniausCempas2024-200x300.jpg 200w, https:\/\/vilniuschess.lt\/wp-content\/uploads\/2024\/08\/stockasVilniausCempas2024-8x12.jpg 8w, https:\/\/vilniuschess.lt\/wp-content\/uploads\/2024\/08\/stockasVilniausCempas2024.jpg 526w\" sizes=\"(max-width: 400px) 100vw, 400px\" \/>\t\t\t\t\t\t\t\t\t\t\t\t\t\t\t\t<\/a>\n\t\t\t\t\t\t\t\t\t<\/figure>\n\n\t\t\t\t\t\t\t\t\t<div class=\"entry-wrapper\">\n\t\t\t\t\t\t<h3 class=\"entry-title\"><a href=\"https:\/\/vilniuschess.lt\/lt\/2026\/03\/09\/vsk-klasika-2026\/\" rel=\"bookmark\">V\u0160K Klasika 2026<\/a><\/h3>\n\t\t\t\t\t\t<div class=\"entry-meta\">\n\t\t\t\t\t\t\t<time class=\"entry-date published\" datetime=\"2026-03-09T21:05:39+00:00\">9 kovo, 2026<\/time>\t\t\t\t\t\t<\/div><!-- .entry-meta -->\n\t\t\t\t\t<\/div><!-- .entry-wrapper -->\n\t\t\t\t\t\t\t<\/article>\n\t\t\t<\/div><button class=\"swiper-button swiper-button-prev\" aria-label=\"Previous Slide\" ><\/button><button class=\"swiper-button swiper-button-next\" aria-label=\"Next Slide\" ><\/button><\/div><div class=\"swiper-pagination-bullets\" ><button option=\"0\" class=\"swiper-pagination-bullet\" aria-label=\"Go to slide 1\" selected><\/button><button option=\"1\" class=\"swiper-pagination-bullet\" aria-label=\"Go to slide 2\" ><\/button><button option=\"2\" class=\"swiper-pagination-bullet\" aria-label=\"Go to slide 3\" ><\/button><button option=\"3\" class=\"swiper-pagination-bullet\" aria-label=\"Go to slide 4\" ><\/button><button option=\"4\" class=\"swiper-pagination-bullet\" aria-label=\"Go to slide 5\" ><\/button><button option=\"5\" class=\"swiper-pagination-bullet\" aria-label=\"Go to slide 6\" ><\/button><\/div><\/div>\n\n\n<div class=\"wp-block-buttons is-content-justification-right is-layout-flex wp-block-buttons-is-layout-flex\">\n<div class=\"wp-block-button\"><a class=\"wp-block-button__link wp-element-button\" href=\"\/news\/\">Daugiau naujien\u0173<\/a><\/div>\n<\/div>\n\n\n<ul class=\"wp-block-latest-posts__list is-grid columns-3 has-dates wp-block-latest-posts\"><li><a class=\"wp-block-latest-posts__post-title\" href=\"https:\/\/vilniuschess.lt\/lt\/2026\/04\/06\/vsk-velykinis-turnyras-2\/\">V\u0160K Velykinis turnyras<\/a><time datetime=\"2026-04-06T09:53:08+00:00\" class=\"wp-block-latest-posts__post-date\">6 baland\u017eio, 2026<\/time><div class=\"wp-block-latest-posts__post-excerpt\">Baland\u017eio 7 d., antradien\u012f, \u0160v. Velyk\u0173 proga, kassavaitinis turnyras bus skai\u010diuojamas FIDE \u017eaibo reitingo apskaitai. Turnyras vyks U\u017eupio kavin\u0117je, akceleruota \u0161veicari\u0161k\u0105ja sistema, 11 rat\u0173. Var\u017eyb\u0173 prad\u017eia \u2013 19:00. Startinis<a class=\"more-link\" href=\"https:\/\/vilniuschess.lt\/lt\/2026\/04\/06\/vsk-velykinis-turnyras-2\/\">Continue reading <span class=\"screen-reader-text\">&#8222;V\u0160K Velykinis turnyras&#8221;<\/span><\/a><\/div><\/li>\n<li><a class=\"wp-block-latest-posts__post-title\" href=\"https:\/\/vilniuschess.lt\/lt\/2026\/03\/20\/kaltanenai-rapid-2026\/\">Kaltan\u0117nai Rapid 2026<\/a><time datetime=\"2026-03-20T12:55:33+00:00\" class=\"wp-block-latest-posts__post-date\">20 kovo, 2026<\/time><div class=\"wp-block-latest-posts__post-excerpt\">Bir\u017eelio 6 d.&nbsp;(\u0161e\u0161tadien\u012f) kvie\u010diame \u012f V\u0160K organizuojamas greit\u0173j\u0173 \u0161achmat\u0173 var\u017eybas Kaltan\u0117nuose. Var\u017eyb\u0173 vieta \u2013&nbsp;Kaltan\u0117n\u0173 ugdymo ir turizmo centras, Mokyklos g. 17, Kaltan\u0117nai, \u0160ven\u010dioni\u0173 r. NUOSTATAI:<\/div><\/li>\n<li><a class=\"wp-block-latest-posts__post-title\" href=\"https:\/\/vilniuschess.lt\/lt\/2026\/03\/20\/spring-rapid-2026\/\">Spring Rapid 2026<\/a><time datetime=\"2026-03-20T12:49:18+00:00\" class=\"wp-block-latest-posts__post-date\">20 kovo, 2026<\/time><div class=\"wp-block-latest-posts__post-excerpt\">Baland\u017eio 25 d.\u00a0(\u0161e\u0161tadien\u012f) kvie\u010diame \u012f V\u0160K organizuojamas greit\u0173j\u0173 \u0161achmat\u0173 var\u017eybas\u00a0Spring Rapid 2026. Var\u017eyb\u0173 vieta \u2013\u00a0Vilniaus \u017eyd\u0173 (litvak\u0173) bendruomen\u0117s namai\u00a0(Pylimo g. 4, Vilnius). NUOSTATAI:<\/div><\/li>\n<li><a class=\"wp-block-latest-posts__post-title\" href=\"https:\/\/vilniuschess.lt\/lt\/2026\/03\/16\/partiju-apzvalga-su-fm-aru-vardanyan\/\">Partij\u0173 ap\u017evalga su FM Aru Vardanyan<\/a><time datetime=\"2026-03-16T07:36:44+00:00\" class=\"wp-block-latest-posts__post-date\">16 kovo, 2026<\/time><div class=\"wp-block-latest-posts__post-excerpt\">Nuo pavasario Vilniaus \u0161achmat\u0173 klubas kvie\u010dia \u012f nauj\u0105 rengini\u0173 rubrik\u0105 \u201ePartij\u0173 ap\u017evalga su FM Aru Vardanyan\u201c, kuriame analizuosime \u012fdomiausias partijas i\u0161 \u0161vie\u017ei\u0173 Lietuvos bei pasaulio turnyr\u0173. Paskaitos vyks\u00a0Kamil\u0117s \u0161achmat\u0173<a class=\"more-link\" href=\"https:\/\/vilniuschess.lt\/lt\/2026\/03\/16\/partiju-apzvalga-su-fm-aru-vardanyan\/\">Continue reading <span class=\"screen-reader-text\">&#8222;Partij\u0173 ap\u017evalga su FM Aru Vardanyan&#8221;<\/span><\/a><\/div><\/li>\n<li><a class=\"wp-block-latest-posts__post-title\" href=\"https:\/\/vilniuschess.lt\/lt\/2026\/03\/10\/vilnius-open-2026\/\">Vilnius Open 2026<\/a><time datetime=\"2026-03-10T15:10:29+00:00\" class=\"wp-block-latest-posts__post-date\">10 kovo, 2026<\/time><div class=\"wp-block-latest-posts__post-excerpt\">2026 m. liepos 3\u20136 d.&nbsp;kvie\u010diame vilnie\u010dius ir miesto sve\u010dius sudalyvauti&nbsp;\u0161achmat\u0173 festivalyje Vilnius Open 2026! Var\u017eyb\u0173 vieta:&nbsp;Panorama Hotel&nbsp;(Sein\u0173 g. 14, Vilnius) Vyks \u0161ie renginiai: Dalyviai, tarp Vilniaus \u0161achmatinink\u0173 u\u017e\u0117m\u0119 1-2<a class=\"more-link\" href=\"https:\/\/vilniuschess.lt\/lt\/2026\/03\/10\/vilnius-open-2026\/\">Continue reading <span class=\"screen-reader-text\">&#8222;Vilnius Open 2026&#8221;<\/span><\/a><\/div><\/li>\n<li><a class=\"wp-block-latest-posts__post-title\" href=\"https:\/\/vilniuschess.lt\/lt\/2026\/03\/09\/vsk-klasika-2026\/\">V\u0160K Klasika 2026<\/a><time datetime=\"2026-03-09T21:05:39+00:00\" class=\"wp-block-latest-posts__post-date\">9 kovo, 2026<\/time><div class=\"wp-block-latest-posts__post-excerpt\">Vilniaus \u0161achmat\u0173 klubas kvie\u010dia \u012f standartini\u0173 \u0161achmat\u0173 var\u017eybas&nbsp;V\u0160K Klasika 2026: NUOSTATAI:<\/div><\/li>\n<\/ul><\/div>\n<\/div>\n<\/div><\/div>\n","protected":false},"excerpt":{"rendered":"<p>Kvie\u010diame tapti klubo nariu 2026 metams! Nario mokestis \u2013 70 Eur metams. NARYST\u0116S \u012eSIGIJIMAS Naryst\u0117 n\u0117ra b\u016btina dalyvauti renginiuose.Tai b\u016bdas paremti klub\u0105 ir gauti nuolaid\u0173! Naryst\u0117s naudos: nemokami savaitiniai turnyrai nuolaidos kituose turnyruose u\u017edari turnyrai nariams papildomi prizai V\u0160K \u017eaid\u0117j\u0173 \u012fskaitoje nario kortel\u0117 SUSISIEKITE EL. PA\u0160TAS:info@vilniuschess.ltTEL. NR.:+370 696 23502 REKVIZITAI LT67 7044 0600 0791 4577AB<a class=\"more-link\" href=\"https:\/\/vilniuschess.lt\/lt\/\">Continue reading <span class=\"screen-reader-text\">&#8222;Sveiki atvyk\u0119!&#8221;<\/span><\/a><\/p>\n","protected":false},"author":1,"featured_media":0,"parent":0,"menu_order":1,"comment_status":"closed","ping_status":"closed","template":"","meta":{"_mi_skip_tracking":false,"_monsterinsights_sitenote_active":false,"_monsterinsights_sitenote_note":"","_monsterinsights_sitenote_category":0,"_starter_page_template":"","_wpcom_template_layout_category":[],"footnotes":""},"class_list":["post-184","page","type-page","status-publish","hentry","entry"],"aioseo_notices":[],"_links":{"self":[{"href":"https:\/\/vilniuschess.lt\/lt\/wp-json\/wp\/v2\/pages\/184"}],"collection":[{"href":"https:\/\/vilniuschess.lt\/lt\/wp-json\/wp\/v2\/pages"}],"about":[{"href":"https:\/\/vilniuschess.lt\/lt\/wp-json\/wp\/v2\/types\/page"}],"author":[{"embeddable":true,"href":"https:\/\/vilniuschess.lt\/lt\/wp-json\/wp\/v2\/users\/1"}],"replies":[{"embeddable":true,"href":"https:\/\/vilniuschess.lt\/lt\/wp-json\/wp\/v2\/comments?post=184"}],"version-history":[{"count":126,"href":"https:\/\/vilniuschess.lt\/lt\/wp-json\/wp\/v2\/pages\/184\/revisions"}],"predecessor-version":[{"id":4972,"href":"https:\/\/vilniuschess.lt\/lt\/wp-json\/wp\/v2\/pages\/184\/revisions\/4972"}],"wp:attachment":[{"href":"https:\/\/vilniuschess.lt\/lt\/wp-json\/wp\/v2\/media?parent=184"}],"curies":[{"name":"wp","href":"https:\/\/api.w.org\/{rel}","templated":true}]}}