{"id":1816,"date":"2022-09-16T10:43:37","date_gmt":"2022-09-16T10:43:37","guid":{"rendered":"https:\/\/vilniuschess.lt\/?page_id=1816"},"modified":"2025-09-15T18:18:14","modified_gmt":"2025-09-15T18:18:14","slug":"sachmatu-pirmadieniai-dialoguose","status":"publish","type":"page","link":"https:\/\/vilniuschess.lt\/lt\/sachmatu-pirmadieniai-dialoguose\/","title":{"rendered":"\u0160achmat\u0173 pirmadieniai Dialoguose"},"content":{"rendered":"\n<p>Kiekvien\u0105 pirmadien\u012f nuo 18:00 iki 20:00, PC \u201eEuropa\u201c (Konstitucijos pr. 7A), maisto erdv\u0117je \u201eDialogai\u201c, vyksta <strong>\u0161achmat\u0173 pirmadieniai<\/strong> \u2013 neturnyrinio formato \u0161achmat\u0173 u\u017esi\u0117mimai.<\/p>\n\n\n\n<p>Kvie\u010diame pradedan\u010diuosius \u017eaidimo myl\u0117tojus pasi\u017eaisti su bendramin\u010diais ir\/arba pasimokyti \u017eaisti. U\u017esi\u0117mim\u0173 ved\u0117jas \u2013 <strong>Gediminas Ribinskas<\/strong>.<\/p>\n\n\n\n<p><strong><a href=\"https:\/\/www.facebook.com\/events\/383946503679488\/383946510346154\/\" target=\"_blank\" rel=\"noreferrer noopener\" title=\"Informacija apie rengin\u012f Facebook.\">Informacija apie rengin\u012f Facebook.<\/a><\/strong><\/p>\n","protected":false},"excerpt":{"rendered":"<p>Kiekvien\u0105 pirmadien\u012f nuo 18:00 iki 20:00, PC \u201eEuropa\u201c (Konstitucijos pr. 7A), maisto erdv\u0117je \u201eDialogai\u201c, vyksta \u0161achmat\u0173 pirmadieniai \u2013 neturnyrinio formato \u0161achmat\u0173 u\u017esi\u0117mimai. Kvie\u010diame pradedan\u010diuosius \u017eaidimo myl\u0117tojus pasi\u017eaisti su bendramin\u010diais ir\/arba pasimokyti \u017eaisti. U\u017esi\u0117mim\u0173 ved\u0117jas \u2013 Gediminas Ribinskas. Informacija apie rengin\u012f Facebook.<\/p>\n","protected":false},"author":1,"featured_media":1643,"parent":0,"menu_order":0,"comment_status":"closed","ping_status":"closed","template":"","meta":{"_mi_skip_tracking":false,"_monsterinsights_sitenote_active":false,"_monsterinsights_sitenote_note":"","_monsterinsights_sitenote_category":0,"_starter_page_template":"blank","_wpcom_template_layout_category":[],"footnotes":""},"class_list":["post-1816","page","type-page","status-publish","has-post-thumbnail","hentry","entry"],"aioseo_notices":[],"_links":{"self":[{"href":"https:\/\/vilniuschess.lt\/lt\/wp-json\/wp\/v2\/pages\/1816"}],"collection":[{"href":"https:\/\/vilniuschess.lt\/lt\/wp-json\/wp\/v2\/pages"}],"about":[{"href":"https:\/\/vilniuschess.lt\/lt\/wp-json\/wp\/v2\/types\/page"}],"author":[{"embeddable":true,"href":"https:\/\/vilniuschess.lt\/lt\/wp-json\/wp\/v2\/users\/1"}],"replies":[{"embeddable":true,"href":"https:\/\/vilniuschess.lt\/lt\/wp-json\/wp\/v2\/comments?post=1816"}],"version-history":[{"count":4,"href":"https:\/\/vilniuschess.lt\/lt\/wp-json\/wp\/v2\/pages\/1816\/revisions"}],"predecessor-version":[{"id":4579,"href":"https:\/\/vilniuschess.lt\/lt\/wp-json\/wp\/v2\/pages\/1816\/revisions\/4579"}],"wp:featuredmedia":[{"embeddable":true,"href":"https:\/\/vilniuschess.lt\/lt\/wp-json\/wp\/v2\/media\/1643"}],"wp:attachment":[{"href":"https:\/\/vilniuschess.lt\/lt\/wp-json\/wp\/v2\/media?parent=1816"}],"curies":[{"name":"wp","href":"https:\/\/api.w.org\/{rel}","templated":true}]}}