{"id":157,"date":"2020-12-24T14:50:58","date_gmt":"2020-12-24T12:50:58","guid":{"rendered":"https:\/\/vilniuschess659064488.wordpress.com\/?page_id=157"},"modified":"2020-12-27T19:54:29","modified_gmt":"2020-12-27T19:54:29","slug":"news","status":"publish","type":"page","link":"https:\/\/vilniuschess.lt\/lt\/news\/","title":{"rendered":"Naujienos"},"content":{"rendered":"<form role=\"search\" method=\"get\" action=\"https:\/\/vilniuschess.lt\/lt\/\" class=\"wp-block-search__button-outside wp-block-search__text-button wp-block-search\"    ><label class=\"wp-block-search__label\" for=\"wp-block-search__input-1\" >Paie\u0161ka<\/label><div class=\"wp-block-search__inside-wrapper \" ><input class=\"wp-block-search__input\" id=\"wp-block-search__input-1\" placeholder=\"\u012eveskite tekst\u0105...\" value=\"\" type=\"search\" name=\"s\" required \/><button aria-label=\"Ie\u0161koti\" class=\"wp-block-search__button wp-element-button\" type=\"submit\" >Ie\u0161koti<\/button><\/div><\/form>\n\n\n<div class=\"wp-block-group alignfull has-background-background-color has-background\"><div class=\"wp-block-group__inner-container is-layout-flow wp-block-group-is-layout-flow\">\n<div class=\"wp-block-jetpack-layout-grid alignfull column1-desktop-grid__span-8 column1-desktop-grid__start-3 column1-desktop-grid__row-1 column1-tablet-grid__span-8 column1-tablet-grid__row-1 column1-mobile-grid__span-4 column1-mobile-grid__row-1\">\n<div class=\"wp-block-jetpack-layout-grid-column wp-block-jetpack-layout-grid__padding-none\">\t\t<div\n\t\t\tclass=\"wp-block-newspack-blocks-homepage-articles  wpnbha show-image image-aligntop ts-5 is-3 is-uncropped  has-text-align-left has-more-button\"\n\t\t\tstyle=\"\"\n\t\t\t>\n\t\t\t<div data-posts data-current-post-id=\"157\">\n\t\t\t\t\t\t\t\t\n\t<article data-post-id=\"4983\"\n\t\tclass=\"category-uncategorized type-post post-has-image\"\n\t\t\t\t>\n\t\t\t\t\t\t\t<figure class=\"post-thumbnail\">\n\t\t\t\t\t\t\t\t<a href=\"https:\/\/vilniuschess.lt\/lt\/2026\/04\/06\/vsk-velykinis-turnyras-2\/\" rel=\"bookmark\" tabindex=\"-1\" aria-hidden=\"true\">\n\t\t\t\t\t\t\t\t\t\t\t\t<img loading=\"lazy\" decoding=\"async\" width=\"1200\" height=\"824\" src=\"https:\/\/vilniuschess.lt\/wp-content\/uploads\/2024\/06\/VasarosChessStock-1200x824.jpg\" class=\"attachment-newspack-article-block-uncropped size-newspack-article-block-uncropped wp-post-image\" alt=\"V\u0160K Velykinis turnyras\" data-hero-candidate=\"1\" srcset=\"https:\/\/vilniuschess.lt\/wp-content\/uploads\/2024\/06\/VasarosChessStock-1200x824.jpg 1200w, https:\/\/vilniuschess.lt\/wp-content\/uploads\/2024\/06\/VasarosChessStock-300x206.jpg 300w, https:\/\/vilniuschess.lt\/wp-content\/uploads\/2024\/06\/VasarosChessStock-600x412.jpg 600w, https:\/\/vilniuschess.lt\/wp-content\/uploads\/2024\/06\/VasarosChessStock-768x528.jpg 768w, https:\/\/vilniuschess.lt\/wp-content\/uploads\/2024\/06\/VasarosChessStock-18x12.jpg 18w, https:\/\/vilniuschess.lt\/wp-content\/uploads\/2024\/06\/VasarosChessStock.jpg 1364w\" sizes=\"(max-width: 1200px) 100vw, 1200px\" \/>\t\t\t\t\t\t\t\t\t\t\t\t<\/a>\n\t\t\t\t\n\t\t\t\t\t\t\t<\/figure><!-- .featured-image -->\n\t\t\n\t\t<div class=\"entry-wrapper\">\n\t\t\t<h2 class=\"entry-title\"><a href=\"https:\/\/vilniuschess.lt\/lt\/2026\/04\/06\/vsk-velykinis-turnyras-2\/\" rel=\"bookmark\">V\u0160K Velykinis turnyras<\/a><\/h2>\t\t\t\t\t\t<p>Baland\u017eio 7 d., antradien\u012f, \u0160v. Velyk\u0173 proga, kassavaitinis turnyras bus skai\u010diuojamas FIDE \u017eaibo reitingo apskaitai. Turnyras vyks U\u017eupio kavin\u0117je, akceleruota \u0161veicari\u0161k\u0105ja sistema, 11 rat\u0173. Var\u017eyb\u0173 prad\u017eia \u2013 19:00. Startinis mokestis ne V\u0160K nariams \u2013\u00a03 Eur. Dalyvavimas garantuojamas 53 dalyviams, kiti priimami tik esant galimybei. Pirmenyb\u0117 teikiama u\u017esiregistravusiems i\u0161 anksto. Dalyviams, atvykusiems be i\u0161ankstin\u0117s registracijos, starto\u2026<\/p>\n\t\t\t\t<div class=\"entry-meta\">\n\t\t\t\t\t<time class=\"entry-date published updated\" datetime=\"2026-04-06T09:53:08+00:00\">6 baland\u017eio, 2026<\/time>\t\t\t\t<\/div><!-- .entry-meta -->\n\t\t\t\t\t<\/div><!-- .entry-wrapper -->\n\t<\/article>\n\n\t\t\n\t<article data-post-id=\"4897\"\n\t\tclass=\"category-uncategorized type-post post-has-image\"\n\t\t\t\t>\n\t\t\t\t\t\t\t<figure class=\"post-thumbnail\">\n\t\t\t\t\t\t\t\t<a href=\"https:\/\/vilniuschess.lt\/lt\/2026\/03\/20\/kaltanenai-rapid-2026\/\" rel=\"bookmark\" tabindex=\"-1\" aria-hidden=\"true\">\n\t\t\t\t\t\t\t\t\t\t\t\t<img loading=\"lazy\" decoding=\"async\" width=\"1200\" height=\"790\" src=\"https:\/\/vilniuschess.lt\/wp-content\/uploads\/2024\/04\/KaltanenaiRapid-1200x790.jpg\" class=\"attachment-newspack-article-block-uncropped size-newspack-article-block-uncropped wp-post-image\" alt=\"Kaltan\u0117nai Rapid 2026\" data-hero-candidate=\"1\" srcset=\"https:\/\/vilniuschess.lt\/wp-content\/uploads\/2024\/04\/KaltanenaiRapid-1200x790.jpg 1200w, https:\/\/vilniuschess.lt\/wp-content\/uploads\/2024\/04\/KaltanenaiRapid-300x198.jpg 300w, https:\/\/vilniuschess.lt\/wp-content\/uploads\/2024\/04\/KaltanenaiRapid-600x395.jpg 600w, https:\/\/vilniuschess.lt\/wp-content\/uploads\/2024\/04\/KaltanenaiRapid-768x506.jpg 768w, https:\/\/vilniuschess.lt\/wp-content\/uploads\/2024\/04\/KaltanenaiRapid-1536x1012.jpg 1536w, https:\/\/vilniuschess.lt\/wp-content\/uploads\/2024\/04\/KaltanenaiRapid-18x12.jpg 18w, https:\/\/vilniuschess.lt\/wp-content\/uploads\/2024\/04\/KaltanenaiRapid-1568x1033.jpg 1568w, https:\/\/vilniuschess.lt\/wp-content\/uploads\/2024\/04\/KaltanenaiRapid.jpg 2048w\" sizes=\"(max-width: 1200px) 100vw, 1200px\" \/>\t\t\t\t\t\t\t\t\t\t\t\t<\/a>\n\t\t\t\t\n\t\t\t\t\t\t\t<\/figure><!-- .featured-image -->\n\t\t\n\t\t<div class=\"entry-wrapper\">\n\t\t\t<h2 class=\"entry-title\"><a href=\"https:\/\/vilniuschess.lt\/lt\/2026\/03\/20\/kaltanenai-rapid-2026\/\" rel=\"bookmark\">Kaltan\u0117nai Rapid 2026<\/a><\/h2>\t\t\t\t\t\t<p>Bir\u017eelio 6 d.&nbsp;(\u0161e\u0161tadien\u012f) kvie\u010diame \u012f V\u0160K organizuojamas greit\u0173j\u0173 \u0161achmat\u0173 var\u017eybas Kaltan\u0117nuose. Var\u017eyb\u0173 vieta \u2013&nbsp;Kaltan\u0117n\u0173 ugdymo ir turizmo centras, Mokyklos g. 17, Kaltan\u0117nai, \u0160ven\u010dioni\u0173 r. NUOSTATAI:<\/p>\n\t\t\t\t<div class=\"entry-meta\">\n\t\t\t\t\t<time class=\"entry-date published\" datetime=\"2026-03-20T12:55:33+00:00\">20 kovo, 2026<\/time><time class=\"updated\" datetime=\"2026-03-31T05:09:33+00:00\">31 kovo, 2026<\/time>\t\t\t\t<\/div><!-- .entry-meta -->\n\t\t\t\t\t<\/div><!-- .entry-wrapper -->\n\t<\/article>\n\n\t\t\n\t<article data-post-id=\"4892\"\n\t\tclass=\"category-uncategorized type-post post-has-image\"\n\t\t\t\t>\n\t\t\t\t\t\t\t<figure class=\"post-thumbnail\">\n\t\t\t\t\t\t\t\t<a href=\"https:\/\/vilniuschess.lt\/lt\/2026\/03\/20\/spring-rapid-2026\/\" rel=\"bookmark\" tabindex=\"-1\" aria-hidden=\"true\">\n\t\t\t\t\t\t\t\t\t\t\t\t<img loading=\"lazy\" decoding=\"async\" width=\"1200\" height=\"857\" src=\"https:\/\/vilniuschess.lt\/wp-content\/uploads\/2024\/03\/v16stock-1200x857.jpg\" class=\"attachment-newspack-article-block-uncropped size-newspack-article-block-uncropped wp-post-image\" alt=\"Spring Rapid 2026\" data-hero-candidate=\"1\" srcset=\"https:\/\/vilniuschess.lt\/wp-content\/uploads\/2024\/03\/v16stock-1200x857.jpg 1200w, https:\/\/vilniuschess.lt\/wp-content\/uploads\/2024\/03\/v16stock-300x214.jpg 300w, https:\/\/vilniuschess.lt\/wp-content\/uploads\/2024\/03\/v16stock-600x429.jpg 600w, https:\/\/vilniuschess.lt\/wp-content\/uploads\/2024\/03\/v16stock-768x549.jpg 768w, https:\/\/vilniuschess.lt\/wp-content\/uploads\/2024\/03\/v16stock-18x12.jpg 18w, https:\/\/vilniuschess.lt\/wp-content\/uploads\/2024\/03\/v16stock.jpg 1499w\" sizes=\"(max-width: 1200px) 100vw, 1200px\" \/>\t\t\t\t\t\t\t\t\t\t\t\t<\/a>\n\t\t\t\t\n\t\t\t\t\t\t\t<\/figure><!-- .featured-image -->\n\t\t\n\t\t<div class=\"entry-wrapper\">\n\t\t\t<h2 class=\"entry-title\"><a href=\"https:\/\/vilniuschess.lt\/lt\/2026\/03\/20\/spring-rapid-2026\/\" rel=\"bookmark\">Spring Rapid 2026<\/a><\/h2>\t\t\t\t\t\t<p>Baland\u017eio 25 d.\u00a0(\u0161e\u0161tadien\u012f) kvie\u010diame \u012f V\u0160K organizuojamas greit\u0173j\u0173 \u0161achmat\u0173 var\u017eybas\u00a0Spring Rapid 2026. Var\u017eyb\u0173 vieta \u2013\u00a0Vilniaus \u017eyd\u0173 (litvak\u0173) bendruomen\u0117s namai\u00a0(Pylimo g. 4, Vilnius). NUOSTATAI:<\/p>\n\t\t\t\t<div class=\"entry-meta\">\n\t\t\t\t\t<time class=\"entry-date published updated\" datetime=\"2026-03-20T12:49:18+00:00\">20 kovo, 2026<\/time>\t\t\t\t<\/div><!-- .entry-meta -->\n\t\t\t\t\t<\/div><!-- .entry-wrapper -->\n\t<\/article>\n\n\t\t\n\t<article data-post-id=\"4885\"\n\t\tclass=\"category-uncategorized type-post post-has-image\"\n\t\t\t\t>\n\t\t\t\t\t\t\t<figure class=\"post-thumbnail\">\n\t\t\t\t\t\t\t\t<a href=\"https:\/\/vilniuschess.lt\/lt\/2026\/03\/16\/partiju-apzvalga-su-fm-aru-vardanyan\/\" rel=\"bookmark\" tabindex=\"-1\" aria-hidden=\"true\">\n\t\t\t\t\t\t\t\t\t\t\t\t<img loading=\"lazy\" decoding=\"async\" width=\"1200\" height=\"800\" src=\"https:\/\/vilniuschess.lt\/wp-content\/uploads\/2026\/03\/stokas-1200x800.jpg\" class=\"attachment-newspack-article-block-uncropped size-newspack-article-block-uncropped wp-post-image\" alt=\"Partij\u0173 ap\u017evalga su FM Aru Vardanyan\" data-hero-candidate=\"1\" srcset=\"https:\/\/vilniuschess.lt\/wp-content\/uploads\/2026\/03\/stokas-1200x800.jpg 1200w, https:\/\/vilniuschess.lt\/wp-content\/uploads\/2026\/03\/stokas-300x200.jpg 300w, https:\/\/vilniuschess.lt\/wp-content\/uploads\/2026\/03\/stokas-600x400.jpg 600w, https:\/\/vilniuschess.lt\/wp-content\/uploads\/2026\/03\/stokas-768x512.jpg 768w, https:\/\/vilniuschess.lt\/wp-content\/uploads\/2026\/03\/stokas-1536x1024.jpg 1536w, https:\/\/vilniuschess.lt\/wp-content\/uploads\/2026\/03\/stokas-18x12.jpg 18w, https:\/\/vilniuschess.lt\/wp-content\/uploads\/2026\/03\/stokas-1568x1045.jpg 1568w, https:\/\/vilniuschess.lt\/wp-content\/uploads\/2026\/03\/stokas.jpg 2048w\" sizes=\"(max-width: 1200px) 100vw, 1200px\" \/>\t\t\t\t\t\t\t\t\t\t\t\t<\/a>\n\t\t\t\t\n\t\t\t\t\t\t\t<\/figure><!-- .featured-image -->\n\t\t\n\t\t<div class=\"entry-wrapper\">\n\t\t\t<h2 class=\"entry-title\"><a href=\"https:\/\/vilniuschess.lt\/lt\/2026\/03\/16\/partiju-apzvalga-su-fm-aru-vardanyan\/\" rel=\"bookmark\">Partij\u0173 ap\u017evalga su FM Aru Vardanyan<\/a><\/h2>\t\t\t\t\t\t<p>Nuo pavasario Vilniaus \u0161achmat\u0173 klubas kvie\u010dia \u012f nauj\u0105 rengini\u0173 rubrik\u0105 \u201ePartij\u0173 ap\u017evalga su FM Aru Vardanyan\u201c, kuriame analizuosime \u012fdomiausias partijas i\u0161 \u0161vie\u017ei\u0173 Lietuvos bei pasaulio turnyr\u0173. Paskaitos vyks\u00a0Kamil\u0117s \u0161achmat\u0173 studijoje\u00a0(\u017dalgirio g. 88A, Vilnius) Pirmas renginys \u2013 kovo 25 d. (tre\u010diadien\u012f) 19:00, jame ap\u017evelgsime 2026 m. Lietuvos \u0161achmat\u0173 Auk\u0161\u010diausiosios lygos ir Lietuvos moter\u0173 \u0161achmat\u0173 lygos turnyrus.<\/p>\n\t\t\t\t<div class=\"entry-meta\">\n\t\t\t\t\t<time class=\"entry-date published updated\" datetime=\"2026-03-16T07:36:44+00:00\">16 kovo, 2026<\/time>\t\t\t\t<\/div><!-- .entry-meta -->\n\t\t\t\t\t<\/div><!-- .entry-wrapper -->\n\t<\/article>\n\n\t\t\t\t\t<\/div>\n\t\t\t\t\t\t\t<button type=\"button\" class=\"wp-block-button__link\" data-next=\"https:\/\/vilniuschess.lt\/lt\/wp-json\/newspack-blocks\/v1\/articles?imageShape=uncropped&#038;minHeight=30&#038;moreButton=1&#038;showAuthor=0&#038;showAvatar=0&#038;postsToShow=4&#038;typeScale=5&#038;className&#038;showExcerpt=1&#038;excerptLength=55&#038;showReadMore=0&#038;readMoreLabel=Keep%20reading&#038;showDate=1&#038;showImage=1&#038;showCaption=0&#038;disableImageLazyLoad=0&#038;fetchPriority&#038;moreButtonText&#038;showCategory=0&#038;postLayout=list&#038;columns=3&#038;colGap=3&#038;mediaPosition=top&#038;&#038;&#038;includeSubcategories=1&#038;&#038;&#038;&#038;&#038;imageScale=3&#038;mobileStack=0&#038;sectionHeader&#038;specificMode=0&#038;textColor&#038;customTextColor&#038;singleMode=0&#038;showSubtitle=0&#038;postType%5B0%5D=post&#038;textAlign=left&#038;includedPostStatuses%5B0%5D=publish&#038;deduplicate=1&#038;page=2\">\n\t\t\t\tLoad more posts\t\t\t\t<\/button>\n\t\t\t\t<p class=\"loading\">\n\t\t\t\t\tLoading&#8230;\t\t\t\t<\/p>\n\t\t\t\t<p class=\"error\">\n\t\t\t\t\tSomething went wrong. Please refresh the page and\/or try again.\t\t\t\t<\/p>\n\n\t\t\t\n\t\t<\/div>\n\t\t<\/div>\n<\/div>\n<\/div><\/div>\n\n\n\n<p><\/p>\n","protected":false},"excerpt":{"rendered":"","protected":false},"author":1,"featured_media":0,"parent":0,"menu_order":0,"comment_status":"closed","ping_status":"closed","template":"","meta":{"_mi_skip_tracking":false,"_monsterinsights_sitenote_active":false,"_monsterinsights_sitenote_note":"","_monsterinsights_sitenote_category":0,"_starter_page_template":"blog-5","_wpcom_template_layout_category":[],"footnotes":""},"class_list":["post-157","page","type-page","status-publish","hentry","entry"],"aioseo_notices":[],"_links":{"self":[{"href":"https:\/\/vilniuschess.lt\/lt\/wp-json\/wp\/v2\/pages\/157"}],"collection":[{"href":"https:\/\/vilniuschess.lt\/lt\/wp-json\/wp\/v2\/pages"}],"about":[{"href":"https:\/\/vilniuschess.lt\/lt\/wp-json\/wp\/v2\/types\/page"}],"author":[{"embeddable":true,"href":"https:\/\/vilniuschess.lt\/lt\/wp-json\/wp\/v2\/users\/1"}],"replies":[{"embeddable":true,"href":"https:\/\/vilniuschess.lt\/lt\/wp-json\/wp\/v2\/comments?post=157"}],"version-history":[{"count":1,"href":"https:\/\/vilniuschess.lt\/lt\/wp-json\/wp\/v2\/pages\/157\/revisions"}],"predecessor-version":[{"id":333,"href":"https:\/\/vilniuschess.lt\/lt\/wp-json\/wp\/v2\/pages\/157\/revisions\/333"}],"wp:attachment":[{"href":"https:\/\/vilniuschess.lt\/lt\/wp-json\/wp\/v2\/media?parent=157"}],"curies":[{"name":"wp","href":"https:\/\/api.w.org\/{rel}","templated":true}]}}