{"id":1403,"date":"2022-05-31T08:08:42","date_gmt":"2022-05-31T08:08:42","guid":{"rendered":"https:\/\/vilniuschess.lt\/?page_id=1403"},"modified":"2023-10-09T17:26:42","modified_gmt":"2023-10-09T17:26:42","slug":"martyno-limonto-stovykla","status":"publish","type":"page","link":"https:\/\/vilniuschess.lt\/lt\/martyno-limonto-stovykla\/","title":{"rendered":"Martyno Limonto mokykla"},"content":{"rendered":"<div class=\"wp-block-image\">\n<figure class=\"aligncenter size-large\"><img loading=\"lazy\" decoding=\"async\" width=\"430\" height=\"600\" src=\"https:\/\/vilniuschess.lt\/wp-content\/uploads\/2022\/05\/image-6-430x600.png\" alt=\"\" class=\"wp-image-1413\" srcset=\"https:\/\/vilniuschess.lt\/wp-content\/uploads\/2022\/05\/image-6-430x600.png 430w, https:\/\/vilniuschess.lt\/wp-content\/uploads\/2022\/05\/image-6-215x300.png 215w, https:\/\/vilniuschess.lt\/wp-content\/uploads\/2022\/05\/image-6-9x12.png 9w, https:\/\/vilniuschess.lt\/wp-content\/uploads\/2022\/05\/image-6.png 446w\" sizes=\"(max-width: 430px) 100vw, 430px\" \/><\/figure><\/div>\n\n\n<p><strong>Martyno Limonto stovykla<\/strong> \u2013 \u0161achmat\u0173 u\u017edavini\u0173 turnyr\u0173 serija, organizuojama Arvydo Mockaus, \u012f kuri\u0105 2019-2020 m.&nbsp; rinkdavosi stovyklauti\/spr\u0119sti u\u017edavinius Lietuvos \u0161achmat\u0173 kompozitori\u0173 s\u0105jungos \u017eaid\u0117jai.<\/p>\n\n\n\n<p>V\u0117liau Limonto stovykla pl\u0117t\u0117si ir tapo tarptautine. Pirmieji jos sve\u010diai buvo geriausi Rusijos didmeistriai \u2013 Europos komandiniai \u010dempionai.<\/p>\n\n\n\n<p>Prasid\u0117jus karantinui stovykla pavirto internetinu turnyru ir ma\u017euoju Europos \u010dempionatu. Joje dalyvavo 15 \u0161ali\u0173 atstovai, 9 \u0161ali\u0173 \u010dempionai.&nbsp;<\/p>\n\n\n\n<p>Martyno Limonto stovykla i\u0161leido kelet\u0105 skirting\u0173 turnyr\u0173 serij\u0173:<\/p>\n\n\n\n<ul class=\"wp-block-list\">\n<li><a href=\"https:\/\/www.youtube.com\/watch?v=6ICHeGtXrsg\" title=\"Solving tournament of Martynas Limontas \"><strong>Solving tournament of Martynas Limontas<\/strong> <\/a>\u2013 atvirojo tipo turnyrai,<\/li>\n\n\n\n<li><strong><a href=\"https:\/\/vilniuschess.lt\/lt\/lost\/\" target=\"_blank\" rel=\"noreferrer noopener\" title=\"L.O.S.T.\">L.O.S.T.<\/a><\/strong> (Limontas Online Solving Tournament) \u2013 auk\u0161\u010diausio lygio unikali eksperimentin\u0117 turnyr\u0173 serija, turinti s\u0105s\u0105j\u0173 su garsiuoju serialu LOST.<\/li>\n\n\n\n<li><strong>L.O.O.M.<\/strong>&nbsp; (Limontas Open Online Masters) \u2013 WCSC tipo turnyr\u0173 serija.<\/li>\n<\/ul>\n\n\n\n<p>Martyno Limonto stovyklos pasi\u017eymi dideliu sud\u0117tingumu.&nbsp;500 turnyr\u0173 baz\u0117je, sunkiausi\u0173 u\u017edavini\u0173 turnyr\u0173 penketuke pirm\u0105sias tris vietas u\u017eima Limonto turnyrai. O de\u0161imtuke j\u0173 yra net penki. Bet, kaip m\u0117gsta sakyti GM Martynas Limontas\u201a \u201en\u0117ra sunki\u0173 u\u017edavini\u0173 \u2013 yra tik silpni sprend\u0117jai\u201c.<\/p>\n\n\n\n<p>Stovyklos sulauk\u0117 didelio populiarumo ir pripa\u017einimo, tarp j\u0173 ir i\u0161 pasaulio \u0161achmat\u0173 kompozicij\u0173 federacijos. 2022.08.13-14 stovykla buvo pakviesta pravesti Pasaulio taur\u0117s Latvijos etapo turnyr\u0105&nbsp;Rygoje.  <a href=\"https:\/\/www.wfcc.ch\/wsc-riga-13-14082022\/\" target=\"_blank\" rel=\"noreferrer noopener\">https:\/\/www.wfcc.ch\/wsc-riga-13-14082022\/<\/a><\/p>\n\n\n\n<p><strong>Martyno Limonto mokykla<\/strong> \u2013 vienintel\u0117 profesionali kompozicini\u0173 u\u017edavini\u0173 sprendimo mokykla Europoje.<\/p>\n\n\n\n<p>Mokykla skirta u\u017eauginti pamain\u0105 daugkartiniam Lietuvos \u010dempionui, pasaulio vice\u010dempionui, Pasaulio taur\u0117s \u010dempionui, sidabrininkui ir bronzininkui Martynui Limontui. \u010cia ugdomi rinktiniai, i\u0161skirtinio talento ir gabum\u0173 mokiniai.<\/p>\n\n\n\n<div class=\"wp-block-group\"><div class=\"wp-block-group__inner-container is-layout-constrained wp-block-group-is-layout-constrained\">\n<div class=\"wp-block-group is-nowrap is-layout-flex wp-container-core-group-is-layout-1 wp-block-group-is-layout-flex\"><div class=\"wp-block-image\">\n<figure class=\"aligncenter size-large\"><img loading=\"lazy\" decoding=\"async\" width=\"338\" height=\"600\" src=\"https:\/\/vilniuschess.lt\/wp-content\/uploads\/2023\/09\/20230817_111614-1-338x600.jpg\" alt=\"\" class=\"wp-image-3123\" srcset=\"https:\/\/vilniuschess.lt\/wp-content\/uploads\/2023\/09\/20230817_111614-1-338x600.jpg 338w, https:\/\/vilniuschess.lt\/wp-content\/uploads\/2023\/09\/20230817_111614-1-169x300.jpg 169w, https:\/\/vilniuschess.lt\/wp-content\/uploads\/2023\/09\/20230817_111614-1-768x1365.jpg 768w, https:\/\/vilniuschess.lt\/wp-content\/uploads\/2023\/09\/20230817_111614-1-864x1536.jpg 864w, https:\/\/vilniuschess.lt\/wp-content\/uploads\/2023\/09\/20230817_111614-1-1152x2048.jpg 1152w, https:\/\/vilniuschess.lt\/wp-content\/uploads\/2023\/09\/20230817_111614-1-7x12.jpg 7w, https:\/\/vilniuschess.lt\/wp-content\/uploads\/2023\/09\/20230817_111614-1-1200x2133.jpg 1200w, https:\/\/vilniuschess.lt\/wp-content\/uploads\/2023\/09\/20230817_111614-1-1568x2788.jpg 1568w, https:\/\/vilniuschess.lt\/wp-content\/uploads\/2023\/09\/20230817_111614-1-scaled.jpg 1440w\" sizes=\"(max-width: 338px) 100vw, 338px\" \/><\/figure><\/div>\n\n\n<figure class=\"wp-block-image size-large\"><img loading=\"lazy\" decoding=\"async\" width=\"337\" height=\"600\" src=\"https:\/\/vilniuschess.lt\/wp-content\/uploads\/2023\/09\/20230821_154739-337x600.jpg\" alt=\"\" class=\"wp-image-3140\" srcset=\"https:\/\/vilniuschess.lt\/wp-content\/uploads\/2023\/09\/20230821_154739-337x600.jpg 337w, https:\/\/vilniuschess.lt\/wp-content\/uploads\/2023\/09\/20230821_154739-169x300.jpg 169w, https:\/\/vilniuschess.lt\/wp-content\/uploads\/2023\/09\/20230821_154739-768x1366.jpg 768w, https:\/\/vilniuschess.lt\/wp-content\/uploads\/2023\/09\/20230821_154739-864x1536.jpg 864w, https:\/\/vilniuschess.lt\/wp-content\/uploads\/2023\/09\/20230821_154739-1151x2048.jpg 1151w, https:\/\/vilniuschess.lt\/wp-content\/uploads\/2023\/09\/20230821_154739-7x12.jpg 7w, https:\/\/vilniuschess.lt\/wp-content\/uploads\/2023\/09\/20230821_154739-1200x2135.jpg 1200w, https:\/\/vilniuschess.lt\/wp-content\/uploads\/2023\/09\/20230821_154739-1568x2789.jpg 1568w, https:\/\/vilniuschess.lt\/wp-content\/uploads\/2023\/09\/20230821_154739-scaled.jpg 1439w\" sizes=\"(max-width: 337px) 100vw, 337px\" \/><\/figure>\n<\/div>\n<\/div><\/div>\n\n\n\n<p>Vienas mokini\u0173 Kevinas Kuznecovas jau demonstruoja pirmuosius s\u0117kmingus rezultatus:<\/p>\n\n\n\n<ul class=\"wp-block-list\">\n<li>24-tame Slovak\u0173 internetiniame turnyre K.Kuznecovas pralenk\u0117 ne vien\u0105 didmeistr\u012f ir meistr\u0105 bei dalinosi 1-2 viet\u0105 su didmeistriu i\u0161 Olandijos GM Dolfu Wissmannu.<\/li>\n\n\n\n<li>2022.05.18 Europos \u010dempionato Rygoje turnyre \u201ePrid\u0117k fig\u016br\u0105\u201c K.Kuznecovas i\u0161kovojo tre\u010di\u0105j\u0105 viet\u0105.<\/li>\n\n\n\n<li>2022.08.13. Latvijos Pasaulio taur\u0117s etape Rygoje pirmame Martyno Limonto sprendimo turnyre K.Kuznecovas i\u0161kovojo 4 viet\u0105 bendroje \u012fskaitoje, bei 1 viet\u0105 jauni\u0173 \u012fskaitoje.<\/li>\n\n\n\n<li>2022.10.01 Lietuvos Pasaulio taur\u0117s etape K\u0117dainiuose i\u0161kovojo 2 viet\u0105.<\/li>\n\n\n\n<li>2022.10.08 \u0160veicarijos Pasaulio taur\u0117s etape Berne i\u0161kovojo 3 viet\u0105.<\/li>\n\n\n\n<li>2022.11.14 Pasaulio \u010dempionato taur\u0117s etape Jungtiniuose Arab\u0173 Emyratuose i\u0161kovota 8 vieta, gauta pirmoji FM ir IM norma.<\/li>\n\n\n\n<li>2022.11.14 Pasaulio \u010dempionate Jungtiniuose Arab\u0173 Emyratuose i\u0161kovota 11 vieta, 4 jauni\u0173 vieta, gautas FM titulas.<\/li>\n\n\n\n<li>2023.01.30 Tarptautiniame internetiniame sprendimo (ISC 2023) turnyre u\u017eimta 3 vieta, jauni\u0173 kategorijoje.<\/li>\n\n\n\n<li>2023.02.18 Suomijos Pasaulio taur\u0117s etape Helsinkyje u\u017eimta 5 vieta.<\/li>\n\n\n\n<li>2023.03.05 Lenkijos Pasaulio taur\u0117s etape Var\u0161uvoje u\u017eimta 3 vieta, gauta 2 IM norma.<\/li>\n\n\n\n<li>2023.04.08 Latvijos Pasaulio taur\u0117s etape Rygoje u\u017eimta 2 vieta.<\/li>\n\n\n\n<li>2023.04.30 Serbijos Pasaulio taur\u0117s etape Belgrade u\u017eimta 4 vieta, gauta 3 IM norma, prad\u0117ta lyderiauti Pasaulio taur\u0117s bendroje \u012fskaitoje.<\/li>\n\n\n\n<li>2023.05.07 Lietuvos \u010dempionate u\u017eimta 2 vieta. Gauta teis\u0117 atstovauti  Lietuvos komandos rinktin\u0119 Europos \u010dempionate. Pakilta \u012f 1 viet\u0105 Lietuvos \u017eaid\u0117j\u0173 reiting\u0173 s\u0105ra\u0161e. Aplenktas 2 de\u0161imtme\u010dius dominav\u0119s praeityje garsus didmeistris Martynas Limontas. Skelbiama Martyno Limonto eros pabaiga. Prasideda  Kevino Kuznecovo era.<\/li>\n\n\n\n<li>2023.05.07 Lietuvos \u010dempionato komandini\u0173 var\u017eyb\u0173 (Kevinas Kuzncovas, Viktoras Paliulionis, Arvydas Mockus) \u010dempionas.<\/li>\n\n\n\n<li>2023.05.14 Slovakijos Pasaulio taur\u0117s etape Bratislavoje u\u017eimta 1 vieta. <\/li>\n\n\n\n<li>2023.05.20 Did\u017eiosios Britanijos Pasaulio taur\u0117s etape Notingeme u\u017eimta 1 vieta. Pasiektas IM titulas.<\/li>\n\n\n\n<li>2023.05.27 Pranc\u016bzijos Pasaulio taur\u0117s etape Pary\u017eiuje u\u017eimta 1 vieta. <\/li>\n\n\n\n<li>2023.06.02 Europos \u010dempionate  u\u017eimta 6 vieta, 2 vieta Lietuvos komandos rinktin\u0117s sud\u0117tyje. Europos jauni\u0173 \u010dempionas 2023. <\/li>\n\n\n\n<li>2023.06.17 Vokietijos Pasaulio taur\u0117s etape Geroje u\u017eimta 6 vieta. <\/li>\n\n\n\n<li>2023.07.01 10 vieta pasaulio \u017eaid\u0117j\u0173 reitingo s\u0105ra\u0161e &#8211; 2567. Reitingas vir\u0161ija GM titului keliamus reikalavimus.  <\/li>\n\n\n\n<li>2023.09.05 Pasaulio \u010dempionate  u\u017eimta 7 vieta, 2 vieta Lietuvos komandos rinktin\u0117s sud\u0117tyje. 4 vieta pasaulio jauni\u0173 \u010dempionato \u012fskaitoje. 2022\/2023 Pasaulio taur\u0117s sezone u\u017eimta galutin\u0117 2 vieta. <\/li>\n\n\n\n<li>2023.10.01 9 vieta pasaulio \u017eaid\u0117j\u0173 reitingo s\u0105ra\u0161e &#8211; 2575.<\/li>\n\n\n\n<li>2023.10.07 Laim\u0117ta Lietuvos taur\u0117 2023.<\/li>\n<\/ul>\n\n\n\n<div class=\"wp-block-group\"><div class=\"wp-block-group__inner-container is-layout-constrained wp-block-group-is-layout-constrained\">\n<figure class=\"wp-block-gallery has-nested-images columns-default wp-block-gallery-1 is-layout-flex wp-block-gallery-is-layout-flex\"><div class=\"wp-block-image is-style-default\">\n<figure class=\"aligncenter size-large\"><img loading=\"lazy\" decoding=\"async\" width=\"338\" height=\"600\" src=\"https:\/\/vilniuschess.lt\/wp-content\/uploads\/2023\/09\/20230908_120832-5-338x600.jpg\" alt=\"\" class=\"wp-image-3133\" srcset=\"https:\/\/vilniuschess.lt\/wp-content\/uploads\/2023\/09\/20230908_120832-5-338x600.jpg 338w, https:\/\/vilniuschess.lt\/wp-content\/uploads\/2023\/09\/20230908_120832-5-169x300.jpg 169w, https:\/\/vilniuschess.lt\/wp-content\/uploads\/2023\/09\/20230908_120832-5-768x1365.jpg 768w, https:\/\/vilniuschess.lt\/wp-content\/uploads\/2023\/09\/20230908_120832-5-864x1536.jpg 864w, https:\/\/vilniuschess.lt\/wp-content\/uploads\/2023\/09\/20230908_120832-5-1152x2048.jpg 1152w, https:\/\/vilniuschess.lt\/wp-content\/uploads\/2023\/09\/20230908_120832-5-7x12.jpg 7w, https:\/\/vilniuschess.lt\/wp-content\/uploads\/2023\/09\/20230908_120832-5-1200x2133.jpg 1200w, https:\/\/vilniuschess.lt\/wp-content\/uploads\/2023\/09\/20230908_120832-5-1568x2788.jpg 1568w, https:\/\/vilniuschess.lt\/wp-content\/uploads\/2023\/09\/20230908_120832-5-scaled.jpg 1440w\" sizes=\"(max-width: 338px) 100vw, 338px\" \/><\/figure><\/div>\n\n<div class=\"wp-block-image\">\n<figure class=\"aligncenter size-large\"><img loading=\"lazy\" decoding=\"async\" width=\"338\" height=\"600\" src=\"https:\/\/vilniuschess.lt\/wp-content\/uploads\/2023\/09\/20230908_194101-338x600.jpg\" alt=\"\" class=\"wp-image-3120\" srcset=\"https:\/\/vilniuschess.lt\/wp-content\/uploads\/2023\/09\/20230908_194101-338x600.jpg 338w, https:\/\/vilniuschess.lt\/wp-content\/uploads\/2023\/09\/20230908_194101-169x300.jpg 169w, https:\/\/vilniuschess.lt\/wp-content\/uploads\/2023\/09\/20230908_194101-768x1365.jpg 768w, https:\/\/vilniuschess.lt\/wp-content\/uploads\/2023\/09\/20230908_194101-864x1536.jpg 864w, https:\/\/vilniuschess.lt\/wp-content\/uploads\/2023\/09\/20230908_194101-1152x2048.jpg 1152w, https:\/\/vilniuschess.lt\/wp-content\/uploads\/2023\/09\/20230908_194101-7x12.jpg 7w, https:\/\/vilniuschess.lt\/wp-content\/uploads\/2023\/09\/20230908_194101-1200x2133.jpg 1200w, https:\/\/vilniuschess.lt\/wp-content\/uploads\/2023\/09\/20230908_194101-1568x2788.jpg 1568w, https:\/\/vilniuschess.lt\/wp-content\/uploads\/2023\/09\/20230908_194101-scaled.jpg 1440w\" sizes=\"(max-width: 338px) 100vw, 338px\" \/><\/figure><\/div><\/figure>\n<\/div><\/div>\n\n\n\n<div class=\"wp-block-group is-nowrap is-layout-flex wp-container-core-group-is-layout-4 wp-block-group-is-layout-flex\">\n<figure class=\"wp-block-gallery has-nested-images columns-default is-cropped wp-block-gallery-2 is-layout-flex wp-block-gallery-is-layout-flex\">\n<figure class=\"wp-block-image size-large\"><img loading=\"lazy\" decoding=\"async\" width=\"338\" height=\"600\" src=\"https:\/\/vilniuschess.lt\/wp-content\/uploads\/2023\/09\/20221211_181747-338x600.jpg\" alt=\"\" class=\"wp-image-3142\" srcset=\"https:\/\/vilniuschess.lt\/wp-content\/uploads\/2023\/09\/20221211_181747-338x600.jpg 338w, https:\/\/vilniuschess.lt\/wp-content\/uploads\/2023\/09\/20221211_181747-169x300.jpg 169w, https:\/\/vilniuschess.lt\/wp-content\/uploads\/2023\/09\/20221211_181747-768x1365.jpg 768w, https:\/\/vilniuschess.lt\/wp-content\/uploads\/2023\/09\/20221211_181747-864x1536.jpg 864w, https:\/\/vilniuschess.lt\/wp-content\/uploads\/2023\/09\/20221211_181747-1152x2048.jpg 1152w, https:\/\/vilniuschess.lt\/wp-content\/uploads\/2023\/09\/20221211_181747-7x12.jpg 7w, https:\/\/vilniuschess.lt\/wp-content\/uploads\/2023\/09\/20221211_181747-1200x2133.jpg 1200w, https:\/\/vilniuschess.lt\/wp-content\/uploads\/2023\/09\/20221211_181747-1568x2788.jpg 1568w, https:\/\/vilniuschess.lt\/wp-content\/uploads\/2023\/09\/20221211_181747-scaled.jpg 1440w\" sizes=\"(max-width: 338px) 100vw, 338px\" \/><\/figure>\n<\/figure>\n\n\n\n<figure class=\"wp-block-image size-large\"><img loading=\"lazy\" decoding=\"async\" width=\"374\" height=\"600\" src=\"https:\/\/vilniuschess.lt\/wp-content\/uploads\/2023\/09\/Capture-374x600.jpg\" alt=\"\" class=\"wp-image-3144\" srcset=\"https:\/\/vilniuschess.lt\/wp-content\/uploads\/2023\/09\/Capture-374x600.jpg 374w, https:\/\/vilniuschess.lt\/wp-content\/uploads\/2023\/09\/Capture-187x300.jpg 187w, https:\/\/vilniuschess.lt\/wp-content\/uploads\/2023\/09\/Capture-7x12.jpg 7w, https:\/\/vilniuschess.lt\/wp-content\/uploads\/2023\/09\/Capture.jpg 548w\" sizes=\"(max-width: 374px) 100vw, 374px\" \/><\/figure>\n<\/div>\n\n\n\n<p><\/p>\n\n\n<div class=\"wp-block-image\">\n<figure class=\"aligncenter size-large\"><img loading=\"lazy\" decoding=\"async\" width=\"600\" height=\"338\" src=\"https:\/\/vilniuschess.lt\/wp-content\/uploads\/2023\/09\/20230804_111654-1-600x338.jpg\" alt=\"\" class=\"wp-image-3121\" srcset=\"https:\/\/vilniuschess.lt\/wp-content\/uploads\/2023\/09\/20230804_111654-1-600x338.jpg 600w, https:\/\/vilniuschess.lt\/wp-content\/uploads\/2023\/09\/20230804_111654-1-300x169.jpg 300w, https:\/\/vilniuschess.lt\/wp-content\/uploads\/2023\/09\/20230804_111654-1-768x432.jpg 768w, https:\/\/vilniuschess.lt\/wp-content\/uploads\/2023\/09\/20230804_111654-1-1536x864.jpg 1536w, https:\/\/vilniuschess.lt\/wp-content\/uploads\/2023\/09\/20230804_111654-1-2048x1152.jpg 2048w, https:\/\/vilniuschess.lt\/wp-content\/uploads\/2023\/09\/20230804_111654-1-16x9.jpg 16w, https:\/\/vilniuschess.lt\/wp-content\/uploads\/2023\/09\/20230804_111654-1-1200x675.jpg 1200w, https:\/\/vilniuschess.lt\/wp-content\/uploads\/2023\/09\/20230804_111654-1-1568x882.jpg 1568w\" sizes=\"(max-width: 600px) 100vw, 600px\" \/><\/figure><\/div>\n\n\n<p><\/p>\n\n\n\n<figure class=\"wp-block-gallery has-nested-images columns-default is-cropped wp-block-gallery-3 is-layout-flex wp-block-gallery-is-layout-flex\"><\/figure>\n","protected":false},"excerpt":{"rendered":"<p>Martyno Limonto stovykla \u2013 \u0161achmat\u0173 u\u017edavini\u0173 turnyr\u0173 serija, organizuojama Arvydo Mockaus, \u012f kuri\u0105 2019-2020 m.&nbsp; rinkdavosi stovyklauti\/spr\u0119sti u\u017edavinius Lietuvos \u0161achmat\u0173 kompozitori\u0173 s\u0105jungos \u017eaid\u0117jai. V\u0117liau Limonto stovykla pl\u0117t\u0117si ir tapo tarptautine. Pirmieji jos sve\u010diai buvo geriausi Rusijos didmeistriai \u2013 Europos komandiniai \u010dempionai. Prasid\u0117jus karantinui stovykla pavirto internetinu turnyru ir ma\u017euoju Europos \u010dempionatu. Joje dalyvavo 15 \u0161ali\u0173<a class=\"more-link\" href=\"https:\/\/vilniuschess.lt\/lt\/martyno-limonto-stovykla\/\">Continue reading <span class=\"screen-reader-text\">&#8222;Martyno Limonto mokykla&#8221;<\/span><\/a><\/p>\n","protected":false},"author":1,"featured_media":0,"parent":0,"menu_order":0,"comment_status":"closed","ping_status":"closed","template":"","meta":{"_mi_skip_tracking":false,"_monsterinsights_sitenote_active":false,"_monsterinsights_sitenote_note":"","_monsterinsights_sitenote_category":0,"_starter_page_template":"blank","_wpcom_template_layout_category":[],"footnotes":""},"class_list":["post-1403","page","type-page","status-publish","hentry","entry"],"aioseo_notices":[],"_links":{"self":[{"href":"https:\/\/vilniuschess.lt\/lt\/wp-json\/wp\/v2\/pages\/1403"}],"collection":[{"href":"https:\/\/vilniuschess.lt\/lt\/wp-json\/wp\/v2\/pages"}],"about":[{"href":"https:\/\/vilniuschess.lt\/lt\/wp-json\/wp\/v2\/types\/page"}],"author":[{"embeddable":true,"href":"https:\/\/vilniuschess.lt\/lt\/wp-json\/wp\/v2\/users\/1"}],"replies":[{"embeddable":true,"href":"https:\/\/vilniuschess.lt\/lt\/wp-json\/wp\/v2\/comments?post=1403"}],"version-history":[{"count":23,"href":"https:\/\/vilniuschess.lt\/lt\/wp-json\/wp\/v2\/pages\/1403\/revisions"}],"predecessor-version":[{"id":3199,"href":"https:\/\/vilniuschess.lt\/lt\/wp-json\/wp\/v2\/pages\/1403\/revisions\/3199"}],"wp:attachment":[{"href":"https:\/\/vilniuschess.lt\/lt\/wp-json\/wp\/v2\/media?parent=1403"}],"curies":[{"name":"wp","href":"https:\/\/api.w.org\/{rel}","templated":true}]}}