{"id":1279,"date":"2022-03-21T09:47:05","date_gmt":"2022-03-21T09:47:05","guid":{"rendered":"https:\/\/vilniuschess.lt\/?page_id=1279"},"modified":"2023-11-02T00:17:18","modified_gmt":"2023-11-02T00:17:18","slug":"teams-2022","status":"publish","type":"page","link":"https:\/\/vilniuschess.lt\/lt\/teams-2022\/","title":{"rendered":"Komandos \u2013 2022"},"content":{"rendered":"\n<p class=\"has-text-align-center\"><strong>Pasirinkite metus:<\/strong>\u00a0<a href=\"https:\/\/vilniuschess.lt\/teams-2023\/\">2023<\/a>\u00a0\u2013 <strong>2022 <\/strong>\u2013 <a href=\"https:\/\/vilniuschess.lt\/teams-2021\/\" title=\"2021\">2021<\/a>\u00a0\u2013\u00a0<a href=\"https:\/\/vilniuschess.lt\/teams-2020\/\">2020<\/a>\u00a0\u2013\u00a0<a href=\"https:\/\/vilniuschess.lt\/teams-2019\/\">2019<\/a>\u00a0\u2013\u00a0<a href=\"https:\/\/vilniuschess.lt\/teams-2018\/\">2018<\/a>\u00a0\u2013\u00a0<a href=\"https:\/\/vilniuschess.lt\/teams-2017\/\">2017<\/a><\/p>\n\n\n<figure class=\"wp-block-table\">\n<table style=\"font-size: 14px !important;\">\n<tbody>\n<tr>\n<th>Var\u017eybos<\/th>\n<th>Komanda<\/th>\n<th>Vieta<\/th>\n<\/tr>\n<tr>\n<td><strong>Lietuvos \u0161achmat\u0173 lyga<\/strong><\/td>\n<td>\n<details>\n<summary>M\u0117lyna-V\u0160K<\/summary>\n<ol>\n<li>Aras Vardanyan<\/li>\n<li>Aleksandras \u0160alna<\/li>\n<li>Tomas Povilaitis<\/li>\n<li>Kipras Eigminas<\/li>\n<li>Lukas Bagvilas<\/li>\n<li>Andrius Paulauskas<\/li>\n<\/ol>\n<\/details>\n<\/td>\n<td>5 vieta<\/td>\n<\/tr>\n<tr>\n<td><strong>Lietuvos \u0161achmat\u0173 lyga<\/strong><\/td>\n<td>\n<details>\n<summary>Geltona-V\u0160K<\/summary>\n<ol>\n<li>Andrius Rimeikis<\/li>\n<li>Justas Tilvikas<\/li>\n<li>Andrius \u0160arauskas<\/li>\n<li>Karolis Po\u0161ka<\/li>\n<li>Marius Sne\u017eko<\/li>\n<li>Dovydas Au\u0161kalnis<\/li>\n<li>Rytis Buterlevi\u010dius<\/li>\n<li>Mantas Jur\u010dius<\/li>\n<li>Tautvydas Jamantas<\/li>\n<\/ol>\n<\/details>\n<\/td>\n<td>9 vieta<\/td>\n<\/tr>\n<tr>\n<td><strong>Lietuvos \u0161achmat\u0173 lyga<\/strong><\/td>\n<td>\n<details>\n<summary>V\u0160K Mu\u0161kietininkai<\/summary>\n<ol>\n<li>Andrzej Stuczynski<\/li>\n<li>Arijus Ketl\u0117rius<\/li>\n<li>Vytautas Kalinauskas<\/li>\n<li>Gediminas Viederis<\/li>\n<li>Valdas Di\u010di\u016bnas<\/li>\n<li>Romualdas Tutinas<\/li>\n<li>Boris Feofanov<\/li>\n<\/ol>\n<\/details>\n<\/td>\n<td>14 vieta<\/td>\n<\/tr>\n<tr>\n<td><strong>Lietuvos moter\u0173 \u0161achmat\u0173 lyga<\/strong><\/td>\n<td>\n<details>\n<summary>Vilniaus \u0160K<\/summary>\n<ol>\n<li>Berta R\u0117ja Butvilait\u0117<\/li>\n<li>Greta Ma\u010diuityt\u0117<\/li>\n<li>Gabriel\u0117 Fokait\u0117<\/li>\n<li>Kamil\u0117 Rauckyt\u0117<\/li>\n<\/ol>\n<\/details>\n<\/td>\n<td>7 vieta<\/td>\n<\/tr>\n<tr>\n<td>Greit\u0173j\u0173 komandinis \u010dempionatas<\/td>\n<td>\n<details>\n<summary>Vilniaus \u0160K-1<\/summary>\n<ol>\n<li>Lukas Stauskas<\/li>\n<li>Aleksandras \u0160alna<\/li>\n<li>Kipras Eigminas<\/li>\n<li>Gint\u0117 Gai\u017eauskait\u0117<\/li>\n<\/ol>\n<\/details>\n<\/td>\n<td>4 vieta<\/td>\n<\/tr>\n<tr>\n<td>Greit\u0173j\u0173 komandinis \u010dempionatas<\/td>\n<td>\n<details>\n<summary>Vilniaus \u0160K-2<\/summary>\n<ol>\n<li>Andrius Paulauskas<\/li>\n<li>Justas Tilvikas<\/li>\n<li>Andrius \u0160arauskas<\/li>\n<li>Gabriel\u0117 Fokait\u0117<\/li>\n<li>Marius Sne\u017eko<\/li>\n<\/ol>\n<\/details>\n<\/td>\n<td>8 vieta<\/td>\n<\/tr>\n<tr>\n<td>Greit\u0173j\u0173 komandinis \u010dempionatas<\/td>\n<td>\n<details>\n<summary>Vilniaus \u0160K-3<\/summary>\n<ol>\n<li>Dovydas Au\u0161kalnis<\/li>\n<li>Romualdas Tutinas<\/li>\n<li>Kristijonas \u010ci\u010dinadz\u0117<\/li>\n<li>Kamil\u0117 Rauckyt\u0117<\/li>\n<li>Edvinas Ma\u010diulaitis<\/li>\n<\/ol>\n<\/details>\n<\/td>\n<td>23 vieta<\/td>\n<\/tr>\n<tr>\n<td>Greit\u0173j\u0173 komandinis \u010dempionatas<\/td>\n<td>\n<details>\n<summary>Vilniaus \u0160K-4<\/summary>\n<ol>\n<li>Dovydas Ma\u017eeika<\/li>\n<li>Liudas Ma\u017eeika<\/li>\n<li>Gediminas Ribinskas<\/li>\n<li>August\u0117 Ja\u0161k\u016bnait\u0117<\/li>\n<\/ol>\n<\/details>\n<\/td>\n<td>21 vieta<\/td>\n<\/tr>\n<tr>\n<td>\u017daibo komandinis \u010dempionatas<\/td>\n<td>\n<details>\n<summary>Vilniaus \u0160K-1<\/summary>\n<ol>\n<li>Kipras Eigminas<\/li>\n<li>Aleksandras \u0160alna<\/li>\n<li>Lukas Stauskas<\/li>\n<li>Gint\u0117 Gai\u017eauskait\u0117<\/li>\n<\/ol>\n<\/details>\n<\/td>\n<td>2 vieta<\/td>\n<\/tr>\n<tr>\n<td>\u017daibo komandinis \u010dempionatas<\/td>\n<td>\n<details>\n<summary>Vilniaus \u0160K-2<\/summary>\n<ol>\n<li>Andrius Paulauskas<\/li>\n<li>Justas Tilvikas<\/li>\n<li>Andrius \u0160arauskas<\/li>\n<li>Gabriel\u0117 Fokait\u0117<\/li>\n<li>Marius Sne\u017eko<\/li>\n<\/ol>\n<\/details>\n<\/td>\n<td>5 vieta<\/td>\n<\/tr>\n<tr>\n<td>\u017daibo komandinis \u010dempionatas<\/td>\n<td>\n<details>\n<summary>Vilniaus \u0160K-3<\/summary>\n<ol>\n<li>Dovydas Au\u0161kalnis<\/li>\n<li>Romualdas Tutinas<\/li>\n<li>Kristijonas \u010ci\u010dinadz\u0117<\/li>\n<li>Kamil\u0117 Rauckyt\u0117<\/li>\n<li>Edvinas Ma\u010diulaitis<\/li>\n<\/ol>\n<\/details>\n<\/td>\n<td>12 vieta<\/td>\n<\/tr>\n<tr>\n<td>\u017daibo komandinis \u010dempionatas<\/td>\n<td>\n<details>\n<summary>Vilniaus \u0160K-4<\/summary>\n<ol>\n<li>Dovydas Ma\u017eeika<\/li>\n<li>Liudas Ma\u017eeika<\/li>\n<li>Gediminas Ribinskas<\/li>\n<li>August\u0117 Ja\u0161k\u016bnait\u0117<\/li>\n<li>Daniel Achonen<\/li>\n<\/ol>\n<\/details>\n<\/td>\n<td>22 vieta<\/td>\n<\/tr>\n<\/tbody>\n<\/table>\n<\/figure>","protected":false},"excerpt":{"rendered":"<p>Pasirinkite metus:\u00a02023\u00a0\u2013 2022 \u2013 2021\u00a0\u2013\u00a02020\u00a0\u2013\u00a02019\u00a0\u2013\u00a02018\u00a0\u2013\u00a02017 Var\u017eybos Komanda Vieta Lietuvos \u0161achmat\u0173 lyga M\u0117lyna-V\u0160K Aras Vardanyan Aleksandras \u0160alna Tomas Povilaitis Kipras Eigminas Lukas Bagvilas Andrius Paulauskas 5 vieta Lietuvos \u0161achmat\u0173 lyga Geltona-V\u0160K Andrius Rimeikis Justas Tilvikas Andrius \u0160arauskas Karolis Po\u0161ka Marius Sne\u017eko Dovydas Au\u0161kalnis Rytis Buterlevi\u010dius Mantas Jur\u010dius Tautvydas Jamantas 9 vieta Lietuvos \u0161achmat\u0173 lyga V\u0160K Mu\u0161kietininkai<a class=\"more-link\" href=\"https:\/\/vilniuschess.lt\/lt\/teams-2022\/\">Continue reading <span class=\"screen-reader-text\">&#8222;Komandos \u2013 2022&#8221;<\/span><\/a><\/p>\n","protected":false},"author":1,"featured_media":0,"parent":0,"menu_order":0,"comment_status":"closed","ping_status":"closed","template":"","meta":{"_mi_skip_tracking":false,"_monsterinsights_sitenote_active":false,"_monsterinsights_sitenote_note":"","_monsterinsights_sitenote_category":0,"_starter_page_template":"blank","_wpcom_template_layout_category":[],"footnotes":""},"class_list":["post-1279","page","type-page","status-publish","hentry","entry"],"aioseo_notices":[],"_links":{"self":[{"href":"https:\/\/vilniuschess.lt\/lt\/wp-json\/wp\/v2\/pages\/1279"}],"collection":[{"href":"https:\/\/vilniuschess.lt\/lt\/wp-json\/wp\/v2\/pages"}],"about":[{"href":"https:\/\/vilniuschess.lt\/lt\/wp-json\/wp\/v2\/types\/page"}],"author":[{"embeddable":true,"href":"https:\/\/vilniuschess.lt\/lt\/wp-json\/wp\/v2\/users\/1"}],"replies":[{"embeddable":true,"href":"https:\/\/vilniuschess.lt\/lt\/wp-json\/wp\/v2\/comments?post=1279"}],"version-history":[{"count":4,"href":"https:\/\/vilniuschess.lt\/lt\/wp-json\/wp\/v2\/pages\/1279\/revisions"}],"predecessor-version":[{"id":2322,"href":"https:\/\/vilniuschess.lt\/lt\/wp-json\/wp\/v2\/pages\/1279\/revisions\/2322"}],"wp:attachment":[{"href":"https:\/\/vilniuschess.lt\/lt\/wp-json\/wp\/v2\/media?parent=1279"}],"curies":[{"name":"wp","href":"https:\/\/api.w.org\/{rel}","templated":true}]}}