{"id":70,"date":"2020-12-20T22:50:31","date_gmt":"2020-12-20T20:50:31","guid":{"rendered":"https:\/\/vilniuschess659064488.wordpress.com\/?page_id=70"},"modified":"2023-03-24T00:26:52","modified_gmt":"2023-03-24T00:26:52","slug":"activity","status":"publish","type":"page","link":"https:\/\/vilniuschess.lt\/en\/activity\/","title":{"rendered":"Activity"},"content":{"rendered":"<p class=\" translation-block\">Vilnius Chess Club unifies many people of various nationalities, age or occupations who have a common hobby and passion \u2013 <strong>chess<\/strong>.<\/p>\n\n\n\n<p>Club members have organized hundreds of different format tournaments in cafes, open spaces and even Lithuanian parliament. Everyone is kindly invited to play \u2013 age, gender, ethnicity, religion, education or political views do not matter.<\/p>\n\n\n\n<p>You can meet pensioner, businessman, painter or Member of Parliament here, local or foreigner \u2013 everyone is welcome! We keep friendly, warm and respectful atmosphere here. The only requirements \u2013 know how chess pieces move and have desire to play.<\/p>\n\n\n\n<p>When needed, VCC also organizes or assists with closed tournaments for organizations or their clients<\/p>\n\n\n\n<p>Between games many new acquaintances or interesting discussions start here. Some may think it's strange, but tournament result usually does not matter as much as the atmosphere and communication, which often extends to late night.<\/p>\n\n\n\n<p class=\" translation-block\">Date in club logo \u2013 <strong>1887<\/strong> \u2013 marks the start of first chess community in Vilnius, which acitivities VCC succeeds to this day.<\/p>\n\n\n\n<p><a href=\"https:\/\/vilniuschess.lt\/wp-content\/uploads\/2020\/12\/vsk-istatai.pdf\">KLUBO \u012eSTATAI<\/a><\/p>","protected":false},"excerpt":{"rendered":"<p>Vilniaus \u0161achmat\u0173 klubas vienija \u012fvairi\u0173 tautybi\u0173, am\u017eiaus ir specialybi\u0173 atstovus, kuri\u0173 bendras pom\u0117gis ir aistra yra \u0161achmatai. Klubo nariai yra sureng\u0119 \u0161imtus \u012fvairaus formato \u0161achmat\u0173 turnyr\u0173 Vilniaus kavin\u0117se, Bernardin\u0173 sode, Druskininkuose, Lietuvos Respublikos Seime ir t. t. Juose dalyvauti maloniai kvie\u010diami visi norintieji, nepriklausomai nuo am\u017eiaus, tautyb\u0117s, religijos, lyties, i\u0161silavinimo ar politini\u0173 pa\u017ei\u016br\u0173. \u010cia sutiksi<a class=\"more-link\" href=\"https:\/\/vilniuschess.lt\/en\/activity\/\">Continue reading <span class=\"screen-reader-text\">&#8222;Veikla&#8221;<\/span><\/a><\/p>","protected":false},"author":1,"featured_media":0,"parent":0,"menu_order":0,"comment_status":"closed","ping_status":"closed","template":"","meta":{"_mi_skip_tracking":false,"_monsterinsights_sitenote_active":false,"_monsterinsights_sitenote_note":"","_monsterinsights_sitenote_category":0,"_starter_page_template":"","_wpcom_template_layout_category":[],"footnotes":""},"class_list":["post-70","page","type-page","status-publish","hentry","entry"],"aioseo_notices":[],"_links":{"self":[{"href":"https:\/\/vilniuschess.lt\/en\/wp-json\/wp\/v2\/pages\/70"}],"collection":[{"href":"https:\/\/vilniuschess.lt\/en\/wp-json\/wp\/v2\/pages"}],"about":[{"href":"https:\/\/vilniuschess.lt\/en\/wp-json\/wp\/v2\/types\/page"}],"author":[{"embeddable":true,"href":"https:\/\/vilniuschess.lt\/en\/wp-json\/wp\/v2\/users\/1"}],"replies":[{"embeddable":true,"href":"https:\/\/vilniuschess.lt\/en\/wp-json\/wp\/v2\/comments?post=70"}],"version-history":[{"count":4,"href":"https:\/\/vilniuschess.lt\/en\/wp-json\/wp\/v2\/pages\/70\/revisions"}],"predecessor-version":[{"id":2775,"href":"https:\/\/vilniuschess.lt\/en\/wp-json\/wp\/v2\/pages\/70\/revisions\/2775"}],"wp:attachment":[{"href":"https:\/\/vilniuschess.lt\/en\/wp-json\/wp\/v2\/media?parent=70"}],"curies":[{"name":"wp","href":"https:\/\/api.w.org\/{rel}","templated":true}]}}