{"id":503,"date":"2021-01-08T13:13:51","date_gmt":"2021-01-08T13:13:51","guid":{"rendered":"https:\/\/vilniuschess.lt\/?page_id=503"},"modified":"2023-11-02T00:19:12","modified_gmt":"2023-11-02T00:19:12","slug":"teams-2019","status":"publish","type":"page","link":"https:\/\/vilniuschess.lt\/en\/teams-2019\/","title":{"rendered":"Teams in 2019"},"content":{"rendered":"<p class=\"has-text-align-center\"><strong>Choose year: <\/strong><a href=\"https:\/\/vilniuschess.lt\/en\/teams-2023\/\">2023<\/a> \u2013\u00a0<a href=\"https:\/\/vilniuschess.lt\/en\/teams-2022\/\">2022<\/a> \u2013 <a href=\"https:\/\/vilniuschess.lt\/en\/teams-2021\/\">2021<\/a> \u2013 <a href=\"https:\/\/vilniuschess.lt\/en\/teams-2020\/\">2020<\/a> \u2013\u00a0<strong>2019<\/strong> \u2013\u00a0<a href=\"https:\/\/vilniuschess.lt\/en\/teams-2018\/\">2018<\/a> \u2013 <a href=\"https:\/\/vilniuschess.lt\/en\/teams-2017\/\">2017<\/a><\/p>\n\n\n<figure class=\"wp-block-table\">\n<table style=\"font-size: 14px !important;\">\n<tbody>\n<tr>\n<th>Tournament<\/th>\n<th>Team<\/th>\n<th>Place<\/th>\n<\/tr>\n<tr>\n<td><strong>Lithuanian Chess League<\/strong><\/td>\n<td>\n<details>\n<summary>Tauras<\/summary>\n<ol>\n<li>Kipras Eigminas<\/li>\n<li>Aleksandras \u0160alna<\/li>\n<li>Andrius Paulauskas<\/li>\n<li>Aras Vardanyan<\/li>\n<li>Paulius Vaitkevi\u010dius<\/li>\n<li>Marius Sne\u017eko<\/li>\n<li>Mantas Pilipuitis<\/li>\n<li>Gint\u0117 Gai\u017eauskait\u0117<\/li>\n<\/ol>\n<\/details>\n<\/td>\n<td>11th place<\/td>\n<\/tr>\n<tr>\n<td><strong>Lithuanian Chess League<\/strong><\/td>\n<td>\n<details>\n<summary>Pasak\u0173 parkas 1 \u2013 V\u0160K<\/summary>\n<ol>\n<li>Vaidotas Valantiejus<\/li>\n<li>Romas Ruk\u0161\u0117nas<\/li>\n<li>Arijus Ketlerius<\/li>\n<li>Valdas Di\u010di\u016bnas<\/li>\n<li>Syrym Shalabayev<\/li>\n<li>Raimundas Jasi\u016bnas<\/li>\n<li>Augustinas Bazilius<\/li>\n<\/ol>\n<\/details>\n<\/td>\n<td>16th place<\/td>\n<\/tr>\n<tr>\n<td><strong>Lithuanian Chess League<\/strong><\/td>\n<td>\n<details>\n<summary>Pasak\u0173 parkas 2 \u2013 V\u0160K<\/summary>\n<ol>\n<li>Gintautas Bagd\u017eius<\/li>\n<li>Gediminas Viederis<\/li>\n<li>Vladas Krauj\u016bnas<\/li>\n<li>Vadim Voronov<\/li>\n<li>Stanislav Gerasimovi\u010d<\/li>\n<li>Boris Feofanov<\/li>\n<li>Petras Steponavi\u010dius<\/li>\n<li>Berelis Vainermanas<\/li>\n<li>Jurijus Jeriominas<\/li>\n<li>Titas Bla\u017eys<\/li>\n<\/ol>\n<\/details>\n<\/td>\n<td>18th place<\/td>\n<\/tr>\n<tr>\n<td><strong>Lietuvos moter\u0173 \u0161achmat\u0173 lyga<\/strong><\/td>\n<td>\n<details>\n<summary>V\u0160K<\/summary>\n<ol>\n<li>WFM Vesta Kasput\u0117<\/li>\n<li>Marina Mali\u0161auskien\u0117<\/li>\n<li>Rita Zykien\u0117<\/li>\n<li>Asta Idzelien\u0117<\/li>\n<\/ol>\n<\/details>\n<\/td>\n<td><strong>1st place<\/strong><\/td>\n<\/tr>\n<\/tbody>\n<\/table>\n<\/figure>\n<p><!-- \/wp:paragraph --><\/p>\n<p><!-- wp:paragraph --><\/p>\n<p><!-- \/wp:paragraph --><\/p>","protected":false},"excerpt":{"rendered":"<p>Pasirinkite metus: 2023 \u2013\u00a02022 \u2013 2021 \u2013 2020 \u2013\u00a02019 \u2013\u00a02018 \u2013 2017 Var\u017eybos Komanda Vieta Lietuvos \u0161achmat\u0173 lyga Tauras Kipras Eigminas Aleksandras \u0160alna Andrius Paulauskas Aras Vardanyan Paulius Vaitkevi\u010dius Marius Sne\u017eko Mantas Pilipuitis Gint\u0117 Gai\u017eauskait\u0117 11 vieta Lietuvos \u0161achmat\u0173 lyga Pasak\u0173 parkas 1 \u2013 V\u0160K Vaidotas Valantiejus Romas Ruk\u0161\u0117nas Arijus Ketlerius Valdas Di\u010di\u016bnas Syrym Shalabayev<a class=\"more-link\" href=\"https:\/\/vilniuschess.lt\/en\/teams-2019\/\">Continue reading <span class=\"screen-reader-text\">&#8222;Komandos \u2013 2019&#8221;<\/span><\/a><\/p>","protected":false},"author":1,"featured_media":0,"parent":0,"menu_order":0,"comment_status":"closed","ping_status":"closed","template":"","meta":{"_mi_skip_tracking":false,"_monsterinsights_sitenote_active":false,"_monsterinsights_sitenote_note":"","_monsterinsights_sitenote_category":0,"_starter_page_template":"blank","_wpcom_template_layout_category":[],"footnotes":""},"class_list":["post-503","page","type-page","status-publish","hentry","entry"],"aioseo_notices":[],"_links":{"self":[{"href":"https:\/\/vilniuschess.lt\/en\/wp-json\/wp\/v2\/pages\/503"}],"collection":[{"href":"https:\/\/vilniuschess.lt\/en\/wp-json\/wp\/v2\/pages"}],"about":[{"href":"https:\/\/vilniuschess.lt\/en\/wp-json\/wp\/v2\/types\/page"}],"author":[{"embeddable":true,"href":"https:\/\/vilniuschess.lt\/en\/wp-json\/wp\/v2\/users\/1"}],"replies":[{"embeddable":true,"href":"https:\/\/vilniuschess.lt\/en\/wp-json\/wp\/v2\/comments?post=503"}],"version-history":[{"count":8,"href":"https:\/\/vilniuschess.lt\/en\/wp-json\/wp\/v2\/pages\/503\/revisions"}],"predecessor-version":[{"id":1286,"href":"https:\/\/vilniuschess.lt\/en\/wp-json\/wp\/v2\/pages\/503\/revisions\/1286"}],"wp:attachment":[{"href":"https:\/\/vilniuschess.lt\/en\/wp-json\/wp\/v2\/media?parent=503"}],"curies":[{"name":"wp","href":"https:\/\/api.w.org\/{rel}","templated":true}]}}