{"id":499,"date":"2021-01-08T13:09:56","date_gmt":"2021-01-08T13:09:56","guid":{"rendered":"https:\/\/vilniuschess.lt\/?page_id=499"},"modified":"2023-11-02T00:17:56","modified_gmt":"2023-11-02T00:17:56","slug":"teams-2021","status":"publish","type":"page","link":"https:\/\/vilniuschess.lt\/en\/teams-2021\/","title":{"rendered":"Teams in 2021"},"content":{"rendered":"<p class=\"has-text-align-center\"><strong>Choose year:<\/strong> <a href=\"https:\/\/vilniuschess.lt\/en\/teams-2023\/\">2023<\/a> \u2013\u00a0<a href=\"https:\/\/vilniuschess.lt\/en\/teams-2022\/\">2022<\/a> \u2013 <strong>2021<\/strong> \u2013 <a href=\"https:\/\/vilniuschess.lt\/en\/teams-2020\/\" title=\"Teams in 2020\">2020<\/a> \u2013\u00a0<a href=\"https:\/\/vilniuschess.lt\/en\/teams-2019\/\" title=\"Teams in 2019\">2019<\/a> \u2013\u00a0<a href=\"https:\/\/vilniuschess.lt\/en\/teams-2018\/\" title=\"Teams in 2018\">2018<\/a> \u2013 <a href=\"https:\/\/vilniuschess.lt\/en\/teams-2017\/\" title=\"Teams in 2017\">2017<\/a><\/p>\n\n\n<figure class=\"wp-block-table\">\n<table style=\"font-size: 14px !important;\">\n<tbody>\n<tr>\n<th>Tournament<\/th>\n<th>Team<\/th>\n<th>Place<\/th>\n<\/tr>\n<tr>\n<td><strong>Lithuanian Chess League<\/strong><\/td>\n<td><details>\n<summary>BTT Cloud \u2013 V\u0160K<\/summary>\n<ol>\n<li>Lukas Stauskas<\/li>\n<li>Aras Vardanyan<\/li>\n<li>Aleksandras \u0160alna<\/li>\n<li>Kipras Eigminas<\/li>\n<li>Andrius Paulauskas<\/li>\n<li>Oleksandr Zozulia<\/li>\n<\/ol>\n<\/details><\/td>\n<td>3 vieta<\/td>\n<\/tr>\n<tr>\n<td>Lithuanian Team Rapid<\/td>\n<td><details>\n<summary>Pfizer\u2013V\u0160K<\/summary>\n<ol>\n<li>Kipras Eigminas<\/li>\n<li>Aras Vardanyan<\/li>\n<li>Aleksandras \u0160alna<\/li>\n<li>Evelina Ravlu\u0161evi\u010d<\/li>\n<\/ol>\n<\/details><\/td>\n<td>12 vieta<\/td>\n<\/tr>\n<tr>\n<td>Lithuanian Team Rapid<\/td>\n<td><details>\n<summary>AstraZeneca\u2013V\u0160K<\/summary>\n<ol>\n<li>Andrius Paulauskas<\/li>\n<li>Marius Sne\u017eko<\/li>\n<li>Dovydas Au\u0161kalnis<\/li>\n<li>Gint\u0117 Gai\u017eauskait\u0117<\/li>\n<\/ol>\n<\/details><\/td>\n<td>11th place<\/td>\n<\/tr>\n<tr>\n<td>Lithuanian Team Blitz<\/td>\n<td><details>\n<summary>Pfizer-V\u0160K<\/summary>\n<ol>\n<li>Kipras Eigminas<\/li>\n<li>Aleksandras \u0160alna<\/li>\n<li>Aras Vardanyan<\/li>\n<li>Evelina Ravlu\u0161evi\u010d<\/li>\n<\/ol>\n<\/details><\/td>\n<td>4th place<\/td>\n<\/tr>\n<tr>\n<td>Lithuanian Team Blitz<\/td>\n<td><details>\n<summary>AstraZeneca\u2013V\u0160K<\/summary>\n<ol>\n<li>Andrius Paulauskas<\/li>\n<li>Marius Sne\u017eko<\/li>\n<li>Dovydas Au\u0161kalnis<\/li>\n<li>Gint\u0117 Gai\u017eauskait\u0117<\/li>\n<\/ol>\n<\/details><\/td>\n<td>11th place<\/td>\n<\/tr>\n<\/tbody>\n<\/table>\n<\/figure>","protected":false},"excerpt":{"rendered":"<p>Pasirinkite metus: 2023 \u2013\u00a02022 \u2013 2021 \u2013 2020 \u2013\u00a02019 \u2013\u00a02018 \u2013 2017 Var\u017eybos Komanda Vieta Lietuvos \u0161achmat\u0173 lyga BTT Cloud \u2013 V\u0160K Lukas Stauskas Aras Vardanyan Aleksandras \u0160alna Kipras Eigminas Andrius Paulauskas Oleksandr Zozulia 3 vieta Greit\u0173j\u0173 komandinis \u010dempionatas Pfizer\u2013V\u0160K Kipras Eigminas Aras Vardanyan Aleksandras \u0160alna Evelina Ravlu\u0161evi\u010d 12 vieta Greit\u0173j\u0173 komandinis \u010dempionatas AstraZeneca\u2013V\u0160K Andrius<a class=\"more-link\" href=\"https:\/\/vilniuschess.lt\/en\/teams-2021\/\">Continue reading <span class=\"screen-reader-text\">&#8222;Komandos \u2013 2021&#8221;<\/span><\/a><\/p>","protected":false},"author":1,"featured_media":0,"parent":0,"menu_order":0,"comment_status":"closed","ping_status":"closed","template":"","meta":{"_mi_skip_tracking":false,"_monsterinsights_sitenote_active":false,"_monsterinsights_sitenote_note":"","_monsterinsights_sitenote_category":0,"_starter_page_template":"blank","_wpcom_template_layout_category":[],"footnotes":""},"class_list":["post-499","page","type-page","status-publish","hentry","entry"],"aioseo_notices":[],"_links":{"self":[{"href":"https:\/\/vilniuschess.lt\/en\/wp-json\/wp\/v2\/pages\/499"}],"collection":[{"href":"https:\/\/vilniuschess.lt\/en\/wp-json\/wp\/v2\/pages"}],"about":[{"href":"https:\/\/vilniuschess.lt\/en\/wp-json\/wp\/v2\/types\/page"}],"author":[{"embeddable":true,"href":"https:\/\/vilniuschess.lt\/en\/wp-json\/wp\/v2\/users\/1"}],"replies":[{"embeddable":true,"href":"https:\/\/vilniuschess.lt\/en\/wp-json\/wp\/v2\/comments?post=499"}],"version-history":[{"count":14,"href":"https:\/\/vilniuschess.lt\/en\/wp-json\/wp\/v2\/pages\/499\/revisions"}],"predecessor-version":[{"id":1283,"href":"https:\/\/vilniuschess.lt\/en\/wp-json\/wp\/v2\/pages\/499\/revisions\/1283"}],"wp:attachment":[{"href":"https:\/\/vilniuschess.lt\/en\/wp-json\/wp\/v2\/media?parent=499"}],"curies":[{"name":"wp","href":"https:\/\/api.w.org\/{rel}","templated":true}]}}