{"id":4417,"date":"2025-07-10T15:30:17","date_gmt":"2025-07-10T15:30:17","guid":{"rendered":"https:\/\/vilniuschess.lt\/?page_id=4417"},"modified":"2026-03-31T05:07:07","modified_gmt":"2026-03-31T05:07:07","slug":"it-lyga","status":"publish","type":"page","link":"https:\/\/vilniuschess.lt\/en\/it-lyga\/","title":{"rendered":"Vilnius IT Chess League"},"content":{"rendered":"<p><strong>D\u0117mesio:<\/strong><\/p>\n\n\n\n<ul class=\"wp-block-list\">\n<li><strong>Paskutinis etapas vyks 2026 m. baland\u017eio 23 d. <a href=\"https:\/\/share.google\/tdXldMGmqypEeCNGs\" target=\"_blank\" rel=\"noopener\" title=\"Omnisend\">Omnisend<\/a> (Ulon\u0173 verslo centras, Verki\u0173 g. 25C)<\/strong><\/li>\n<\/ul>\n\n\n\n<hr class=\"wp-block-separator has-alpha-channel-opacity\"\/>\n\n\n\n<h4 class=\"wp-block-heading\">Kvie\u010diame IT bendruomenes susikauti prie \u0161achmat\u0173 lentos!<\/h4>\n\n\n\n<ul class=\"wp-block-list\">\n<li><a href=\"https:\/\/s2.chess-results.com\/tnr1225827.aspx?lan=1&amp;art=2&amp;SNode=S0\" target=\"_blank\" rel=\"noopener\" title=\"Tvarkara\u0161tis\">Tvarkara\u0161tis<\/a><\/li>\n\n\n\n<li><a href=\"https:\/\/s1.chess-results.com\/tnr1225827.aspx?lan=1&amp;art=8&amp;SNode=S0\" target=\"_blank\" rel=\"noopener\" title=\"Komand\u0173 sud\u0117tys\">Komand\u0173 sud\u0117tys<\/a><\/li>\n<\/ul>\n\n\n\n<p class=\"has-primary-color has-text-color has-link-color wp-elements-2ef3750acda230417280efa66bf413bf\"><strong>Etapai:<\/strong><\/p>\n\n\n\n<ul class=\"wp-block-list\">\n<li><strong>1 etapas <\/strong>(1-3 ratai)<strong>: 2025-09-25 18:00, @ <a href=\"https:\/\/share.google\/oze7ECXfRvnvSQMr7\" target=\"_blank\" rel=\"noopener\" title=\"Vinted\">Vinted<\/a> (\u0160vitrigailos g. 13)<\/strong> \u2705<\/li>\n\n\n\n<li><strong>2 etapas <\/strong>(4-6 ratai)<strong>: 2025-10-16 18:00, @ <a href=\"https:\/\/share.google\/H7WASrQFVQBBrgzXC\" target=\"_blank\" rel=\"noopener\" title=\"Danske Bank\">Danske Bank<\/a> (DC Pier, Saltoni\u0161ki\u0173 g. 7)<\/strong> \u2705<\/li>\n\n\n\n<li><strong>3 etapas<\/strong> (7-9 ratai)<strong>: 2025-12-11 18:00,<em> <\/em>@ <a href=\"https:\/\/share.google\/c5FSMZGUPMLLtT7Ac\" target=\"_blank\" rel=\"noopener\" title=\"Wix.com\">Wix.com<\/a> (Town Hall Office, Did\u017eioji g. 28)<\/strong> \u2705<\/li>\n\n\n\n<li><strong>4 etapas <\/strong>(10-12 ratai)<strong>: 2026-03-05 18:00, @ <a href=\"https:\/\/www.govilnius.lt\/susitikite\/vietu-paieska\/cyber-city-lt\" target=\"_blank\" rel=\"noopener\" title=\"Cyber City\">Cyber City<\/a> (B korpusas, \u0160vitrigailos g. 34) \u2705<\/strong><\/li>\n\n\n\n<li><strong>5 etapas <\/strong>(13-14 ratai)<strong>: 2026-04-23 18:00, @ <a href=\"https:\/\/share.google\/tdXldMGmqypEeCNGs\" target=\"_blank\" rel=\"noopener\" title=\"Omnisend\">Omnisend<\/a> (Ulon\u0173 verslo centras, Verki\u0173 g. 25C)<\/strong><\/li>\n<\/ul>\n\n\n\n<hr class=\"wp-block-separator has-alpha-channel-opacity\"\/>\n\n\n\n<p><strong>Vilnius IT Chess League 2025\/26<\/strong> \u2013 komandin\u0117s \u0161achmat\u0173 var\u017eybos, skirtos IT \u012fmoni\u0173 ir kit\u0173 organizacij\u0173 IT padalini\u0173 darbuotojams. Dalyvauti kvie\u010diami visi, norintys ne tik lavinti bei pademonstruoti \u0161achmat\u0173 \u017eaidimo \u012fg\u016bd\u017eius, bet ir smagiai praleisti vakar\u0105 tarp IT bendramin\u010di\u0173.<\/p>\n\n\n\n<p><strong>Svarbiausia informacija:<\/strong><\/p>\n\n\n\n<ul class=\"wp-block-list\">\n<li>Laiko kontrol\u0117: <strong>10 min + 5 s<\/strong>, greitieji \u0161achmatai, var\u017eybos <strong>rat\u0173 sistema<\/strong> i\u0161 keli\u0173 etap\u0173, kiekviename etape su\u017eaid\u017eiant 3-4 ratus. (Iki 10 komand\u0173 \u2013 dviguba rat\u0173 sistema).<\/li>\n\n\n\n<li>\u017daid\u017eiama gyvai Vilniuje, <strong>ketvirtadieniais <\/strong>vakare (<strong>2025 rugs\u0117jis \u2013 2026 balandis<\/strong>). Pirmasis etapas \u2013 <strong>2025-09-25<\/strong>, prad\u017eia <strong>18:00<\/strong>, etapo vieta \u2013 <strong>Vinted <\/strong>(\u0160vitrigailos g. 13, Vilnius)<\/li>\n\n\n\n<li>Tournament <strong>komandin\u0117s<\/strong>: viename ma\u010de \u017eaid\u017eiama 4 prie\u0161 4, i\u0161 viso komandoje \u2013 iki 15 \u017emoni\u0173. Komand\u0105 galima pildyti tarp etap\u0173.<\/li>\n\n\n\n<li>Dalyvauti gali Vilniaus IT \u012fmoni\u0173 bei kit\u0173 organizacij\u0173 IT padalini\u0173 \/ technologini\u0173 skyri\u0173 darbuotojai. Leid\u017eiamos jungtin\u0117s komandos (iki 2 \u012fmoni\u0173).<\/li>\n\n\n\n<li>Startinis mokestis komandai \u2013 <strong>100 Eur<\/strong>. Antrai ir kitoms tos pa\u010dios \u012fmon\u0117s komandoms \u2013 <strong>50 Eur<\/strong>.<\/li>\n\n\n\n<li>Komand\u0173 registracija \u2013 <strong>iki rugs\u0117jo 7 d.<\/strong> el. pa\u0161tu <a><strong>info@vilniuschess.lt<\/strong><\/a><\/li>\n\n\n\n<li>U\u017esiregistravusi\u0173 komand\u0173 s\u0105ra\u0161as ir kita turnyro informacija bus paskelbta <strong>chess-results.com<\/strong> svetain\u0117je. <strong><a href=\"https:\/\/s3.chess-results.com\/tnrWZ.aspx?lan=1&amp;SNode=S0&amp;tno=1225827\" target=\"_blank\" rel=\"noopener\" title=\"Turnyro informacija\">Turnyro informacija<\/a><\/strong><\/li>\n<\/ul>\n\n\n\n<p><strong>Lygos partneriai:<\/strong><\/p>\n\n\n\n<p>\u2b50 <strong><a href=\"https:\/\/www.vinted.com\/\" target=\"_blank\" rel=\"noopener\" title=\"Vinted\">Vinted<\/a><\/strong><\/p>\n\n\n\n<p>\u2b50 <a href=\"https:\/\/danskebank.lt\/\" target=\"_blank\" rel=\"noopener\" title=\"Danske Bank\"><strong>Danske Bank<\/strong><\/a><\/p>\n\n\n\n<p>\u2b50 <strong><a href=\"https:\/\/www.eldorado.gg\/\" target=\"_blank\" rel=\"noopener\" title=\"Eldorado\">Eldorado<\/a> x<\/strong> <strong><a href=\"https:\/\/humbility.io\/\" target=\"_blank\" rel=\"noopener\" title=\"Humbility\">Humbility<\/a><\/strong><\/p>\n\n\n\n<p>\u2b50 <strong><a href=\"https:\/\/tesonet.com\/\" target=\"_blank\" rel=\"noopener\" title=\"Tesonet\">Tesonet<\/a><\/strong><\/p>\n\n\n\n<p><strong>Turnyro detal\u0117s \u2013 var\u017eyb\u0173 nuostatuose (pakoreguota 09-04):<\/strong><\/p>\n\n\n\n<div data-wp-interactive=\"core\/file\" class=\"wp-block-file\"><object data-wp-bind--hidden=\"!state.hasPdfPreview\"  class=\"wp-block-file__embed\" data=\"https:\/\/vilniuschess.lt\/wp-content\/uploads\/2025\/09\/VilniusITChessLeague2025_upd0904.pdf\" type=\"application\/pdf\" style=\"width:100%;height:600px\" aria-label=\"Embed of VilniusITChessLeague2025_upd0904.\"><\/object><a id=\"wp-block-file--media-e25be20b-468c-4afb-be4f-2cfbd40aaf2d\" href=\"https:\/\/vilniuschess.lt\/wp-content\/uploads\/2025\/09\/VilniusITChessLeague2025_upd0904.pdf\">VilniusITChessLeague2025_upd0904<\/a><a href=\"https:\/\/vilniuschess.lt\/wp-content\/uploads\/2025\/09\/VilniusITChessLeague2025_upd0904.pdf\" class=\"wp-block-file__button wp-element-button\" download aria-describedby=\"wp-block-file--media-e25be20b-468c-4afb-be4f-2cfbd40aaf2d\">Download<\/a><\/div>\n\n\n\n<hr class=\"wp-block-separator has-alpha-channel-opacity\"\/>\n\n\n\n<p><\/p>","protected":false},"excerpt":{"rendered":"<p>D\u0117mesio: Kvie\u010diame IT bendruomenes susikauti prie \u0161achmat\u0173 lentos! Etapai: Vilnius IT Chess League 2025\/26 \u2013 komandin\u0117s \u0161achmat\u0173 var\u017eybos, skirtos IT \u012fmoni\u0173 ir kit\u0173 organizacij\u0173 IT padalini\u0173 darbuotojams. Dalyvauti kvie\u010diami visi, norintys ne tik lavinti bei pademonstruoti \u0161achmat\u0173 \u017eaidimo \u012fg\u016bd\u017eius, bet ir smagiai praleisti vakar\u0105 tarp IT bendramin\u010di\u0173. Svarbiausia informacija: Lygos partneriai: \u2b50 Vinted \u2b50 Danske<a class=\"more-link\" href=\"https:\/\/vilniuschess.lt\/en\/it-lyga\/\">Continue reading <span class=\"screen-reader-text\">&#8222;Vilnius IT Chess League&#8221;<\/span><\/a><\/p>","protected":false},"author":1,"featured_media":4485,"parent":0,"menu_order":0,"comment_status":"closed","ping_status":"closed","template":"","meta":{"_mi_skip_tracking":false,"_monsterinsights_sitenote_active":false,"_monsterinsights_sitenote_note":"","_monsterinsights_sitenote_category":0,"_starter_page_template":"","_wpcom_template_layout_category":[],"footnotes":""},"class_list":["post-4417","page","type-page","status-publish","has-post-thumbnail","hentry","entry"],"aioseo_notices":[],"_links":{"self":[{"href":"https:\/\/vilniuschess.lt\/en\/wp-json\/wp\/v2\/pages\/4417"}],"collection":[{"href":"https:\/\/vilniuschess.lt\/en\/wp-json\/wp\/v2\/pages"}],"about":[{"href":"https:\/\/vilniuschess.lt\/en\/wp-json\/wp\/v2\/types\/page"}],"author":[{"embeddable":true,"href":"https:\/\/vilniuschess.lt\/en\/wp-json\/wp\/v2\/users\/1"}],"replies":[{"embeddable":true,"href":"https:\/\/vilniuschess.lt\/en\/wp-json\/wp\/v2\/comments?post=4417"}],"version-history":[{"count":26,"href":"https:\/\/vilniuschess.lt\/en\/wp-json\/wp\/v2\/pages\/4417\/revisions"}],"predecessor-version":[{"id":4936,"href":"https:\/\/vilniuschess.lt\/en\/wp-json\/wp\/v2\/pages\/4417\/revisions\/4936"}],"wp:featuredmedia":[{"embeddable":true,"href":"https:\/\/vilniuschess.lt\/en\/wp-json\/wp\/v2\/media\/4485"}],"wp:attachment":[{"href":"https:\/\/vilniuschess.lt\/en\/wp-json\/wp\/v2\/media?parent=4417"}],"curies":[{"name":"wp","href":"https:\/\/api.w.org\/{rel}","templated":true}]}}