{"id":4066,"date":"2024-11-21T10:58:43","date_gmt":"2024-11-21T10:58:43","guid":{"rendered":"https:\/\/vilniuschess.lt\/?page_id=4066"},"modified":"2024-12-29T15:42:05","modified_gmt":"2024-12-29T15:42:05","slug":"teams-2024","status":"publish","type":"page","link":"https:\/\/vilniuschess.lt\/en\/teams-2024\/","title":{"rendered":"Komandos \u2013 2024"},"content":{"rendered":"<p class=\"has-text-align-center\"><strong>Choose year:<\/strong>&nbsp;<strong>2024<\/strong>&nbsp;\u2013 <a href=\"https:\/\/vilniuschess.lt\/en\/teams-2022\/\" title=\"2023\">2023<\/a>&nbsp;\u2013&nbsp;<a href=\"https:\/\/vilniuschess.lt\/en\/teams-2022\/\" title=\"2022\">2022<\/a>&nbsp;\u2013&nbsp;<a href=\"https:\/\/vilniuschess.lt\/en\/teams-2021\/\" title=\"2021\">2021<\/a>&nbsp;\u2013&nbsp;<a href=\"https:\/\/vilniuschess.lt\/en\/teams-2020\/\">2020<\/a>&nbsp;\u2013&nbsp;<a href=\"https:\/\/vilniuschess.lt\/en\/teams-2019\/\">2019<\/a>&nbsp;\u2013&nbsp;<a href=\"https:\/\/vilniuschess.lt\/en\/teams-2018\/\">2018<\/a>&nbsp;\u2013&nbsp;<a href=\"https:\/\/vilniuschess.lt\/en\/teams-2017\/\">2017<\/a><\/p>\n\n\n<figure class=\"wp-block-table\">\n<table style=\"font-size: 14px !important;\">\n<tbody>\n<tr>\n<th>Tournament<\/th>\n<th>Team<\/th>\n<th>Place<\/th>\n<\/tr>\n<tr>\n<td><a href=\"https:\/\/chess-results.com\/tnr878849.aspx?lan=30\" target=\"_blank\" rel=\"noopener\"><strong>Lithuanian Chess League<\/strong><\/a><\/td>\n<td><details>\n<summary>V\u0160K-Chess United<\/summary>\n<ol>\n<li>Lukas Stauskas<\/li>\n<li>FM Dmitrijus Chocenka<\/li>\n<li>FM Aras Vardanyan<\/li>\n<li>J\u016bras Mickevi\u010dius<\/li>\n<li>Aleksandras \u0160alna<\/li>\n<li>FM Martynas Limontas<\/li>\n<li>Kipras Eigminas<\/li>\n<li>Robertas Bastys<\/li>\n<li>Valdas Bu\u010dinskas<\/li>\n<\/ol>\n<\/details><\/td>\n<td><strong>1st place<\/strong><\/td>\n<\/tr>\n<tr>\n<td><strong>Lithuanian Chess League<\/strong><\/td>\n<td><details>\n<summary>Brilliant-V\u0160K<\/summary>\n<ol>\n<li>CM Kirill Volotovsky<\/li>\n<li>Tomas Jank\u016bnas<\/li>\n<li>Oleksandr Zozulia<\/li>\n<li>Andrius \u0160arauskas<\/li>\n<li>Dangis Bagdanskis<\/li>\n<li>Domas Nork\u016bnas<\/li>\n<li>Dovydas Au\u0161kalnis<\/li>\n<li>Rytis Buterlevi\u010dius<\/li>\n<li>Vilius Per\u0161inas<\/li>\n<li>Dovydas Ma\u017eeika<\/li>\n<li>Benas Skripki\u016bnas<\/li>\n<li>Gediminas Ribinskas<\/li>\n<li>Liudas Ma\u017eeika<\/li>\n<li>Domas \u0160titilis<\/li>\n<\/ol>\n<\/details><\/td>\n<td>10 vieta<\/td>\n<\/tr>\n<tr>\n<td><strong>Lithuanian Chess League<\/strong><\/td>\n<td><details>\n<summary>V\u0160K Mu\u0161kietininkai<\/summary>\n<ol>\n<li>Vaidotas Valantiejus<\/li>\n<li>Andrius \u017dvirblis<\/li>\n<li>Arijus Ketl\u0117rius<\/li>\n<li>Vytautas Kalinauskas<\/li>\n<li>Gediminas Viederis<\/li>\n<li>Romualdas Tutinas<\/li>\n<li>Gediminas Sevrukas<\/li>\n<li>Ar\u016bnas Gurevi\u010dius<\/li>\n<li>Valdas Di\u010di\u016bnas<\/li>\n<\/ol>\n<\/details><\/td>\n<td>13th place<\/td>\n<\/tr>\n<tr>\n<td><a href=\"https:\/\/chess-results.com\/tnr878850.aspx?lan=30&amp;art=1&amp;turdet=YES\" target=\"_blank\" rel=\"noopener\"><strong>Lietuvos moter\u0173 \u0161achmat\u0173 lyga<\/strong><\/a><\/td>\n<td><details>\n<summary>Vilniaus \u0160K<\/summary>\n<ol>\n<li>Jovita Vedrickien\u0117<\/li>\n<li>Gint\u0117 Gai\u017eauskait\u0117<\/li>\n<li>Greta Ma\u010diuityt\u0117<\/li>\n<li>Kotryna \u0160ukyt\u0117<\/li>\n<li>Yaryna Ozhaiska<\/li>\n<li>Jor\u0117 Bal\u010di\u016bnait\u0117<\/li>\n<li>Berta R\u0117ja Butvilait\u0117<\/li>\n<\/ol>\n<\/details><\/td>\n<td>2nd place<\/td>\n<\/tr>\n<tr>\n<td><a href=\"https:\/\/chess-results.com\/tnr1015773.aspx?lan=30\" target=\"_blank\" rel=\"noopener\">Lithuanian Team Rapid<\/a><\/td>\n<td><details>\n<summary>Vilniaus \u0160K-1<\/summary>\n<ol>\n<li>Aleksandras \u0160alna<\/li>\n<li>Lukas Stauskas<\/li>\n<li>Kipras Eigminas<\/li>\n<li>Agn\u0117 Mick\u016bnait\u0117<\/li>\n<li>Karolis Gav\u0117navi\u010dius<\/li>\n<\/ol>\n<\/details><\/td>\n<td>4th place<\/td>\n<\/tr>\n<tr>\n<td>Lithuanian Team Rapid<\/td>\n<td><details>\n<summary>Vilniaus \u0160K-2<\/summary>\n<ol>\n<li>Andrius Paulauskas<\/li>\n<li>Dangis Bagdanskis<\/li>\n<li>Vilius Per\u0161inas<\/li>\n<li>Jor\u0117 Bal\u010di\u016bnait\u0117<\/li>\n<\/ol>\n<\/details><\/td>\n<td>5 vieta<\/td>\n<\/tr>\n<tr>\n<td>Lithuanian Team Rapid<\/td>\n<td><details>\n<summary>V\u0160K-Kf8<\/summary>\n<ol>\n<li>Andrius \u0160arauskas<\/li>\n<li>Dovydas Au\u0161kalnis<\/li>\n<li>Gediminas Ribinskas<\/li>\n<li>Agota Kontrimait\u0117<\/li>\n<\/ol>\n<\/details><\/td>\n<td>6th place<\/td>\n<\/tr>\n<tr>\n<td>Lithuanian Team Rapid<\/td>\n<td><details>\n<summary>Vilniaus \u0160K-3<\/summary>\n<ol>\n<li>Rapolas Likatavi\u010dius<\/li>\n<li>Domas Nork\u016bnas<\/li>\n<li>Benas Skripki\u016bnas<\/li>\n<li>Berta R\u0117ja Butvilait\u0117<\/li>\n<\/ol>\n<\/details><\/td>\n<td>10 vieta<\/td>\n<\/tr>\n<tr>\n<td>Lithuanian Team Rapid<\/td>\n<td><details>\n<summary>V\u0160K Mu\u0161kietininkai<\/summary>\n<ol>\n<li>FM Darius Vi\u0161kelis<\/li>\n<li>Andrius \u017dvirblis<\/li>\n<li>Romualdas Tutinas<\/li>\n<li>M\u0117ta Mikulinait\u0117<\/li>\n<li>Gediminas Viederis<\/li>\n<\/ol>\n<\/details><\/td>\n<td>9 vieta<\/td>\n<\/tr>\n<tr>\n<td>Lithuanian Team Rapid<\/td>\n<td><details>\n<summary>V\u0160K Mu\u0161kietininkai po 20 met\u0173<\/summary>\n<ol>\n<li>Valdas Di\u010di\u016bnas<\/li>\n<li>Gediminas Sevrukas<\/li>\n<li>Ar\u016bnas Zykas<\/li>\n<li>Virginija Savickien\u0117<\/li>\n<\/ol>\n<\/details><\/td>\n<td>19th place<\/td>\n<\/tr>\n<tr>\n<td><a href=\"https:\/\/chess-results.com\/tnr1030030.aspx?lan=30\" target=\"_blank\" rel=\"noopener\">Lithuanian Team Blitz<\/a><\/td>\n<td><details>\n<summary>Vilniaus \u0160K-1<\/summary>\n<ol>\n<li>FM Aras Vardanyan<\/li>\n<li>Aleksandras \u0160alna<\/li>\n<li>IM Rokas Klabis<\/li>\n<li>Agn\u0117 Mick\u016bnait\u0117<\/li>\n<\/ol>\n<\/details><\/td>\n<td><strong>1st place<\/strong><\/td>\n<\/tr>\n<tr>\n<td>Lithuanian Team Blitz<\/td>\n<td><details>\n<summary>Vilniaus \u0160K-2<\/summary>\n<ol>\n<li>Tomas Povilaitis<\/li>\n<li>Kipras Eigminas<\/li>\n<li>Nikita Posa\u0161kov<\/li>\n<li>Agota Kontrimait\u0117<\/li>\n<\/ol>\n<\/details><\/td>\n<td>5 vieta<\/td>\n<\/tr>\n<tr>\n<td>Lithuanian Team Blitz<\/td>\n<td><details>\n<summary>Vilniaus \u0160K-3<\/summary>\n<ol>\n<li>Andrius Paulauskas<\/li>\n<li>Dovydas Au\u0161kalnis<\/li>\n<li>Vilius Per\u0161inas<\/li>\n<li>M\u0117ta Mikulinait\u0117<\/li>\n<\/ol>\n<\/details><\/td>\n<td>10 vieta<\/td>\n<\/tr>\n<tr>\n<td><a href=\"https:\/\/chess-results.com\/tnr878657.aspx?lan=30\" target=\"_blank\" rel=\"noopener\">4 komand\u0173 turnyras (Vilnius)<\/a><\/td>\n<td><details>\n<summary>Vilniaus \u0160K<\/summary>\n<ol>\n<li>Dovydas Au\u0161kalnis<\/li>\n<li>Justas Dailid\u0117nas<\/li>\n<li>Kristijonas \u010ci\u010dinadz\u0117<\/li>\n<li>Dovydas Ma\u017eeika<\/li>\n<li>Gediminas Ribinskas<\/li>\n<li>Liudas Ma\u017eeika<\/li>\n<li>Bronius Budrys<\/li>\n<li>Filipe Boucinha<\/li>\n<li>Daniel Achonen<\/li>\n<\/ol>\n<\/details><\/td>\n<td>1st place<\/td>\n<\/tr>\n<tr>\n<td><a href=\"https:\/\/chess-results.com\/tnr895599.aspx?lan=30&amp;art=1\" target=\"_blank\" rel=\"noopener\">Seimas Cup<\/a><\/td>\n<td><details>\n<summary>V\u0160K-Chess United<\/summary>\n<ol>\n<li>FM Dmitrijus Chocenka<\/li>\n<li>Valdas Bu\u010dinskas<\/li>\n<li>Aleksandras \u0160alna<\/li>\n<li>FM Aras Vardanyan<\/li>\n<\/ol>\n<\/details><\/td>\n<td>1st place<\/td>\n<\/tr>\n<tr>\n<td>Seimas Cup<\/td>\n<td><details>\n<summary>Vilniaus \u0160K<\/summary>\n<ol>\n<li>Oleksandr Zozulia<\/li>\n<li>Gediminas Ribinskas<\/li>\n<li>Yaryna Ozhaiska<\/li>\n<li>Vladas Le\u0161\u010dikas<\/li>\n<li>Kazimieras Jocius<\/li>\n<\/ol>\n<\/details><\/td>\n<td>6th place<\/td>\n<\/tr>\n<tr>\n<td><a href=\"https:\/\/chess-results.com\/tnr1031406.aspx?lan=30\" target=\"_blank\" rel=\"noopener\">Vilniaus komand\u0173 \u017eaibo taur\u0117<\/a><\/td>\n<td><details><summary>V\u0160K-Chess United<\/summary>\n<ol>\n<li>FM Aras Vardanyan<\/li>\n<li>Lukas Stauskas<\/li>\n<li>J\u016bras Mickevi\u010dius<\/li>\n<li>Kipras Eigminas<\/li>\n<li>Roman Bur\u0161tein<\/li>\n<\/ol>\n<\/details><\/td>\n<td>2nd place<\/td>\n<\/tr>\n<tr>\n<td>Vilniaus komand\u0173 \u017eaibo taur\u0117<\/td>\n<td><details><summary>V\u0160K Mu\u0161kietininkai 1<\/summary>\n<ol>\n<li>FM Darius Vi\u0161kelis<\/li>\n<li>Andrius \u017dvirblis<\/li>\n<li>Arijus Ketl\u0117rius<\/li>\n<li>Rytis Buterlevi\u010dius<\/li>\n<\/ol>\n<\/details><\/td>\n<td>6th place<\/td>\n<\/tr>\n<tr>\n<td>Vilniaus komand\u0173 \u017eaibo taur\u0117<\/td>\n<td><details><summary>V\u0160K Mu\u0161kietininkai 2<\/summary>\n<ol>\n<li>Romualdas Tutinas<\/li>\n<li>Ar\u016bnas Gurevi\u010dius<\/li>\n<li>Vladas Le\u0161\u010dikas<\/li>\n<li>Ar\u016bnas Zykas<\/li>\n<\/ol>\n<\/details><\/td>\n<td>8 vieta<\/td>\n<\/tr>\n<tr>\n<td><a href=\"https:\/\/chess-results.com\/tnr1037069.aspx?lan=30&#038;art=0&#038;rd=7&#038;turdet=YES\" target=\"_blank\" rel=\"noopener\">Lietuvos U10 komandinis \u010dempionatas<\/a><\/td>\n<td><details><summary>Vilniaus \u0160K<\/summary>\n<ol>\n<li>Benas Bausys<\/li>\n<li>Vytis Vedrickas<\/li>\n<li>Nikolas Bausys<\/li>\n<li>Rojus Kiznis<\/li>\n<li>Aistis Vedrickas<\/li>\n<\/ol>\n<\/details><\/td>\n<td>2nd place<\/td>\n<\/tr>\n<\/tbody>\n<\/table>\n<\/figure>","protected":false},"excerpt":{"rendered":"<p>Pasirinkite metus:&nbsp;2024&nbsp;\u2013 2023&nbsp;\u2013&nbsp;2022&nbsp;\u2013&nbsp;2021&nbsp;\u2013&nbsp;2020&nbsp;\u2013&nbsp;2019&nbsp;\u2013&nbsp;2018&nbsp;\u2013&nbsp;2017 Var\u017eybos Komanda Vieta Lietuvos \u0161achmat\u0173 lyga V\u0160K-Chess United Lukas Stauskas FM Dmitrijus Chocenka FM Aras Vardanyan J\u016bras Mickevi\u010dius Aleksandras \u0160alna FM Martynas Limontas Kipras Eigminas Robertas Bastys Valdas Bu\u010dinskas 1 vieta Lietuvos \u0161achmat\u0173 lyga Brilliant-V\u0160K CM Kirill Volotovsky Tomas Jank\u016bnas Oleksandr Zozulia Andrius \u0160arauskas Dangis Bagdanskis Domas Nork\u016bnas Dovydas Au\u0161kalnis Rytis Buterlevi\u010dius<a class=\"more-link\" href=\"https:\/\/vilniuschess.lt\/en\/teams-2024\/\">Continue reading <span class=\"screen-reader-text\">&#8222;Komandos \u2013 2024&#8221;<\/span><\/a><\/p>","protected":false},"author":1,"featured_media":0,"parent":0,"menu_order":0,"comment_status":"closed","ping_status":"closed","template":"","meta":{"_mi_skip_tracking":false,"_monsterinsights_sitenote_active":false,"_monsterinsights_sitenote_note":"","_monsterinsights_sitenote_category":0,"_starter_page_template":"blank","_wpcom_template_layout_category":["about"],"footnotes":""},"class_list":["post-4066","page","type-page","status-publish","hentry","entry"],"aioseo_notices":[],"_links":{"self":[{"href":"https:\/\/vilniuschess.lt\/en\/wp-json\/wp\/v2\/pages\/4066"}],"collection":[{"href":"https:\/\/vilniuschess.lt\/en\/wp-json\/wp\/v2\/pages"}],"about":[{"href":"https:\/\/vilniuschess.lt\/en\/wp-json\/wp\/v2\/types\/page"}],"author":[{"embeddable":true,"href":"https:\/\/vilniuschess.lt\/en\/wp-json\/wp\/v2\/users\/1"}],"replies":[{"embeddable":true,"href":"https:\/\/vilniuschess.lt\/en\/wp-json\/wp\/v2\/comments?post=4066"}],"version-history":[{"count":5,"href":"https:\/\/vilniuschess.lt\/en\/wp-json\/wp\/v2\/pages\/4066\/revisions"}],"predecessor-version":[{"id":4146,"href":"https:\/\/vilniuschess.lt\/en\/wp-json\/wp\/v2\/pages\/4066\/revisions\/4146"}],"wp:attachment":[{"href":"https:\/\/vilniuschess.lt\/en\/wp-json\/wp\/v2\/media?parent=4066"}],"curies":[{"name":"wp","href":"https:\/\/api.w.org\/{rel}","templated":true}]}}