{"id":3176,"date":"2023-09-29T14:16:41","date_gmt":"2023-09-29T14:16:41","guid":{"rendered":"https:\/\/vilniuschess.lt\/?page_id=3176"},"modified":"2025-01-04T13:37:52","modified_gmt":"2025-01-04T13:37:52","slug":"youth-lessons","status":"publish","type":"page","link":"https:\/\/vilniuschess.lt\/en\/youth-lessons\/","title":{"rendered":"Kamil\u0117s \u0161achmat\u0173 studija"},"content":{"rendered":"<div class=\"wp-block-image\">\n<figure class=\"alignright size-large is-resized\"><img loading=\"lazy\" decoding=\"async\" width=\"360\" height=\"600\" src=\"https:\/\/vilniuschess.lt\/wp-content\/uploads\/2024\/08\/KSS-logo-spalvotas-360x600.png\" alt=\"\" class=\"wp-image-3907\" style=\"width:170px;height:auto\" srcset=\"https:\/\/vilniuschess.lt\/wp-content\/uploads\/2024\/08\/KSS-logo-spalvotas-360x600.png 360w, https:\/\/vilniuschess.lt\/wp-content\/uploads\/2024\/08\/KSS-logo-spalvotas-180x300.png 180w, https:\/\/vilniuschess.lt\/wp-content\/uploads\/2024\/08\/KSS-logo-spalvotas-7x12.png 7w, https:\/\/vilniuschess.lt\/wp-content\/uploads\/2024\/08\/KSS-logo-spalvotas.png 600w\" sizes=\"(max-width: 360px) 100vw, 360px\" \/><\/figure><\/div>\n\n\n<p><\/p>\n\n\n\n<p>Join <strong>Kamil\u0117s \u0161achmat\u0173 studijos<\/strong> lessons for children of all ages and levels<br><br>Activities are hosted by chess grandmasters <strong>GM Vidmantas Mali\u0161auskas<\/strong>&nbsp;ir <strong>WGM Kamil\u0117 Baginskait\u0117<\/strong>!<\/p>\n\n\n\n<h3 class=\"wp-block-heading\"><strong>Location:<\/strong><\/h3>\n\n\n\n<p><strong><a href=\"https:\/\/goo.gl\/maps\/wLcSJNdsAz6eh8zcA\" target=\"_blank\" rel=\"noreferrer noopener\" title=\"\u017dalgirio g. 88A\">\u017dalgirio g. 88A<\/a><\/strong>, \u012f\u0117jimas i\u0161 Ratny\u010dios g. pus\u0117s. 2 auk\u0161tas, kabinetai nr. 2 ir 3<br><br><em>\u0160alia u\u017e 100 m autobus\u0173 Nr. 5, 49 ir 69 stotel\u0117 (Or\u0161os st.) ir u\u017e 200 m. didelis transporto mazgas \u017dalgirio ir Kalvarij\u0173 g. sankry\u017eoje (B. Laurinavi\u010diaus st.).<\/em><\/p>\n\n\n\n<h3 class=\"wp-block-heading\"><strong>Admission:<\/strong><\/h3>\n\n\n\n<p>Moksleiviai priimami visomis darbo dienomis bei sekmadieniais sutartu su treneriais laiku.<\/p>\n\n\n\n<p>Pradinukams ar lankiusiems kitur rekomenduojama grup\u0117 nustatoma pokalbio-testo (trukm\u0117 apie 20 min.) metu. Testas nemokamas, vykdomas nuo rugpj\u016b\u010dio 26 dienos \u201eKamil\u0117s \u0161achmat\u0173 studijoje\u201c. D\u0117l testavimo laiko pra\u0161ome tartis \u017eemiau nurodytais telefonais ir\/ar e-pa\u0161tu.<br><em>Patariame testuotis kuo anks\u010diau \u2013 tai garantuos viet\u0105 grup\u0117je, suteiks pirmenyb\u0119 pasirenkant treniruo\u010di\u0173 laik\u0105 ir leis Jums patiems planuoti kit\u0173 b\u016breli\u0173 lankym\u0105<\/em>.<br><br>Vaikai priimami <strong>nuo 6 met\u0173 am\u017eiaus<\/strong>. \u0160eimos nariai ar glob\u0117jai gali dalyvauti treniruot\u0117se. Esame draugi\u0161ki ramiems augintiniams.<\/p>\n\n\n\n<h3 class=\"wp-block-heading\"><strong>Kontaktai:<\/strong><\/h3>\n\n\n\n<ul class=\"wp-block-list\">\n<li>Vidmantas Mali\u0161auskas +370 653 19948<\/li>\n\n\n\n<li>Kamil\u0117 Baginskait\u0117 +370 694 23481<\/li>\n\n\n\n<li>el. pa\u0161tas \u2013 <strong><a href=\"mailto:gmchessstudio@gmail.com\" target=\"_blank\" rel=\"noopener\">gmchessstudio@gmail.com<\/a><\/strong><\/li>\n<\/ul>\n\n\n\n<h3 class=\"wp-block-heading\"><strong>Grupiniai u\u017esi\u0117mimai:<\/strong><\/h3>\n\n\n\n<ul class=\"wp-block-list\">\n<li><strong>Akivaizdiniai u\u017esi\u0117mimai<\/strong> ma\u017eose (iki 8 asmen\u0173) pana\u0161aus paj\u0117gumo bendraam\u017ei\u0173 grup\u0117se \u2013 <strong>8 eurai u\u017e treniruot\u0117s valand\u0105<\/strong>.<br><br>Treniruo\u010di\u0173 prad\u017eia <strong>16:30<\/strong>, <strong>17:30<\/strong>, <strong>18:30<\/strong> darbo dienomis ir <strong>14:30<\/strong> bei v\u0117liau sekmadieniais.<\/li>\n\n\n\n<li><strong>Internetin\u0117s treniruot\u0117s<\/strong> ma\u017eose (iki 6 asmen\u0173) pana\u0161aus paj\u0117gumo bendraam\u017ei\u0173 grup\u0117se 8 eurai u\u017e treniruot\u0117s valand\u0105. Internetini\u0173 treniruo\u010di\u0173 prad\u017eia po <strong>19:00<\/strong> valandos darbo dienomis arba savaitgaliais.<\/li>\n\n\n\n<li><strong>Lankantiems 3 ir daugiau treniruo\u010di\u0173 per savait\u0119<\/strong> \u2013 nuolaid\u0173 nuo 15 iki 50 procent\u0173 sistema. Nuolaidoms gauti b\u016btinas i\u0161ankstinis apmok\u0117jimas.<\/li>\n\n\n\n<li><strong>Jau lankiusiems treniruotes<\/strong> galioja pra\u0117jusi\u0173j\u0173 mokslo met\u0173 treniruo\u010di\u0173 \u012fkainiai.<\/li>\n<\/ul>\n\n\n\n<h3 class=\"wp-block-heading\"><strong>Individual coaching:<\/strong><\/h3>\n\n\n\n<p>Akivaizdini\u0173 ir internetini\u0173 treniruo\u010di\u0173 kaina priklauso nuo suplanuot\u0173 u\u017esi\u0117mim\u0173 skai\u010diaus ir trukm\u0117s, minimali kaina 15 eur\u0173 u\u017e treniruot\u0117s valand\u0105. \u0160i\u0173 treniruo\u010di\u0173 prad\u017eios laiko pasirinkimas itin ribotas, daugumos treniruo\u010di\u0173 prad\u017eia po 19:00 darbo dienomis arba savaitgaliais.<\/p>\n\n\n\n<p>Pirmenyb\u0119 pasirinkti individualias treniruotes turi lankantys grupines.<\/p>\n\n\n\n<h3 class=\"wp-block-heading\"><strong>Payment:<\/strong><\/h3>\n\n\n\n<p>Apmokama iki kito m\u0117nesio 10 d. bankiniu pavedimu pagal s\u0105skait\u0105-prane\u0161im\u0105 apie fakti\u0161kai per m\u0117nes\u012f lankytas treniruotes. Neformaliojo vaik\u0173 \u0161vietimo (NV\u0160) krep\u0161eliu pasinaudoti n\u0117ra galimyb\u0117s.<\/p>","protected":false},"excerpt":{"rendered":"<p>Kvie\u010diame \u012f Kamil\u0117s \u0161achmat\u0173 studijos pamokas \u012fvairaus am\u017eiaus moksleiviams nuo pradedan\u010di\u0173j\u0173 iki pa\u017eengusi\u0173j\u0173! U\u017esi\u0117mimus veda treneriai \u2013 \u0161achmat\u0173 didmeistriai GM Vidmantas Mali\u0161auskas&nbsp;ir WGM Kamil\u0117 Baginskait\u0117! Vieta: \u017dalgirio g. 88A, \u012f\u0117jimas i\u0161 Ratny\u010dios g. pus\u0117s. 2 auk\u0161tas, kabinetai nr. 2 ir 3 \u0160alia u\u017e 100 m autobus\u0173 Nr. 5, 49 ir 69 stotel\u0117 (Or\u0161os st.) ir<a class=\"more-link\" href=\"https:\/\/vilniuschess.lt\/en\/youth-lessons\/\">Continue reading <span class=\"screen-reader-text\">&#8222;Kamil\u0117s \u0161achmat\u0173 studija&#8221;<\/span><\/a><\/p>","protected":false},"author":1,"featured_media":3907,"parent":0,"menu_order":0,"comment_status":"closed","ping_status":"closed","template":"","meta":{"_mi_skip_tracking":false,"_monsterinsights_sitenote_active":false,"_monsterinsights_sitenote_note":"","_monsterinsights_sitenote_category":0,"_starter_page_template":"blank","_wpcom_template_layout_category":[],"footnotes":""},"class_list":["post-3176","page","type-page","status-publish","has-post-thumbnail","hentry","entry"],"aioseo_notices":[],"_links":{"self":[{"href":"https:\/\/vilniuschess.lt\/en\/wp-json\/wp\/v2\/pages\/3176"}],"collection":[{"href":"https:\/\/vilniuschess.lt\/en\/wp-json\/wp\/v2\/pages"}],"about":[{"href":"https:\/\/vilniuschess.lt\/en\/wp-json\/wp\/v2\/types\/page"}],"author":[{"embeddable":true,"href":"https:\/\/vilniuschess.lt\/en\/wp-json\/wp\/v2\/users\/1"}],"replies":[{"embeddable":true,"href":"https:\/\/vilniuschess.lt\/en\/wp-json\/wp\/v2\/comments?post=3176"}],"version-history":[{"count":11,"href":"https:\/\/vilniuschess.lt\/en\/wp-json\/wp\/v2\/pages\/3176\/revisions"}],"predecessor-version":[{"id":4149,"href":"https:\/\/vilniuschess.lt\/en\/wp-json\/wp\/v2\/pages\/3176\/revisions\/4149"}],"wp:featuredmedia":[{"embeddable":true,"href":"https:\/\/vilniuschess.lt\/en\/wp-json\/wp\/v2\/media\/3907"}],"wp:attachment":[{"href":"https:\/\/vilniuschess.lt\/en\/wp-json\/wp\/v2\/media?parent=3176"}],"curies":[{"name":"wp","href":"https:\/\/api.w.org\/{rel}","templated":true}]}}