{"id":2753,"date":"2023-03-23T22:57:01","date_gmt":"2023-03-23T22:57:01","guid":{"rendered":"https:\/\/vilniuschess.lt\/?page_id=2753"},"modified":"2023-03-24T00:24:12","modified_gmt":"2023-03-24T00:24:12","slug":"statute","status":"publish","type":"page","link":"https:\/\/vilniuschess.lt\/en\/statute\/","title":{"rendered":"Statute"},"content":{"rendered":"<p><em>Vilniaus \u0161achmat\u0173 klubo \u012fstat\u0173 redakcija, priimta 2023-01-27 dalinink\u0173 susirinkime ir patvirtinta V\u012e Registr\u0173 centras 2023-03-02<\/em><\/p>\n\n\n\n<h5 class=\"has-text-align-center wp-block-heading\">VILNIAUS \u0160ACHMAT\u0172 KLUBAS<\/h5>\n\n\n\n<h5 class=\"has-text-align-center wp-block-heading\">\u012eSTATAI<\/h5>\n\n\n\n<ol type=\"I\" class=\"multilevel wp-block-list\"><li><details><summary><strong>BENDROSIOS NUOSTATOS<\/strong><\/summary><ol><li>Vilniaus \u0161achmat\u0173 klubas (toliau \u2013 \u012estaiga) yra savanori\u0161ka, savaranki\u0161ka vie\u0161oji \u012fstaiga, naryst\u0117s pagrindu vienijanti Lietuvos Respublikoje ar kitose \u0161alyse \u012fregistruotus fizinius ir juridinius asmenis, kultivuojan\u010dius, propaguojan\u010dius ar remian\u010dius \u0161achmat\u0173 sport\u0105.<\/li><li>\u012estaiga yra ribotos civilin\u0117s atsakomyb\u0117s vie\u0161asis juridinis asmuo, turintis s\u0105skait\u0105 Lietuvos Respublikoje \u012fregistruotame banke ir simbolik\u0105.<\/li><li>\u012estaiga veikia laikydamasi Lietuvos Respublikos Konstitucijos, Lietuvos Respublikos Civilinio kodekso, Lietuvos Respublikos Vie\u0161\u0173j\u0173 \u012fstaig\u0173 \u012fstatymo, Lietuvos Respublikos Sporto \u012fstatymo, Lietuvos Respublikos Vyriausyb\u0117s nutarim\u0173, kit\u0173 Lietuvos Respublikos teis\u0117s normini\u0173 akt\u0173, FIDE (Tarptautin\u0117 \u0161achmat\u0173 federacija) statuto, FIDE sporto kodekso ir jo pried\u0173, bei \u012estat\u0173.<\/li><li>\u012estaiga u\u017e savo prievoles atsako visu jai priklausan\u010diu turtu. \u012estaiga neatsako u\u017e savo nari\u0173 prievoles, o nariai neatsako u\u017e \u012estaigos prievoles.<\/li><li>\u012estaiga savo veikl\u0105 grind\u017eia vie\u0161umo, savivaldos, kolektyvinio sprendim\u0173 pri\u0117mimo (vadovavimo) ir vadovaujan\u010di\u0173 organ\u0173 rinkimo, b\u016btino periodi\u0161ko atsiskaitymo klubo nariams, kolegialumo ir asmenin\u0117s atsakomyb\u0117s u\u017e pareig\u0173 ir pavedim\u0173 atlikim\u0105 principais.<\/li><li>\u012estaiga veikia per savo organus. Santykius su kitais juridiniais ir fiziniais asmenimis grind\u017eia sutartimis ir susitarimais.<\/li><li>\u012estaigos buvein\u0117 kei\u010diama visuotinio dalinink\u0173 susirinkimo nutarimu.<\/li><li>\u012estaigos veiklos trukm\u0117 \u2013 neterminuota.<\/li><li>\u012estaigos einamaisiais ir finansiniais metais laikomi kalendoriniai metai (sausio 1 d. &#8211; gruod\u017eio 31 d.).<br><\/li><\/ol><\/details><\/li><li><details><summary><strong>\u012eSTAIGOS VEIKLOS TIKSLAI, SRITYS IR R\u016a\u0160YS<\/strong><\/summary><ol><li>\u012estaigos tikslai ir u\u017edaviniai;<ol><li>vienyti savo narius, siekiant pl\u0117toti ir populiarinti \u0161achmat\u0173 sport\u0105 Vilniaus mieste ir Lietuvos Respublikoje;<\/li><li>organizuoti \u012fvairius \u0161achmat\u0173 turnyrus bei kitas var\u017eybas, skatinti sportinink\u0173 ir m\u0117g\u0117j\u0173 dalyvavim\u0105 \u012fvairiose var\u017eybose;<\/li><li>rengti ir \u012fgyvendinti ilgalaik\u0119 \u0161achmat\u0173 sporto pl\u0117tojimo program\u0105;<\/li><li>skatinti bei prisid\u0117ti prie \u0161achmat\u0173 \u017eaidimo iniciatyv\u0173 Lietuvos Respublikoje;<\/li><li>bendradarbiauti su visomis valstybin\u0117mis ir visuomenin\u0117mis organizacijomis, vystan\u010diomis, koordinuojan\u010diomis ir remian\u010diomis \u0161achmat\u0173 sport\u0105;<\/li><li>bendradarbiauti su kit\u0173 miest\u0173 ir \u0161ali\u0173 \u0161achmat\u0173 asociacijomis, federacijomis ir klubais;<\/li><li>rinkti ir archyvuoti duomenis apie \u0161achmat\u0173 sporto istorij\u0105, remti bei globoti \u0161achmat\u0173 sporto veteran\u0173 \/ senjor\u0173 veikl\u0105.<\/li><\/ol><\/li><li>\u012estaiga, siekdama numatyt\u0173 tiksl\u0173 ir \u012fgyvendindama savo u\u017edavinius:<ol><li>gali tapti kit\u0173 organizacij\u0173, asociacij\u0173 nare;<\/li><li>vykdo veikl\u0105, neprie\u0161taraujan\u010di\u0105 Lietuvos Respublikos \u012fstatymams.<\/li><\/ol><\/li><li>Siekiant \u0161i\u0173 tiksl\u0173, \u012estaiga vykdo toki\u0105 pagrindin\u0119 veikl\u0105 pagal EVRK:<ol><li>sportinis ir rekreacinis \u0161vietimas;<\/li><li>kult\u016brinis \u0161vietimas;<\/li><li>kita, niekur kitur nepriskirta, profesin\u0117, mokslin\u0117 ar technin\u0117 veikla;<\/li><li>nuosavo nekilnojamojo turto pirkimas ir pardavimas;<\/li><li>nuosavo arba nuomojamo nekilnojamojo turto nuoma ir eksploatavimas;<\/li><li>nekilnojamojo turto agent\u016br\u0173 veikla;<\/li><li>nekilnojamojo turto tvarkyba u\u017e atlyg\u012f arba pagal sutart\u012f;<\/li><li>teisin\u0117 veikla;<\/li><li>vie\u0161\u0173j\u0173 ry\u0161i\u0173 ir komunikacijos veikla;<\/li><li>konsultacin\u0117 verslo ir kito valdymo veikla;<\/li><li>reklamos agent\u016br\u0173 veikla;<\/li><li>atstovavimas \u017einiasklaidai;<\/li><li>rinkos tyrimas ir vie\u0161osios nuomon\u0117s apklausa;<\/li><li>moksliniai tyrimai ir taikomoji veikla;<\/li><li>verslo informacijos paie\u0161ka ir pateikimas;<\/li><li>techninis tikrinimas ir analiz\u0117;<\/li><li>kita, niekur kitur nepriskirta, verslo veikla;<\/li><li>intelektin\u0117s nuosavyb\u0117s ir pana\u0161i\u0173 produkt\u0173, i\u0161skyrus autori\u0173 teisi\u0173 saugomus objektus, i\u0161perkamoji nuoma;<\/li><li>\u012fdarbinimo agent\u016br\u0173 veikla;<\/li><li>knyg\u0173 leidyba;<\/li><li>kitas darbo j\u0117gos teikimas;<\/li><li>pos\u0117d\u017ei\u0173 ir verslo rengini\u0173 organizavimas;<\/li><li>kita, niekur nepriskirta, verslui b\u016bding\u0173 paslaug\u0173 veikla;<\/li><li>\u0161vietimui b\u016bding\u0173 paslaug\u0173 veikla;<\/li><li>verslinink\u0173 ir darbdavi\u0173 naryst\u0117s organizacij\u0173 veikla;<\/li><li>profesini\u0173 naryst\u0117s organizacij\u0173 veikla;<\/li><li>veikla, susijusi su duomen\u0173 baz\u0117mis;<\/li><li>kitas, niekur nepriskirtas, \u0161vietimas;<\/li><li>kvalifikacijos tobulinimas;<\/li><li>poilsio ir sporto reikmen\u0173 nuoma ir i\u0161perkamoji nuoma;<\/li><li>kvalifikacijos tobulinimas<\/li><li>sporto klub\u0173 veikla;<\/li><li>sporto \u012frengini\u0173 eksploatavimas;<\/li><li>individuali\u0173 sporto mokytoj\u0173 ar treneri\u0173 mokymo paslaug\u0173 teikimas;<\/li><li>atvir\u0173 ar u\u017edar\u0173 patalp\u0173 profesional\u0173 ar sporto m\u0117g\u0117j\u0173 sporto rengini\u0173 organizavimo ir j\u0173 pravedimo paslaugas teikian\u010di\u0173 sporto klub\u0173, turin\u010di\u0173 nuosavus sporto \u012frenginius, veikla;<\/li><li>kita sportin\u0117 veikla;<\/li><li>kit\u0173 naryst\u0117s organizacij\u0173 veikla.<\/li><\/ol><\/li><li>\u012estaiga turi teis\u0119 gauti param\u0105 bei teikti ar panaudoti j\u0105 visais \u012estatuose nurodytais \u012estaigos veiklos tikslais ir visais kitais Lietuvos Respublikos Labdaros ir paramos \u012fstatyme bei kituose norminiuose dokumentuose numatytais visuomenei naudingais tikslais.<\/li><li>\u012estaiga gali gauti finansin\u0119 param\u0105 i\u0161 kit\u0173 \u016bkio subjekt\u0173.<br><\/li><\/ol><\/details><\/li><li><details><summary><strong>NAUJ\u0172 DALININK\u0172 PRI\u0116MIMO TVARKA<\/strong><\/summary><ol><li>Nauji dalininkai priimami visuotinio dalinink\u0173 susirinkimo sprendimu. Visuotinio dalinink\u0173 susirinkimo sprendime taip pat nurodomas asmens, pageidaujan\u010dio tapti dalininku, \u012fna\u0161o \u012f \u012estaigos dalinink\u0173 kapital\u0105 minimalus dydis \u2013 suma (jeigu \u012fna\u0161u b\u016bt\u0173 pinigai) ar vert\u0117 (jeigu \u012fna\u0161u b\u016bt\u0173 materialusis, nematerialusis turtas, taip pat \u2013 materialusis, nematerialusis turtas ir pinigai).<\/li><li>Asmuo, pageidaujantis tapti nauju \u012estaigos dalininku, pateikia \u012estaigos vadovui pra\u0161ym\u0105 juo tapti.<\/li><li>Asmens pra\u0161yme turi b\u016bti nurodyti duomenys apie j\u012f (fizinio asmens vardas, pavard\u0117, asmens kodas, gyvenamoji vieta arba adresas korespondencijai; juridinio asmens pavadinimas, teisin\u0117 forma, kodas, buvein\u0117, atstovo vardas, pavard\u0117), i\u0161reik\u0161tas pritarimas \u012estaigos veiklos tikslams ir nurodytas asmens numatomo \u012fna\u0161u \u012f \u012estaigos dalinink\u0173 kapital\u0105 dydis, kuris negali b\u016bti ma\u017eesnis u\u017e visuotinio dalinink\u0173 susirinkimo nustatyt\u0105j\u012f.<\/li><li>Jei asmens \u012fna\u0161\u0105 \u012f dalinink\u0173 kapital\u0105 numatoma daryti materialiuoju ar nematerialiuoju turtu, kartu su pra\u0161ymu pateikiama \u0161io turto vertinimo ataskaita.<\/li><li>Visuotiniam dalinink\u0173 susirinkimui pri\u0117mus sprendim\u0105 priimti nauj\u0105 dalinink\u0105, pageidav\u0119s dalininku tapti asmuo juo tampa, perdav\u0119s \u012estaigai savo pra\u0161yme nurodyt\u0105 \u012fna\u0161\u0105.<br><\/li><\/ol><\/details><\/li><li><details><summary><strong>DALININKO TEISI\u0172 PERLEIDIMO KITIEMS ASMENIMS TVARKA<\/strong><\/summary><ol><li>\u012estaigos dalininkas turi teis\u0119 parduoti ar kitaip perleisti kitiems asmenims dalininko teises ir pareigas, sudarydamas visus \u012fstatym\u0173 leid\u017eiamus sandorius. Dalis \u012estaigos dalini\u0173 kapitale kitam asmeniui gali b\u016bti parduodama ar kitaip perleid\u017eiama tik kartu su turtin\u0117mis ir neturtin\u0117mis dalininko teis\u0117mis. Apie ketinim\u0105 parduoti ar kitaip perleisti savo dal\u012f \u012estaigos dalinink\u0173 kapitale kitam asmeniui dalininkas privalo ra\u0161tu prane\u0161ti \u012estaigos vadovui, nurodydamas savo dal\u012f \u012estaigos dalinink\u0173 kapitale, asmens, kuriam ketina parduoti ar kitaip perleisti savo dal\u012f, duomenis (vard\u0105, pavard\u0119, asmens kod\u0105, gyvenamosios vietos adres\u0105) bei perleid\u017eiamos dalies kain\u0105 ir s\u0105lygas. Visuotinio \u012estaigos dalinink\u0173 susirinkimo sprendimu \u012estaigos dalininkas gali perleisti ar kitaip perduoti savo dal\u012f \u012estaigos dalinink\u0173 kapitale kitiems asmenims, nesantiems vie\u0161osios \u012fstaigos dalininkais. Jeigu dalininkas perleid\u017eia savo dalininko teises ir pareigas kitam asmeniui, turi b\u016bti atitinkamai pakei\u010diami \u012fra\u0161ai \u012estaigos dokumentuose ir pakei\u010diami (i\u0161duodami nauji) \u012fna\u0161\u0173 vert\u0119 patvirtinantys dokumentai.<\/li><li>Dalininko teises \u012fgij\u0119s asmuo pateikia \u012estaigos vadovui \u012estaigos dalininko teisi\u0173 \u012figijim\u0105 patvirtinant\u012f dokument\u0105. \u012estaigos vadovas, gav\u0119s \u012estaigos dalininko teisi\u0173 \u012fgijim\u0105 patvirtinant\u012f dokument\u0105, \u012fra\u0161o nauj\u0105 dalinink\u0105 ir jo \u012fna\u0161o vert\u0119 \u012f \u012estaigos dokumentus.<\/li><li>Asmuo, \u012fsigij\u0119s dalininko teises, \u012estaigos dalininku tampa nuo dalininko teisi\u0173 \u012fgijim\u0105 patvirtinan\u010diame dokumente nurodyto momento.<\/li><li>Naujo dalininko bals\u0173 skai\u010dius, \u012fgyvendinant jo teis\u0119 balsuoti visuotiniame dalinink\u0173 susirinkime, atitinka jam dalininko teises perleidusio dalininko tur\u0117t\u0105 bals\u0173 skai\u010di\u0173.<br><\/li><\/ol><\/details><\/li><li><details><summary><strong>DALININK\u0172 \u012eNA\u0160\u0172 PERDAVIMO \u012eSTAIGAI TVARKA<\/strong><\/summary><ol><li>Dalininku \u012fna\u0161ai \u012estaigai perduodami tokia tvarka:<ol><li>pinigai \u012fne\u0161ami \u012f \u012estaigos s\u0105skait\u0105;<\/li><li>materialusis ir nematerialusis turtas \u012fstaigai perduodamas sura\u0161ant turto perdavimo akt\u0105. Akt\u0105 pasira\u0161o turt\u0105 perduodantis asmuo (steig\u0117jas, dalininkas, dalininku tapti pageidaujantis asmuo) ir \u012estaigos vadovas. Kartu su perduodamu turtu \u012estaigai pateikiama ir \u0161io turto vertinimo ataskaita. Turto vertinimas atliekamas dalininko l\u0117\u0161omis.<br><\/li><\/ol><\/li><\/ol><\/details><\/li><li><details><summary><strong>\u012eSTAIGOS ORGANAI<\/strong><\/summary><ol><li>\u012estaigos organai \u2013&nbsp; visuotinis dalinink\u0173 susirinkimas (toliau \u2013 Susirinkimas) ir vienasmenis valdymo organas \u2013 \u012estaigos vadovas (toliau \u2013 Prezidentas).<\/li><li>Susirinkimo kompetencija, taip pat \u012estaigos vadovo skyrimo ir atleidimo tvarka ir jo kompetencija nesiskiria nuo nurodyt\u0173j\u0173 Vie\u0161\u0173j\u0173 \u012fstaig\u0173 \u012fstatyme.<\/li><li>Susirinkimas \u0161aukiamas ne re\u010diau kaip kart\u0105 per metus. U\u017e Susirinkimo su\u0161aukim\u0105 atsako \u012estaigos vadovas. Apie \u0161aukiam\u0105 Susirinkim\u0105 \u012estaigos vadovas ne v\u0117liau kaip prie\u0161 20 dien\u0173 iki susirinkimo dienos prane\u0161a kiekvienam dalininkui, i\u0161si\u0173sdamas registruot\u0105 lai\u0161k\u0105 adresu, kur\u012f dalininkas nurod\u0119s \u012estaigai, \u012fteikdamas prane\u0161im\u0105 pasira\u0161ytinai ar elektronini\u0173 ry\u0161i\u0173 priemon\u0117mis. Visuotinis dalinink\u0173 susirinkimas gali b\u016bti \u0161aukiamas nesilaikant \u0161io termino, jei su tuo ra\u0161ti\u0161kai sutinka visi dalininkai.<\/li><li>Susirinkime kiekvienas dalininkas turi vien\u0105 bals\u0105.<\/li><li>Susirinkimo sprendimai priimami paprasta dalyvaujan\u010di\u0173 susirinkime dalinink\u0173 bals\u0173 dauguma, i\u0161skyrus \u0161iuos sprendimus, kurie priimami ne ma\u017eiau kaip 2\/3 vis\u0173 Susirinkime dalyvaujan\u010di\u0173 dalinink\u0173 bals\u0173:<ol><li>sprendim\u0105 d\u0117l \u012estaigos reorganizavimo ir reorganizavimo s\u0105lyg\u0173 tvirtinimo;<\/li><li>sprendim\u0105 pertvarkyti \u012estaig\u0105;<\/li><li>sprendim\u0105 likviduoti \u012fstaig\u0105 ar at\u0161aukti jos likvidavim\u0105;<\/li><li>sprendim\u0105 d\u0117l \u012estaigai nuosavyb\u0117s teise priklausan\u010dio ilgalaikio turto perleidimo, nuomos, perdavimo pagal panaudos sutart\u012f ar \u012fkeitimo.<\/li><\/ol><\/li><li>Jeigu \u012fstaigos dalininkas yra vienas asmuo, jis vadinamas \u012fstaigos savininku ir jo ra\u0161ti\u0161ki sprendimai prilyginami Susirinkimo sprendimams.<\/li><li>\u012estaigos darbui organizuoti visuotinio dalinink\u0173 susirinkimo sprendimu gali b\u016bti sudaromi papildomi organai, kaip komisijos, sri\u010di\u0173 kuratoriai ir t.t. Kit\u0173 organ\u0173 strukt\u016bra, darbo taisykl\u0117s bei veiklos sritys apra\u0161omos j\u0173 darbo reglamentuose, tvirtinamuose visuotinio dalinink\u0173 susirinkimo sprendimu.<br><\/li><\/ol><\/details><\/li><li><details><summary><strong>FILIAL\u0172 IR ATSTOVYBI\u0172 STEIGIMO IR VEIKLOS NUTRAUKIMO TVARKA<\/strong><\/summary><ol><li>Sprendimus steigti \u012estaigos filialus ir atstovybes, nutraukti, j\u0173 veikl\u0105 priima, taip pat filial\u0173 ir atstovybi\u0173 nuostatus tvirtina \u012estaigos vadovas.<br><\/li><\/ol><\/details><\/li><li><details><summary><strong>DOKUMENT\u0172 IR KITOS INFORMACIJOS APIE \u012eSTAIGOS VEIKL\u0104 PATEIKIMO DALININKAMS TVARKA<\/strong><\/summary><ol><li>Dalininko ra\u0161ti\u0161ku reikalavimu ne v\u0117liau kaip per 7 dienas nuo reikalavimo gavimo dienos \u012estaigos dokumentai dalininkui pateikiami susipa\u017einti \u012estaigos darbo valandomis \u012estaigos vadovo nurodytoje vietoje, kurioje dokumentai yra saugomi. \u0160i\u0173 dokument\u0173 kopijos dalininkui gali b\u016bti siun\u010diamos registruotu lai\u0161ku adresu, kur\u012f dalininkas nurod\u0119s \u012estaigai, arba \u012fteikiamos pasira\u0161ytinai ar elektronini\u0173 ry\u0161i\u0173 priemon\u0117mis.<\/li><li>\u012estaigos dokumentai, j\u0173 kopijos ar kita informacija dalininkams pateikiama neatlygintinai.<br><\/li><\/ol><\/details><\/li><li><details><summary><strong>PRANE\u0160IM\u0172 IR SKELBIM\u0172 PASKELBIMO TVARKA<\/strong><\/summary><ol><li>Kai \u012estaigos prane\u0161imai turi b\u016bti paskelbti vie\u0161ai, jie skelbiami V\u012e Registr\u0173 centro leid\u017eiamame elektroniniame leidinyje \u201eJuridini\u0173 asmen\u0173 vie\u0161i prane\u0161imai\u201c.<\/li><li>Kiti \u012estaigos prane\u0161imai dalininkams ir kitiems asmenims siun\u010diami registruotu lai\u0161ku arba \u012fteikiami pasira\u0161ytinai ar elektronini\u0173 ry\u0161i\u0173 priemon\u0117mis. Kai prane\u0161imai dalininkui siun\u010diami registruotu lai\u0161ku, jie siun\u010diami adresu, kur\u012f dalininkas nurod\u0119s \u012estaigai. Skub\u016bs prane\u0161imai gali b\u016bti perduoti elektronini\u0173 ry\u0161i\u0173 priemon\u0117mis, originalai t\u0105 pa\u010di\u0105 dien\u0105 i\u0161siun\u010diami adresatui registruotu lai\u0161ku ar \u012fteikiami pasira\u0161ytinai.<br><\/li><\/ol><\/details><\/li><li><details><summary><strong>INFORMACIJOS APIE \u012eSTAIGOS VEIKL\u0104 PATEIKIMO VISUOMENEI TVARKA<\/strong><\/summary><ol><li>\u012estaigos veiklos ataskaita, taip pat kita informacija, kuri pateikiama visuomenei ir kuri\u0105 nustato Susirinkimas, skelbiama \u012estaigos interneto svetain\u0117je <a href=\"https:\/\/vilniuschess.lt\/en\/\">www.vilniuschess.lt<\/a>.<br><\/li><\/ol><\/details><\/li><li><details><summary><strong>\u012eSTAT\u0172 KEITIMO TVARKA<\/strong><\/summary><ol><li>\u012estat\u0173 keitimo tvarka nesiskiria nuo nurodytosios Vie\u0161\u0173j\u0173 \u012fstaig\u0173 \u012fstatyme.<\/li><li>Paai\u0161k\u0117jus, kad \u012fstatuose yra nuostat\u0173, prie\u0161taraujan\u010di\u0173 Vie\u0161\u0173j\u0173 \u012fstaig\u0173 &nbsp;\u012fstatymui ar kitiems teis\u0117s aktams, \u012estaigos vadovas privalo \u0161aukti Susirinkim\u0105, kuriame privalo b\u016bti pakeisti \u012fstatai.<br><\/li><\/ol><\/details><\/li><li><details><summary><strong>BAIGIAMOSIOS NUOSTATOS<\/strong><\/summary><ol><li>\u0160ie \u012estatai \u012fsigalioja nuo j\u0173 \u012fregistravimo Juridini\u0173 asmen\u0173 registre dienos. \u012estatai sura\u0161yti lietuvi\u0173 kalba 3 (trimis) egzemplioriais.<\/li><\/ol><\/details><\/li><\/ol>\n\n\n\n<p>\u012estatai pasira\u0161yti 2023 m. sausio 27 d.<\/p>\n\n\n\n<p><em>Dalinink\u0173 susirinkimo \u012fgaliotas asmuo:<br>Andrius Paulauskas<\/em><\/p>\n\n\n\n<p><strong><a href=\"\/wp-content\/uploads\/2023\/03\/Istatai-Vilniaus-sachmatu-klubas-2023.pdf\" target=\"_blank\" rel=\"noreferrer noopener\" title=\"Oficial\u016bs nuostatai (2023-01-27; PDF)\">Oficial\u016bs nuostatai (2023-01-27; PDF)<\/a><\/strong><br><strong><a href=\"\/wp-content\/uploads\/2020\/12\/vsk-istatai.pdf\" target=\"_blank\" rel=\"noreferrer noopener\" title=\"Ankstesni nuostatai (2013-08-01; PDF)\">Ankstesni nuostatai (2013-08-01; PDF)<\/a><\/strong><\/p>","protected":false},"excerpt":{"rendered":"<p>Vilniaus \u0161achmat\u0173 klubo \u012fstat\u0173 redakcija, priimta 2023-01-27 dalinink\u0173 susirinkime ir patvirtinta V\u012e Registr\u0173 centras 2023-03-02 VILNIAUS \u0160ACHMAT\u0172 KLUBAS \u012eSTATAI BENDROSIOS NUOSTATOS Vilniaus \u0161achmat\u0173 klubas (toliau \u2013 \u012estaiga) yra savanori\u0161ka, savaranki\u0161ka vie\u0161oji \u012fstaiga, naryst\u0117s pagrindu vienijanti Lietuvos Respublikoje ar kitose \u0161alyse \u012fregistruotus fizinius ir juridinius asmenis, kultivuojan\u010dius, propaguojan\u010dius ar remian\u010dius \u0161achmat\u0173 sport\u0105. \u012estaiga yra ribotos civilin\u0117s<a class=\"more-link\" href=\"https:\/\/vilniuschess.lt\/en\/statute\/\">Continue reading <span class=\"screen-reader-text\">&#8222;\u012estatai&#8221;<\/span><\/a><\/p>","protected":false},"author":1,"featured_media":0,"parent":0,"menu_order":0,"comment_status":"closed","ping_status":"closed","template":"","meta":{"_mi_skip_tracking":false,"_monsterinsights_sitenote_active":false,"_monsterinsights_sitenote_note":"","_monsterinsights_sitenote_category":0,"_starter_page_template":"blank","_wpcom_template_layout_category":[],"footnotes":""},"class_list":["post-2753","page","type-page","status-publish","hentry","entry"],"aioseo_notices":[],"_links":{"self":[{"href":"https:\/\/vilniuschess.lt\/en\/wp-json\/wp\/v2\/pages\/2753"}],"collection":[{"href":"https:\/\/vilniuschess.lt\/en\/wp-json\/wp\/v2\/pages"}],"about":[{"href":"https:\/\/vilniuschess.lt\/en\/wp-json\/wp\/v2\/types\/page"}],"author":[{"embeddable":true,"href":"https:\/\/vilniuschess.lt\/en\/wp-json\/wp\/v2\/users\/1"}],"replies":[{"embeddable":true,"href":"https:\/\/vilniuschess.lt\/en\/wp-json\/wp\/v2\/comments?post=2753"}],"version-history":[{"count":6,"href":"https:\/\/vilniuschess.lt\/en\/wp-json\/wp\/v2\/pages\/2753\/revisions"}],"predecessor-version":[{"id":2771,"href":"https:\/\/vilniuschess.lt\/en\/wp-json\/wp\/v2\/pages\/2753\/revisions\/2771"}],"wp:attachment":[{"href":"https:\/\/vilniuschess.lt\/en\/wp-json\/wp\/v2\/media?parent=2753"}],"curies":[{"name":"wp","href":"https:\/\/api.w.org\/{rel}","templated":true}]}}