{"id":2734,"date":"2023-03-21T12:47:06","date_gmt":"2023-03-21T12:47:06","guid":{"rendered":"https:\/\/vilniuschess.lt\/?page_id=2734"},"modified":"2025-10-30T11:39:34","modified_gmt":"2025-10-30T11:39:34","slug":"sachmatu-variacijos","status":"publish","type":"page","link":"https:\/\/vilniuschess.lt\/en\/sachmatu-variacijos\/","title":{"rendered":"Chess Variations"},"content":{"rendered":"<h3 class=\"wp-block-heading\">Fi\u0161erio \u0161achmatai-960<\/h3>\n\n\n\n<p>Partijos prad\u017eioje \u017eaid\u0117j\u0173 fig\u016br\u0173 i\u0161d\u0117stymas pirmoje gulstin\u0117je yra atsitiktinis, ta\u010diau vienodas abiems \u017eaid\u0117jams. Taisykl\u0117s \u0161i\u0173 pozicij\u0173 generavimui \u2013 rikiai turi stov\u0117ti ant skirtingos spalvos lauk\u0173, o bok\u0161tai karaliui turi b\u016bti i\u0161 abiej\u0173 pusi\u0173 (per bet kiek langeli\u0173). Toki\u0173 pozicij\u0173 yra 960.<\/p>\n\n\n\n<p>Pozicija kiekvienam ratui generuojama tinklalapyje (pvz., <a href=\"https:\/\/www.chess960.wtf\/\">chess960.wtf<\/a>) prie\u0161 ratui prasidedant, visos rato partijos \u017eaid\u017eiamos nuo sugeneruotos pozicijos. Jei atsitiktinai sugeneruota standartin\u0117 \u0161achmat\u0173 pozicija (#518), ji generuojama pakartotinai.<\/p>\n\n\n\n<p>Rokiruot\u0117 yra galima laikantis \u0161achmat\u0173 taisykli\u0173 jai \u2013 tarp karaliaus ir rokiruot\u0117je dalyvaujan\u010dio bok\u0161to negali b\u016bti kit\u0173 fig\u016br\u0173, \u0161ios fig\u016bros negali b\u016bti vaik\u0161\u010diojusios per partij\u0105, negalima rokiruot\u0117s daryti esant \u0161achui ar karaliumi eiti per puolam\u0105 laukel\u012f.<\/p>\n\n\n\n<p>Po rokiruot\u0117s, nepriklausomai nuo startin\u0117s pozicijos, var\u017eovo karalius ir bok\u0161tas atsiduria atitinkamai ant c ir d linij\u0173 (0-0-0) arba ant g ir f linij\u0173 (0-0), priklausomai nuo to, kurioje pus\u0117je nuo karaliaus yra rokiruot\u0117je dalyvaujantis bok\u0161tas.<\/p>\n\n\n\n<p>Var\u017eybos vykdomos pagal \u0161achmat\u0173-960 taisykles, pateiktas <a href=\"https:\/\/handbook.fide.com\/chapter\/E012018\" target=\"_blank\" rel=\"noreferrer noopener\" title=\"FIDE Handbook\">FIDE Handbook<\/a>  (Guidelines II. Chess960 Rules).<\/p>\n\n\n\n<h3 class=\"wp-block-heading\">Hand&amp;Brain<\/h3>\n\n\n\n<p>Komand\u0105 sudaro du \u017eaid\u0117jai \u2013 <strong>ranka<\/strong> ir <strong>smegenys<\/strong>.<br><br><strong>Smegenys<\/strong> nurodo, kokia fig\u016bra turi daryti \u0117jim\u0105 (pvz., \u201e\u017eirgas\u201c, \u201ebok\u0161tas\u201c).<br><strong>Ranka<\/strong> turi daryti \u0117jim\u0105 ta fig\u016bra, kuri\u0105 nurod\u0117 smegenys.<br><strong>Smegenys<\/strong> gali nurodyti tik fig\u016bros pavadinim\u0105, bet ne konkre\u010di\u0105 fig\u016br\u0105 (pvz. \u201ep\u0117stininkas\u201c, \u201e\u017eirgas\u201c, bet ne \u201ec p\u0117stininkas\u201c ar \u201e\u017eirgas i\u0161 b1\u201c). Konkret\u0173 \u0117jim\u0105 \u012fvardinti draud\u017eiama.<\/p>\n\n\n\n<ol class=\"wp-block-list\">\n<li>Kiekviename ma\u010de komanda pasirenka, kas bus ranka, o kas smegenys.<\/li>\n\n\n\n<li>Ranka negali daryti \u0117jimo savavali\u0161kai ar sufleruoti smegenims, kuri\u0105 fig\u016br\u0105 nurodyti.<\/li>\n\n\n\n<li>\u0116jim\u0105 smegenys turi pasakyti pakankamai ai\u0161kiai, kad gird\u0117t\u0173 tiek rankos, tiek var\u017eov\u0173 komanda. Jei su nurodyta fig\u016bra yra galim\u0173 \u0117jim\u0173, keisti savo pasirinkimo smegenys nebegali.<\/li>\n\n\n\n<li>Jei su nurodyta fig\u016bra n\u0117ra leistin\u0173 \u0117jim\u0173, smegenys gali nurodyti kit\u0105 \u0117jim\u0105, kai ranka informuoja smegenis, jog galim\u0173 \u0117jim\u0173 n\u0117ra.<\/li>\n\n\n\n<li>Rokiruot\u0117 laikoma karaliaus \u0117jimu. P\u0117stininko virsmas \u012f kit\u0105 fig\u016br\u0105 laikomas p\u0117stininko, o ne tos fig\u016bros \u0117jimu (pvz., jei balt\u0173j\u0173 p\u0117stininkas gali eiti \u012f b8 ir tapti valdove, tai b\u016bt\u0173 galima daryti tik pasakius \u201ep\u0117stininkas\u201c, bet ne \u201evaldov\u0117\u201c).<\/li>\n\n\n\n<li>D\u0117l pasidavimo ar lygi\u0173j\u0173 pasi\u016blymo galima tartis su komandos draugu, ta\u010diau \u0161iuos sprendimus priima smegenys.<\/li>\n\n\n\n<li>Partijos metu diskusijos apie pasirinkt\u0105 fig\u016br\u0105 ar padaryt\u0105 \u0117jim\u0105 tarp komandos nari\u0173 neleistinos.<\/li>\n\n\n\n<li>U\u017e negalim\u0105 \u0117jim\u0105 skiriama 1 minut\u0117s bauda komandai ir pirmas \u012fsp\u0117jimas. Antras \u012fsp\u0117jimas reik\u0161t\u0173 pralaim\u0117jim\u0105.<\/li>\n\n\n\n<li>U\u017e kit\u0173 punkt\u0173 pa\u017eeidimus sankcij\u0105 parenka teis\u0117jas (galimas \u012fsp\u0117jimas, laiko padidinimas var\u017eovams, laiko suma\u017einimas nusikaltusiai komandai ar tiesioginis pralaim\u0117jimas). \u012etariant piktnaud\u017eiavimo atvej\u012f pralaim\u0117jimas skiriamas i\u0161kart.<\/li>\n\n\n\n<li>Netiesiogin\u0117s u\u017euominos (pvz., fig\u016bros pavadinimo kartojimas nustatym\u0105 kiek\u012f kart\u0173, sufleravimas \u017evilgsniu, barbenimas \u012f stal\u0105 ir t. t.) taip pat draud\u017eiamos. \u012etariant sisteming\u0105 piktnaud\u017eiavim\u0105 jomis, komanda gali b\u016bti diskvalifikuojama.<\/li>\n\n\n\n<li>I\u0161kilus taisykl\u0117se neapibr\u0117\u017etam atvejui var\u017eyb\u0173 teis\u0117jas gali skirti nuobaud\u0105 u\u017e \u0161iose taisykl\u0117se nenumatytus pa\u017eeidimus.<\/li>\n<\/ol>\n\n\n\n<h3 class=\"wp-block-heading\">Bughouse (fantomas)<\/h3>\n\n\n\n<p>\u017daid\u017eiama du prie\u0161 du, komandoje vienam \u017eaid\u0117jui \u017eaid\u017eiant juodaisiais, o kitam \u2013 baltaisiais. Partneriui perduodamos nukirstos fig\u016bros, kurias \u0161is gali pastatyti ant savo lentos vietoj \u0117jimo.<\/p>\n\n\n\n<p>Var\u017eybos vykdomos pagal <a href=\"http:\/\/bughousechess.wz.cz\/CompleteBughouseChessRules.htm\" target=\"_blank\" rel=\"noreferrer noopener\" title=\"Czech Open Bughouse turnyr\u0173 taisykles\">Czech Open Bughouse turnyr\u0173 taisykles<\/a>.<br><br>Svarbiausi niuansai:<\/p>\n\n\n\n<ol class=\"wp-block-list\">\n<li>Partneriai gali bendrauti tarpusavyje, ta\u010diau negali fizi\u0161kai \u012ftakoti situacijos partnerio lentoje.<\/li>\n\n\n\n<li>Statyti fig\u016bras galima \u012f bet kok\u012f laukel\u012f, i\u0161skyrus p\u0117stininkus, kurie negali b\u016bti statomi \u012f pirm\u0105j\u0105 arba a\u0161tunt\u0105j\u0105 gulstin\u0119.<\/li>\n\n\n\n<li>Taisykl\u0117, jog paliesta fig\u016bra turi eiti, negalioja. \u0116jim\u0105 galima koreguoti iki laikrod\u017eio perspaudimo.<\/li>\n\n\n\n<li>Negalimas \u0117jimas yra pralaim\u0117jimas i\u0161 karto, ta\u010diau prane\u0161ti teis\u0117jui d\u0117l jo b\u016btina dar nepadarius savo \u0117jimo.<\/li>\n\n\n\n<li>\u017daid\u0117jai negali sl\u0117pti jiems perduot\u0173 fig\u016br\u0173 nuo var\u017eov\u0173. Jei \u017eaid\u0117jas pastato fig\u016br\u0105, kuri nebuvo pad\u0117ta matomoje vietoje, oponentas gali reikalauti, jog var\u017eovas daryt\u0173 kit\u0105 \u0117jim\u0105, o sl\u0117ptos fig\u016bros pastatyti tuo \u0117jimu nebegalima.<\/li>\n\n\n\n<li>Atlikti rokiruot\u0117s su pastatytu bok\u0161tu negalima.<\/li>\n<\/ol>\n\n\n\n<h3 class=\"wp-block-heading\">Kirstukas (Antichess)<\/h3>\n\n\n\n<p>Varianto tikslas \u2013 atiduoti savo fig\u016bras ar kitaip nebetur\u0117ti galim\u0173 \u0117jim\u0173. Kiekvienu \u0117jimu privalo b\u016bti atliktas kirtimas, i\u0161skyrus atvejus, kai \u0117jimo metu ne\u012fmanoma nukirsti jokios var\u017eovo fig\u016bros.<\/p>\n\n\n\n<p>Kitos taisykl\u0117s:<\/p>\n\n\n\n<ol class=\"wp-block-list\">\n<li>Karalius \u0161iame variante yra kertamas taip pat, kaip ir bet kokia kita fig\u016bra. \u017daidime n\u0117ra \u0161acho, mato ar pato taisykli\u0173.<\/li>\n\n\n\n<li>P\u0117stininkas, pasiek\u0119s paskutin\u0119 linij\u0105, gali virsti bet kokia kita fig\u016bra, \u012fskaitant karali\u0173.<\/li>\n\n\n\n<li>Rokiruot\u0117 n\u0117ra leid\u017eiama.<\/li>\n<\/ol>\n\n\n\n<h3 class=\"wp-block-heading\">Kauliuk\u0173 \u0161achmatai (Dice Chess)<\/h3>\n\n\n\n<div style=\"display: flex; align-items: center; justify-content: flex-start; gap: 20px; flex-wrap: wrap;\">\n  <figure class=\"wp-block-image size-large is-resized\" style=\"margin:0;\">\n    <img decoding=\"async\" src=\"https:\/\/chessonlineshop.com\/image\/cache\/catalog\/wurfel-800x600-1200x900.jpg\" \n         alt=\"Dice Chess\" \n         style=\"width:340px;height:auto;border-radius:8px;\"\/>\n  <\/figure>\n\n  <figure class=\"wp-block-image size-large is-resized\" style=\"margin:0; text-align:center;\">\n    <img decoding=\"async\" src=\"https:\/\/vilniuschess.lt\/wp-content\/uploads\/2025\/10\/image.png\" \n         alt=\"Martyno Limonto mokyklos QR kodas\" \n         style=\"width:200px;height:auto;border-radius:8px;\"\/>\n    <figcaption style=\"font-size:14px; color:#333; margin-top:5px;\">\n      \ud83c\udfb2 Nuskenuokite QR kod\u0105 ir atidarykite program\u0117l\u0119<br>kauliukui mesti prie\u0161 \u0117jim\u0105.\n    <\/figcaption>\n  <\/figure>\n<\/div>\n\n\n\n<p>Varianto tikslas \u2013 nukirsti var\u017eovo karali\u0173 (\u0161achas ir matas negalioja). \u017daid\u0117jas prie\u0161 savo \u0117jim\u0105 meta tris specialius kauliukus su nupie\u0161tomis \u0161achmat\u0173 fig\u016bromis (tikrus arba virtualius telefono program\u0117l\u0117je) ir privalo padaryti tris pasirinktus \u0117jimus, panaudodamas i\u0161ridentas fig\u016bras (tiek kart\u0173, kiek jos atsivert\u0117).<\/p>\n\n\n\n<p>Jei \u017eaid\u0117jas nebeturi i\u0161ried\u0117jusios fig\u016bros ar negali su ja eiti, tokiu atveju \u0117jim\u0173 \u017eaid\u0117jas atlieka ma\u017eiau.<\/p>\n\n\n\n<p>Kitos taisykl\u0117s:<\/p>\n\n\n\n<ol class=\"wp-block-list\">\n<li>\u017daid\u0117jas privalo padaryti maksimal\u0173 galim\u0105 \u0117jim\u0173 skai\u010di\u0173 pagal i\u0161ridentus kauliukus. <em>Pvz., jei pirmuoju \u0117jimu atsiver\u010dia p\u0117stininkas, rikis ir valdov\u0117, baltieji turi prad\u0117ti d arba e p\u0117stininkais ir negali u\u017eblokuoti kelio kitai fig\u016brai paeidami antru \u0117jimu pvz. Re2 arba Ve2.<\/em><\/li>\n\n\n\n<li>Jei taisykl\u0117s nr. 1 i\u0161pildymas yra galimas tik p\u0117stininkui virstant \u012f konkre\u010di\u0105 fig\u016br\u0105 pasiekus paskutin\u0119 gulstin\u0119, b\u016btina t\u0105 fig\u016br\u0105 ir pastatyti.<\/li>\n\n\n\n<li>Rokiruot\u0117 yra laikoma bok\u0161to ir karaliaus \u0117jimu ir galima atlikti tik tada, jei i\u0161ried\u0117j\u0119 abiej\u0173 \u0161i\u0173 fig\u016br\u0173 kauliukai.<\/li>\n<\/ol>\n\n\n\n<h3 class=\"wp-block-heading\">Duck Chess<\/h3>\n\n\n\n<p>Varianto tikslas \u2013 nukirsti var\u017eovo karali\u0173 (\u0161achas ir matas negalioja).<\/p>\n\n\n\n<p>Kiekvieno \u017eaid\u0117jo \u0117jimas susideda i\u0161 dviej\u0173 etap\u0173: pirmiausia padaromas pats \u0117jimas, o tada j\u012f atlik\u0119s \u017eaid\u0117jas ant bet kurio laisvo langelio padeda \u201eant\u012f\u201c. Jos negalima nukirsti bei per \u0161\u012f laukel\u012f negali eiti jokia fig\u016bra (i\u0161skyrus \u017eirg\u0105, kuris gali j\u0105 per\u0161okti).<\/p>\n\n\n\n<p>Atsakom\u0105j\u012f \u0117jim\u0105 atlik\u0119s \u017eaid\u0117jas \u0161i\u0105 \u201eant\u012f\u201c perkelia \u012f bet kok\u012f kit\u0105 savo pasirinkt\u0105 langel\u012f.<\/p>\n\n\n\n<figure class=\"wp-block-image size-large is-resized\"><img decoding=\"async\" src=\"https:\/\/chesscom-5ca9a84d703d.intercom-attachments-1.com\/i\/o\/889958275\/f62ca339b33e335609132877\/file-byfwQX7aZk.png?expires=1729239300&amp;signature=e365291da1f907775ccaaeae7067d6fc9a63e6e63c36b679be8648fcd8c1da86&amp;req=fCguH8x2n4ZaFb4f3HP0gLd4e8FL5F%2F0yUdNDt7wuzwGLBgUu2h3D7NtCYTr%0AdTpnoJvUdtor8zFt5Q%3D%3D%0A\" alt=\"\" style=\"width:423px;height:auto\"\/><figcaption class=\"wp-element-caption\">\u0160iame pavyzdyje \u201eantis\u201c stovi ant e5 lauko, tod\u0117l pvz. rikis negali kirsti valdov\u0117s ant c7.<\/figcaption><\/figure>\n\n\n\n<p>Papildoma taisykl\u0117: pato atveju pergal\u0117 skiriama u\u017epatuotam \u017eaid\u0117jui.<\/p>","protected":false},"excerpt":{"rendered":"<p>Fi\u0161erio \u0161achmatai-960 Partijos prad\u017eioje \u017eaid\u0117j\u0173 fig\u016br\u0173 i\u0161d\u0117stymas pirmoje gulstin\u0117je yra atsitiktinis, ta\u010diau vienodas abiems \u017eaid\u0117jams. Taisykl\u0117s \u0161i\u0173 pozicij\u0173 generavimui \u2013 rikiai turi stov\u0117ti ant skirtingos spalvos lauk\u0173, o bok\u0161tai karaliui turi b\u016bti i\u0161 abiej\u0173 pusi\u0173 (per bet kiek langeli\u0173). Toki\u0173 pozicij\u0173 yra 960. Pozicija kiekvienam ratui generuojama tinklalapyje (pvz., chess960.wtf) prie\u0161 ratui prasidedant, visos rato<a class=\"more-link\" href=\"https:\/\/vilniuschess.lt\/en\/sachmatu-variacijos\/\">Continue reading <span class=\"screen-reader-text\">&#8222;\u0160achmat\u0173 variacijos&#8221;<\/span><\/a><\/p>","protected":false},"author":1,"featured_media":0,"parent":0,"menu_order":0,"comment_status":"closed","ping_status":"closed","template":"","meta":{"_mi_skip_tracking":false,"_monsterinsights_sitenote_active":false,"_monsterinsights_sitenote_note":"","_monsterinsights_sitenote_category":0,"_starter_page_template":"blank","_wpcom_template_layout_category":[],"footnotes":""},"class_list":["post-2734","page","type-page","status-publish","hentry","entry"],"aioseo_notices":[],"_links":{"self":[{"href":"https:\/\/vilniuschess.lt\/en\/wp-json\/wp\/v2\/pages\/2734"}],"collection":[{"href":"https:\/\/vilniuschess.lt\/en\/wp-json\/wp\/v2\/pages"}],"about":[{"href":"https:\/\/vilniuschess.lt\/en\/wp-json\/wp\/v2\/types\/page"}],"author":[{"embeddable":true,"href":"https:\/\/vilniuschess.lt\/en\/wp-json\/wp\/v2\/users\/1"}],"replies":[{"embeddable":true,"href":"https:\/\/vilniuschess.lt\/en\/wp-json\/wp\/v2\/comments?post=2734"}],"version-history":[{"count":10,"href":"https:\/\/vilniuschess.lt\/en\/wp-json\/wp\/v2\/pages\/2734\/revisions"}],"predecessor-version":[{"id":4659,"href":"https:\/\/vilniuschess.lt\/en\/wp-json\/wp\/v2\/pages\/2734\/revisions\/4659"}],"wp:attachment":[{"href":"https:\/\/vilniuschess.lt\/en\/wp-json\/wp\/v2\/media?parent=2734"}],"curies":[{"name":"wp","href":"https:\/\/api.w.org\/{rel}","templated":true}]}}