{"id":2271,"date":"2022-12-21T13:27:07","date_gmt":"2022-12-21T13:27:07","guid":{"rendered":"https:\/\/vilniuschess.lt\/?page_id=2271"},"modified":"2023-01-01T20:56:15","modified_gmt":"2023-01-01T20:56:15","slug":"list-of-members","status":"publish","type":"page","link":"https:\/\/vilniuschess.lt\/en\/list-of-members\/","title":{"rendered":"List of VCC members"},"content":{"rendered":"<p><strong>Nariai 2023 metams:<\/strong><\/p>\n\n\n\n<figure class=\"wp-block-table\"><table><tbody>\n<tr><th>No.<\/th><th>Member<\/th><th>Since<\/th><\/tr>\n<tr><td>1.<\/td><td>Kazimieras Jocius<\/td><td>lifetime member<\/td><\/tr>\n<tr><td>2.<\/td><td>Stanislav Gerasimovi\u010d<\/td><td>lifetime member<\/td><\/tr>\n<tr><td>3. <\/td><td>Darius Matonis<\/td><td>lifetime member<\/td><\/tr>\n<tr><td>4.<\/td><td>Andrius Paulauskas<\/td><td>2022-12-21<\/td><\/tr>\n<tr><td>5.<\/td><td>Jevgenij Volosatov<\/td><td>2022-12-21<\/td><\/tr>\n<tr><td>6.<\/td><td>Aurimas \u0160imeli\u016bnas<\/td><td>2022-12-21<\/td><\/tr>\n<tr><td>7.<\/td><td>Dovydas Au\u0161kalnis<\/td><td>2022-12-21<\/td><\/tr>\n<tr><td>8.<\/td><td>Kipras Eigminas<\/td><td>2022-12-21<\/td><\/tr>\n<tr><td>9.<\/td><td>Romualdas Tutinas<\/td><td>2022-12-21<\/td><\/tr>\n<tr><td>10.<\/td><td>Donatas \u0160imk\u016bnas<\/td><td>2022-12-22<\/td><\/tr>\n<tr><td>11.<\/td><td>Justas Rup\u0161ys<\/td><td>2022-12-22<\/td><\/tr>\n<tr><td>12.<\/td><td>Gediminas Ribinskas<\/td><td>2022-12-25<\/td><\/tr>\n<tr><td>13.<\/td><td>Vaclovas Paulikas<\/td><td>2022-12-27<\/td><\/tr>\n<tr><td>14.<\/td><td>Daniel Achonen<\/td><td>2022-12-27<\/td><\/tr>\n<tr><td>15.<\/td><td>Andrius \u017dvirblis<\/td><td>2022-12-27<\/td><\/tr>\n<tr><td>16.<\/td><td>Ar\u016bnas Gurevi\u010dius<\/td><td>2022-12-27<\/td><\/tr>\n<tr><td>17.<\/td><td>Gediminas Sevruk<\/td><td>2022-12-27<\/td><\/tr>\n<tr><td>18.<\/td><td>Filipe Boucinha<\/td><td>2022-12-28<\/td><\/tr>\n<tr><td>19.<\/td><td>Aleksandras \u0160alna<\/td><td>2022-12-28<\/td><\/tr>\n<tr><td>20.<\/td><td>Algimantas Undz\u0117nas<\/td><td>2022-12-29<\/td><\/tr>\n<tr><td>21.<\/td><td>Edvinas Ma\u010diulaitis<\/td><td>2022-12-30<\/td><\/tr>\n<\/tbody><\/table><\/figure>\n\n\n\n<p><\/p>","protected":false},"excerpt":{"rendered":"<p>Nariai 2023 metams: Nr. Narys Nuo 1. Kazimieras Jocius narys visam gyvenimui 2. Stanislav Gerasimovi\u010d narys visam gyvenimui 3. Darius Matonis narys visam gyvenimui 4. Andrius Paulauskas 2022-12-21 5. Jevgenij Volosatov 2022-12-21 6. Aurimas \u0160imeli\u016bnas 2022-12-21 7. Dovydas Au\u0161kalnis 2022-12-21 8. Kipras Eigminas 2022-12-21 9. Romualdas Tutinas 2022-12-21 10. Donatas \u0160imk\u016bnas 2022-12-22 11. Justas Rup\u0161ys<a class=\"more-link\" href=\"https:\/\/vilniuschess.lt\/en\/list-of-members\/\">Continue reading <span class=\"screen-reader-text\">&#8222;Klubo nari\u0173 s\u0105ra\u0161as&#8221;<\/span><\/a><\/p>","protected":false},"author":1,"featured_media":0,"parent":0,"menu_order":0,"comment_status":"closed","ping_status":"closed","template":"member-list.php","meta":{"_mi_skip_tracking":false,"_monsterinsights_sitenote_active":false,"_monsterinsights_sitenote_note":"","_monsterinsights_sitenote_category":0,"_starter_page_template":"blank","_wpcom_template_layout_category":[],"footnotes":""},"class_list":["post-2271","page","type-page","status-publish","hentry","entry"],"aioseo_notices":[],"_links":{"self":[{"href":"https:\/\/vilniuschess.lt\/en\/wp-json\/wp\/v2\/pages\/2271"}],"collection":[{"href":"https:\/\/vilniuschess.lt\/en\/wp-json\/wp\/v2\/pages"}],"about":[{"href":"https:\/\/vilniuschess.lt\/en\/wp-json\/wp\/v2\/types\/page"}],"author":[{"embeddable":true,"href":"https:\/\/vilniuschess.lt\/en\/wp-json\/wp\/v2\/users\/1"}],"replies":[{"embeddable":true,"href":"https:\/\/vilniuschess.lt\/en\/wp-json\/wp\/v2\/comments?post=2271"}],"version-history":[{"count":13,"href":"https:\/\/vilniuschess.lt\/en\/wp-json\/wp\/v2\/pages\/2271\/revisions"}],"predecessor-version":[{"id":4590,"href":"https:\/\/vilniuschess.lt\/en\/wp-json\/wp\/v2\/pages\/2271\/revisions\/4590"}],"wp:attachment":[{"href":"https:\/\/vilniuschess.lt\/en\/wp-json\/wp\/v2\/media?parent=2271"}],"curies":[{"name":"wp","href":"https:\/\/api.w.org\/{rel}","templated":true}]}}