{"id":2269,"date":"2022-12-21T13:23:47","date_gmt":"2022-12-21T13:23:47","guid":{"rendered":"https:\/\/vilniuschess.lt\/?page_id=2269"},"modified":"2025-12-07T11:26:57","modified_gmt":"2025-12-07T11:26:57","slug":"membership","status":"publish","type":"page","link":"https:\/\/vilniuschess.lt\/en\/membership\/","title":{"rendered":"Club Membership"},"content":{"rendered":"<p class=\"has-primary-color has-text-color has-medium-font-size\"><strong>Skelbiame apie Vilniaus \u0161achmat\u0173&nbsp;<a href=\"https:\/\/vilniuschess.lt\/en\/membership\/\">klubo naryst\u0117s<\/a>&nbsp;pasi\u016blym\u0105 2026 metams!<\/strong><\/p>\n\n\n\n<p>Naryst\u0117 galioja nuo 2026-01-01 iki 2026-12-31.<\/p>\n\n\n<div class=\"wp-block-image\">\n<figure class=\"aligncenter size-full\"><img loading=\"lazy\" decoding=\"async\" width=\"535\" height=\"338\" src=\"https:\/\/vilniuschess.lt\/wp-content\/uploads\/2025\/12\/VSK2026_front.jpg\" alt=\"\" class=\"wp-image-4720\" srcset=\"https:\/\/vilniuschess.lt\/wp-content\/uploads\/2025\/12\/VSK2026_front.jpg 535w, https:\/\/vilniuschess.lt\/wp-content\/uploads\/2025\/12\/VSK2026_front-300x190.jpg 300w, https:\/\/vilniuschess.lt\/wp-content\/uploads\/2025\/12\/VSK2026_front-18x12.jpg 18w\" sizes=\"(max-width: 535px) 100vw, 535px\" \/><\/figure><\/div>\n\n\n<hr class=\"wp-block-separator has-alpha-channel-opacity\"\/>\n\n\n\n<h3 class=\"wp-block-heading\"><strong>Standartin\u0117 naryst\u0117<\/strong><\/h3>\n\n\n\n<p>Kaina 2026-iesiems metams \u2013&nbsp;<strong>70 Eur<\/strong>.<\/p>\n\n\n\n<p><strong>Nuolaida \u0161eimoms:<\/strong>&nbsp;antrajam \u0161eimos nariui kaina \u2013&nbsp;<strong>50 Eur<\/strong>for third and others it is&nbsp;<strong>40 Eur<\/strong>.<\/p>\n\n\n\n<p><strong>Member benefits:<\/strong><\/p>\n\n\n\n<ul class=\"wp-block-list\">\n<li>participation on Weekly Blitz tournaments&nbsp;<strong>is free<\/strong>;<\/li>\n\n\n\n<li>entry fee discounts (up to 50%) in other club tournaments (exc. Stars &amp; Stripes)<\/li>\n\n\n\n<li>availability to particpate in member-only tournaments;<\/li>\n\n\n\n<li>papildomi prizai turnyruose klubo \u017eaid\u0117j\u0173 \u012fskaitoje;<\/li>\n\n\n\n<li>V\u0160K nario kortel\u0117.<\/li>\n<\/ul>\n\n\n\n<hr class=\"wp-block-separator has-alpha-channel-opacity\"\/>\n\n\n\n<h3 class=\"wp-block-heading\"><strong>Auksin\u0117 naryst\u0117<\/strong><\/h3>\n\n\n\n<p>Kaina 2026-iesiems metams \u2013&nbsp;<strong>200 Eur<\/strong>.<\/p>\n\n\n\n<p><strong>Nuolaida \u0161eimoms:<\/strong>&nbsp;antrajam ir kitiems \u0161eimos nariams kaina \u2013&nbsp;<strong>150 Eur<\/strong>.<\/p>\n\n\n\n<p><strong>Auksini\u0173 klubo nari\u0173 naudos:<\/strong><\/p>\n\n\n\n<ul class=\"wp-block-list\">\n<li><strong>VISI 2026 m. Vilniaus \u0161achmat\u0173 klubo organizuojami renginiai nemokami<\/strong>&nbsp;<em>(galioja renginiams, kuriuose V\u0160K yra&nbsp;<strong>pagrindiniai<\/strong>&nbsp;organizatoriai)<\/em><\/li>\n\n\n\n<li>Visos standartin\u0117s naryst\u0117s naudos<\/li>\n<\/ul>\n\n\n\n<hr class=\"wp-block-separator has-alpha-channel-opacity\"\/>\n\n\n\n<h3 class=\"wp-block-heading\"><strong>\u012esigijimas<\/strong><\/h3>\n\n\n\n<p><strong>Ways to buy the membership:<\/strong><\/p>\n\n\n\n<ul class=\"wp-block-list\">\n<li>pervedant atitinkam\u0105 sum\u0105 \u012f Vilniaus \u0161achmat\u0173 klubo s\u0105skait\u0105:\n<ul class=\"wp-block-list\">\n<li><strong>Account details<\/strong>:<br>Vilniaus \u0161achmat\u0173 klubas, V\u0161\u012e<br><strong>LT67 7044 0600 0791 4577<br><\/strong>AB SEB Bankas<\/li>\n\n\n\n<li>if you do not plan to receive the card in live tournaments, please contact e-mail&nbsp;<a href=\"mailto:info@vilniuschess.lt\">info@vilniuschess.lt<\/a><\/li>\n<\/ul>\n<\/li>\n\n\n\n<li>with cash during weekly tournaments in U\u017eupis Cafe (a receipt is provided)<\/li>\n<\/ul>\n\n\n\n<p class=\"has-primary-color has-text-color has-medium-font-size\"><strong><a href=\"https:\/\/vilniuschess.lt\/en\/list-of-members\/\" target=\"_blank\" rel=\"noreferrer noopener\">List of VCC members<\/a><\/strong><\/p>\n\n\n<div class=\"wp-block-image\">\n<figure class=\"aligncenter size-full is-resized\"><img loading=\"lazy\" decoding=\"async\" width=\"535\" height=\"338\" src=\"https:\/\/vilniuschess.lt\/wp-content\/uploads\/2025\/12\/VSK2026_back.jpg\" alt=\"\" class=\"wp-image-4721\" style=\"object-fit:cover;width:600px;height:380px\" srcset=\"https:\/\/vilniuschess.lt\/wp-content\/uploads\/2025\/12\/VSK2026_back.jpg 535w, https:\/\/vilniuschess.lt\/wp-content\/uploads\/2025\/12\/VSK2026_back-300x190.jpg 300w, https:\/\/vilniuschess.lt\/wp-content\/uploads\/2025\/12\/VSK2026_back-18x12.jpg 18w\" sizes=\"(max-width: 535px) 100vw, 535px\" \/><figcaption class=\"wp-element-caption\">On membership card back there will be a chess problem to solve, we encourage exchanging these with other members<\/figcaption><\/figure><\/div>","protected":false},"excerpt":{"rendered":"<p>Skelbiame apie Vilniaus \u0161achmat\u0173&nbsp;klubo naryst\u0117s&nbsp;pasi\u016blym\u0105 2026 metams! Naryst\u0117 galioja nuo 2026-01-01 iki 2026-12-31. Standartin\u0117 naryst\u0117 Kaina 2026-iesiems metams \u2013&nbsp;70 Eur. Nuolaida \u0161eimoms:&nbsp;antrajam \u0161eimos nariui kaina \u2013&nbsp;50 Eur, tre\u010diajam ir kitiems \u2013 po&nbsp;40 Eur. Klubo nari\u0173 naudos: Auksin\u0117 naryst\u0117 Kaina 2026-iesiems metams \u2013&nbsp;200 Eur. Nuolaida \u0161eimoms:&nbsp;antrajam ir kitiems \u0161eimos nariams kaina \u2013&nbsp;150 Eur. Auksini\u0173 klubo nari\u0173<a class=\"more-link\" href=\"https:\/\/vilniuschess.lt\/en\/membership\/\">Continue reading <span class=\"screen-reader-text\">&#8222;Klubo naryst\u0117&#8221;<\/span><\/a><\/p>","protected":false},"author":1,"featured_media":4102,"parent":0,"menu_order":0,"comment_status":"closed","ping_status":"closed","template":"","meta":{"_mi_skip_tracking":false,"_monsterinsights_sitenote_active":false,"_monsterinsights_sitenote_note":"","_monsterinsights_sitenote_category":0,"_starter_page_template":"blank","_wpcom_template_layout_category":[],"footnotes":""},"class_list":["post-2269","page","type-page","status-publish","has-post-thumbnail","hentry","entry"],"aioseo_notices":[],"_links":{"self":[{"href":"https:\/\/vilniuschess.lt\/en\/wp-json\/wp\/v2\/pages\/2269"}],"collection":[{"href":"https:\/\/vilniuschess.lt\/en\/wp-json\/wp\/v2\/pages"}],"about":[{"href":"https:\/\/vilniuschess.lt\/en\/wp-json\/wp\/v2\/types\/page"}],"author":[{"embeddable":true,"href":"https:\/\/vilniuschess.lt\/en\/wp-json\/wp\/v2\/users\/1"}],"replies":[{"embeddable":true,"href":"https:\/\/vilniuschess.lt\/en\/wp-json\/wp\/v2\/comments?post=2269"}],"version-history":[{"count":28,"href":"https:\/\/vilniuschess.lt\/en\/wp-json\/wp\/v2\/pages\/2269\/revisions"}],"predecessor-version":[{"id":4730,"href":"https:\/\/vilniuschess.lt\/en\/wp-json\/wp\/v2\/pages\/2269\/revisions\/4730"}],"wp:featuredmedia":[{"embeddable":true,"href":"https:\/\/vilniuschess.lt\/en\/wp-json\/wp\/v2\/media\/4102"}],"wp:attachment":[{"href":"https:\/\/vilniuschess.lt\/en\/wp-json\/wp\/v2\/media?parent=2269"}],"curies":[{"name":"wp","href":"https:\/\/api.w.org\/{rel}","templated":true}]}}