{"id":1422,"date":"2022-05-31T08:42:13","date_gmt":"2022-05-31T08:42:13","guid":{"rendered":"https:\/\/vilniuschess.lt\/?page_id=1422"},"modified":"2025-09-22T12:07:04","modified_gmt":"2025-09-22T12:07:04","slug":"pamokos-ukrainos-vaikams","status":"publish","type":"page","link":"https:\/\/vilniuschess.lt\/en\/pamokos-ukrainos-vaikams\/","title":{"rendered":"Lessons for Ukrainians"},"content":{"rendered":"<h2 class=\"wp-block-heading has-primary-color has-text-color\">RENGINYS V\u0116L VYKSTA \/ \u0423\u0420\u041e\u041a\u0418 \u0417\u041d\u041e\u0412\u0423 \u041f\u0420\u041e\u0412\u041e\u0414\u042f\u0422\u042c\u0421\u042f<\/h2>\n\n\n\n<hr class=\"wp-block-separator has-alpha-channel-opacity\"\/>\n\n\n\n<p><strong>\ud83c\uddfa\ud83c\udde6<\/strong> <strong>\u0423\u043a\u0440\u0430\u0457\u043d\u0441\u044c\u043a\u0438\u0439 \u0446\u0435\u043d\u0442\u0440<\/strong> <strong>&#8211; Ukrainos centras<\/strong> (VDU \u0160vietimo akademija T.\u0160ev\u010denkos g. 31, Vilnius) \u0437\u0430\u043f\u0440\u043e\u0448\u0443\u0454 \u043d\u0430 \u0449\u043e\u0442\u0438\u0436\u043d\u0435\u0432\u0456 \u0437\u0430\u043d\u044f\u0442\u0442\u044f \u0437 \u0448\u0430\u0445\u0456\u0432 \u0434\u043b\u044f \u0443\u043a\u0440\u0430\u0457\u043d\u0446\u0456\u0432 \u0434\u0456\u0442\u0435\u0439 \u0432\u0456\u043a\u043e\u043c \u0432\u0456\u0434 7 \u0440\u043e\u043a\u0456\u0432. \u0427\u0430\u0441: <strong>\u043f&#8217;\u044f\u0442\u043d\u0438\u0446\u044f \u043e\u0431  16:30<\/strong>, \u043c\u0456\u0441\u0446\u0435 \u043f\u0440\u043e\u0432\u0435\u0434\u0435\u043d\u043d\u044f \u2013 410 \u0430\u0443\u0434.<\/p>\n\n\n\n<p>\u0417\u0430\u043d\u044f\u0442\u0442\u044f \u043f\u0440\u043e\u0432\u043e\u0434\u0438\u0442\u044c \u0448\u0430\u0445\u0456\u0441\u0442\u043a\u0430 <strong>\u042f\u0440\u0438\u043d\u0430 \u041e\u0436\u0430\u0439\u0441\u044c\u043a\u0430<\/strong>. \u041b\u0430\u0441\u043a\u0430\u0432\u043e \u043f\u0440\u043e\u0441\u0438\u043c\u043e \u043f\u0440\u0438\u0454\u0434\u043d\u0430\u0442\u0438\u0441\u044f!<\/p>\n\n\n\n<p>\u0420\u0435\u0454\u0441\u0442\u0440\u0430\u0446\u0456\u044f:&nbsp;<a href=\"https:\/\/forms.gle\/CHWf6eBuArkjAKdz8?fbclid=IwZXh0bgNhZW0CMTAAAR2_KBvMcd0KZ-h4Igxh5JeZnn-fS5wc5O1RUXL1mZSFiZfo5I3L9Zwypkc_aem_c88UKJiuZhHWnnF0XA4sPw\" target=\"_blank\" rel=\"noreferrer noopener\">https:\/\/forms.gle\/CHWf6eBuArkjAKdz8<\/a><\/p>\n\n\n\n<p>\u0411\u0456\u043b\u044c\u0448\u0435 \u0456\u043d\u0444\u043e\u0440\u043c\u0430\u0446\u0456\u0457 &#8211; <strong><a href=\"https:\/\/www.facebook.com\/ukrainos.centras\/posts\/pfbid02mXbF6Tb2oJjP18WMME2ieiWLkf2WWHZuJpbEsQJ9ivbQ3T5J9K1w3vNfWYDKviKxl\" target=\"_blank\" rel=\"noopener\" title=\"Facebook\">Facebook<\/a><\/strong>.<\/p>\n\n\n<div class=\"wp-block-image\">\n<figure class=\"aligncenter size-large\"><img loading=\"lazy\" decoding=\"async\" width=\"600\" height=\"600\" src=\"https:\/\/vilniuschess.lt\/wp-content\/uploads\/2025\/03\/ukr-600x600.png\" alt=\"\" class=\"wp-image-4224\" srcset=\"https:\/\/vilniuschess.lt\/wp-content\/uploads\/2025\/03\/ukr-600x600.png 600w, https:\/\/vilniuschess.lt\/wp-content\/uploads\/2025\/03\/ukr-300x300.png 300w, https:\/\/vilniuschess.lt\/wp-content\/uploads\/2025\/03\/ukr-150x150.png 150w, https:\/\/vilniuschess.lt\/wp-content\/uploads\/2025\/03\/ukr-768x768.png 768w, https:\/\/vilniuschess.lt\/wp-content\/uploads\/2025\/03\/ukr-1536x1536.png 1536w, https:\/\/vilniuschess.lt\/wp-content\/uploads\/2025\/03\/ukr-12x12.png 12w, https:\/\/vilniuschess.lt\/wp-content\/uploads\/2025\/03\/ukr-1200x1200.png 1200w, https:\/\/vilniuschess.lt\/wp-content\/uploads\/2025\/03\/ukr-800x800.png 800w, https:\/\/vilniuschess.lt\/wp-content\/uploads\/2025\/03\/ukr-400x400.png 400w, https:\/\/vilniuschess.lt\/wp-content\/uploads\/2025\/03\/ukr-200x200.png 200w, https:\/\/vilniuschess.lt\/wp-content\/uploads\/2025\/03\/ukr-1568x1568.png 1568w, https:\/\/vilniuschess.lt\/wp-content\/uploads\/2025\/03\/ukr.png 2048w\" sizes=\"(max-width: 600px) 100vw, 600px\" \/><\/figure><\/div>\n\n\n<p>\ud83c\uddf1\ud83c\uddf9 <strong>Ukrainian Center<\/strong> (VDU \u0160vietimo akademija T.\u0160ev\u010denkos g. 31, Vilnius) kvie\u010dia \u012f savaitines \u0161achmat\u0173 pamokas ukrainie\u010diams vaikams nuo 7 met\u0173. Laikas: <strong>penktadienis 16:30<\/strong>, vieta \u2013 410 auditorija.<\/p>\n\n\n\n<p>Pamokas veda \u0161achmatinink\u0117 <strong>Yaryna Ozhaiska<\/strong>. Kvie\u010diame prisijungti!<\/p>\n\n\n\n<p>Registracija:&nbsp;<a href=\"https:\/\/forms.gle\/CHWf6eBuArkjAKdz8?fbclid=IwZXh0bgNhZW0CMTAAAR2_KBvMcd0KZ-h4Igxh5JeZnn-fS5wc5O1RUXL1mZSFiZfo5I3L9Zwypkc_aem_c88UKJiuZhHWnnF0XA4sPw\" target=\"_blank\" rel=\"noreferrer noopener\">https:\/\/forms.gle\/CHWf6eBuArkjAKdz8<\/a><\/p>\n\n\n\n<p>More info on <strong><a href=\"https:\/\/www.facebook.com\/ukrainos.centras\/posts\/pfbid02mXbF6Tb2oJjP18WMME2ieiWLkf2WWHZuJpbEsQJ9ivbQ3T5J9K1w3vNfWYDKviKxl\" title=\"Facebook\">Facebook<\/a><\/strong>.<\/p>","protected":false},"excerpt":{"rendered":"<p>RENGINYS V\u0116L VYKSTA \/ \u0423\u0420\u041e\u041a\u0418 \u0417\u041d\u041e\u0412\u0423 \u041f\u0420\u041e\u0412\u041e\u0414\u042f\u0422\u042c\u0421\u042f \ud83c\uddfa\ud83c\udde6 \u0423\u043a\u0440\u0430\u0457\u043d\u0441\u044c\u043a\u0438\u0439 \u0446\u0435\u043d\u0442\u0440 &#8211; Ukrainos centras (VDU \u0160vietimo akademija T.\u0160ev\u010denkos g. 31, Vilnius) \u0437\u0430\u043f\u0440\u043e\u0448\u0443\u0454 \u043d\u0430 \u0449\u043e\u0442\u0438\u0436\u043d\u0435\u0432\u0456 \u0437\u0430\u043d\u044f\u0442\u0442\u044f \u0437 \u0448\u0430\u0445\u0456\u0432 \u0434\u043b\u044f \u0443\u043a\u0440\u0430\u0457\u043d\u0446\u0456\u0432 \u0434\u0456\u0442\u0435\u0439 \u0432\u0456\u043a\u043e\u043c \u0432\u0456\u0434 7 \u0440\u043e\u043a\u0456\u0432. \u0427\u0430\u0441: \u043f&#8217;\u044f\u0442\u043d\u0438\u0446\u044f \u043e\u0431 16:30, \u043c\u0456\u0441\u0446\u0435 \u043f\u0440\u043e\u0432\u0435\u0434\u0435\u043d\u043d\u044f \u2013 410 \u0430\u0443\u0434. \u0417\u0430\u043d\u044f\u0442\u0442\u044f \u043f\u0440\u043e\u0432\u043e\u0434\u0438\u0442\u044c \u0448\u0430\u0445\u0456\u0441\u0442\u043a\u0430 \u042f\u0440\u0438\u043d\u0430 \u041e\u0436\u0430\u0439\u0441\u044c\u043a\u0430. \u041b\u0430\u0441\u043a\u0430\u0432\u043e \u043f\u0440\u043e\u0441\u0438\u043c\u043e \u043f\u0440\u0438\u0454\u0434\u043d\u0430\u0442\u0438\u0441\u044f! \u0420\u0435\u0454\u0441\u0442\u0440\u0430\u0446\u0456\u044f:&nbsp;https:\/\/forms.gle\/CHWf6eBuArkjAKdz8 \u0411\u0456\u043b\u044c\u0448\u0435 \u0456\u043d\u0444\u043e\u0440\u043c\u0430\u0446\u0456\u0457 &#8211; Facebook.<a class=\"more-link\" href=\"https:\/\/vilniuschess.lt\/en\/pamokos-ukrainos-vaikams\/\">Continue reading <span class=\"screen-reader-text\">&#8222;Pamokos ukrainie\u010diams \/ \u0423\u0440\u043e\u043a\u0438 \u0434\u043b\u044f \u0443\u043a\u0440\u0430\u0457\u043d\u0441\u044c\u043a\u043e\u0433\u043e \u043d\u0430\u0440\u043e\u0434\u0443&#8221;<\/span><\/a><\/p>","protected":false},"author":1,"featured_media":0,"parent":0,"menu_order":0,"comment_status":"closed","ping_status":"closed","template":"","meta":{"_mi_skip_tracking":false,"_monsterinsights_sitenote_active":false,"_monsterinsights_sitenote_note":"","_monsterinsights_sitenote_category":0,"_starter_page_template":"blank","_wpcom_template_layout_category":[],"footnotes":""},"class_list":["post-1422","page","type-page","status-publish","hentry","entry"],"aioseo_notices":[],"_links":{"self":[{"href":"https:\/\/vilniuschess.lt\/en\/wp-json\/wp\/v2\/pages\/1422"}],"collection":[{"href":"https:\/\/vilniuschess.lt\/en\/wp-json\/wp\/v2\/pages"}],"about":[{"href":"https:\/\/vilniuschess.lt\/en\/wp-json\/wp\/v2\/types\/page"}],"author":[{"embeddable":true,"href":"https:\/\/vilniuschess.lt\/en\/wp-json\/wp\/v2\/users\/1"}],"replies":[{"embeddable":true,"href":"https:\/\/vilniuschess.lt\/en\/wp-json\/wp\/v2\/comments?post=1422"}],"version-history":[{"count":13,"href":"https:\/\/vilniuschess.lt\/en\/wp-json\/wp\/v2\/pages\/1422\/revisions"}],"predecessor-version":[{"id":4584,"href":"https:\/\/vilniuschess.lt\/en\/wp-json\/wp\/v2\/pages\/1422\/revisions\/4584"}],"wp:attachment":[{"href":"https:\/\/vilniuschess.lt\/en\/wp-json\/wp\/v2\/media?parent=1422"}],"curies":[{"name":"wp","href":"https:\/\/api.w.org\/{rel}","templated":true}]}}